{"id":4063,"date":"2023-10-10T16:34:23","date_gmt":"2023-10-10T14:34:23","guid":{"rendered":"https:\/\/www.lou-broustaricq.com\/muchos-servicios-propuesta-camping-lou-broustaricq\/"},"modified":"2025-09-25T11:36:25","modified_gmt":"2025-09-25T09:36:25","slug":"muchos-servicios-propuesta-camping-lou-broustaricq","status":"publish","type":"page","link":"https:\/\/www.lou-broustaricq.com\/es\/muchos-servicios-propuesta-camping-lou-broustaricq\/","title":{"rendered":"Servicios"},"content":{"rendered":"\n<div class=\"is-layout-flow wp-block-group alignfull diaporama-header L-00\">\n<figure class=\"is-layout-flex wp-block-gallery-1 wp-block-gallery has-nested-images columns-default is-cropped fc-auto\">\n<figure class=\"wp-block-image size-full fc-auto\"><img decoding=\"async\" width=\"1920\" height=\"1280\" src=\"https:\/\/www.lou-broustaricq.com\/wp-content\/uploads\/2023\/10\/activites-160.jpg\" alt=\"\" class=\"wp-image-3347\" srcset=\"https:\/\/www.lou-broustaricq.com\/wp-content\/uploads\/2023\/10\/activites-160.jpg 1920w, https:\/\/www.lou-broustaricq.com\/wp-content\/uploads\/2023\/10\/activites-160-300x200.jpg 300w, https:\/\/www.lou-broustaricq.com\/wp-content\/uploads\/2023\/10\/activites-160-1024x683.jpg 1024w, https:\/\/www.lou-broustaricq.com\/wp-content\/uploads\/2023\/10\/activites-160-768x512.jpg 768w, https:\/\/www.lou-broustaricq.com\/wp-content\/uploads\/2023\/10\/activites-160-1536x1024.jpg 1536w\" sizes=\"(max-width: 1920px) 100vw, 1920px\" title=\"\"><\/figure>\n<\/figure>\n<\/div>\n\n\n\n<div class=\"is-layout-constrained wp-block-group\">\n<h1 class=\"has-text-align-center has-bleu-color has-text-color\">Servicios 4 estrellas <span class=\"fc-span\">en nuestro camping de las Landas<\/span><\/h1>\n\n\n\n<p class=\"has-text-align-center\">El <strong>camping de 4 estrellas de las Landas<\/strong> es el lugar ideal para unas <strong>vacaciones en familia<\/strong>. El camping ofrece una amplia gama de<strong> servicios e instalaciones<\/strong> para ni\u00f1os y adultos.<\/p>\n\n\n\n<div class=\"wp-block-fc-gut-lire-plus fc-desk\"><p class=\"has-text-align-center btn-lire-plus\">Seguir leyendo<\/p>\n<p class=\"has-text-align-center\">El camping dispone de un <a href=\"https:\/\/www.lou-broustaricq.com\/es\/espace-bien-etre\/\" data-type=\"page\" data-id=\"1046\">spa<\/a> de <strong>bienestar<\/strong> para mimarle y relajarle.<\/p>\n\n\n\n<p class=\"has-text-align-center\">Otras ventajas, como el acceso a la lavander\u00eda, le permitir\u00e1n disfrutar de unas vacaciones completas con toda tranquilidad.<\/p>\n\n\n\n<h2 class=\"has-text-align-center h4\">\u00a1Mant\u00e9ngase conectado desde nuestro camping en el Lac de Sanguinet!<\/h2>\n\n\n\n<p class=\"has-text-align-center\">Hay <strong>WiFi<\/strong> en todo el <strong>camping Lou Broustaricq.<\/strong> <strong>Hay<\/strong> WiFi en la recepci\u00f3n, el bar, la piscina y las <strong>parcelas<\/strong>. WIFI es de pago y hay varios paquetes disponibles.<\/p>\n\n\n\n<h2 class=\"has-text-align-center h3\">Nuestros servicios en el camping au Lac de Sanguinet<\/h2>\n\n\n\n<p class=\"has-text-align-center\">Disfrute de una <strong>partida amistosa de billar o futbol\u00edn<\/strong>. Tambi\u00e9n puede <strong>alquilar bicicletas<\/strong> para disfrutar al m\u00e1ximo del lago de Sanguinet. <\/p>\n\n\n\n<p class=\"has-text-align-center\">El camping Lou Broustaricq es un destino ideal para unas vacaciones en familia, en pareja o con amigos. Hay <a href=\"https:\/\/www.lou-broustaricq.com\/es\/actividades\/\" data-type=\"page\" data-id=\"1075\">actividades<\/a> para <strong>todas las edades y gustos<\/strong>, desde accesorios de construcci\u00f3n para los m\u00e1s peque\u00f1os hasta <strong>paseos en kayak<\/strong> por el lago para los adolescentes, pasando por <strong>torneos deportivos<\/strong> (petanca, carreras de trineos, etc.) para los m\u00e1s mayores. <\/p>\n<\/div>\n\n\n\n<ul class=\"pictos\">\n<li><span class=\"fc-icon utensils-light\"><\/span>  Catering<\/li>\n\n\n\n<li><span class=\"fc-icon cart-shopping-light\"><\/span>  Tienda de comestibles<\/li>\n\n\n\n<li><span class=\"fc-icon spa-light\"><\/span>  Bienestar<\/li>\n\n\n\n<li><span class=\"fc-icon plus-light\"><\/span>  Wifi, Sala de juegos &#8230;<\/li>\n<\/ul>\n<\/div>\n\n\n\n<div class=\"is-layout-flex wp-container-12 wp-block-columns reverse-mob L-10 has-marron-clair-background-color has-background\">\n<div class=\"is-layout-flow wp-block-column\">\n<figure class=\"is-layout-flex wp-block-gallery-5 wp-block-gallery has-nested-images columns-default is-cropped fc-diapo fc-full\">\n<figure class=\"wp-block-image size-full fc-auto\"><img decoding=\"async\" width=\"1280\" height=\"1600\" src=\"https:\/\/www.lou-broustaricq.com\/wp-content\/uploads\/2023\/10\/service-23.jpg\" alt=\"\" class=\"wp-image-3698\" srcset=\"https:\/\/www.lou-broustaricq.com\/wp-content\/uploads\/2023\/10\/service-23.jpg 1280w, https:\/\/www.lou-broustaricq.com\/wp-content\/uploads\/2023\/10\/service-23-240x300.jpg 240w, https:\/\/www.lou-broustaricq.com\/wp-content\/uploads\/2023\/10\/service-23-819x1024.jpg 819w, https:\/\/www.lou-broustaricq.com\/wp-content\/uploads\/2023\/10\/service-23-768x960.jpg 768w, https:\/\/www.lou-broustaricq.com\/wp-content\/uploads\/2023\/10\/service-23-1229x1536.jpg 1229w\" sizes=\"(max-width: 1280px) 100vw, 1280px\" title=\"\"><\/figure>\n\n\n\n<figure class=\"wp-block-image size-full fc-auto\"><img decoding=\"async\" width=\"800\" height=\"1000\" src=\"https:\/\/www.lou-broustaricq.com\/wp-content\/uploads\/2023\/10\/services-123.jpg\" alt=\"\" class=\"wp-image-3399\" srcset=\"https:\/\/www.lou-broustaricq.com\/wp-content\/uploads\/2023\/10\/services-123.jpg 800w, https:\/\/www.lou-broustaricq.com\/wp-content\/uploads\/2023\/10\/services-123-240x300.jpg 240w, https:\/\/www.lou-broustaricq.com\/wp-content\/uploads\/2023\/10\/services-123-768x960.jpg 768w\" sizes=\"(max-width: 800px) 100vw, 800px\" title=\"\"><\/figure>\n\n\n\n<figure class=\"wp-block-image size-full fc-auto\"><img decoding=\"async\" width=\"800\" height=\"1000\" src=\"https:\/\/www.lou-broustaricq.com\/wp-content\/uploads\/2023\/10\/service-79.jpg\" alt=\"\" class=\"wp-image-3391\" srcset=\"https:\/\/www.lou-broustaricq.com\/wp-content\/uploads\/2023\/10\/service-79.jpg 800w, https:\/\/www.lou-broustaricq.com\/wp-content\/uploads\/2023\/10\/service-79-240x300.jpg 240w, https:\/\/www.lou-broustaricq.com\/wp-content\/uploads\/2023\/10\/service-79-768x960.jpg 768w\" sizes=\"(max-width: 800px) 100vw, 800px\" title=\"\"><\/figure>\n\n\n\n<figure class=\"wp-block-image size-full fc-auto\"><img decoding=\"async\" width=\"800\" height=\"1000\" src=\"https:\/\/www.lou-broustaricq.com\/wp-content\/uploads\/2023\/10\/services-88.jpg\" alt=\"\" class=\"wp-image-3415\" srcset=\"https:\/\/www.lou-broustaricq.com\/wp-content\/uploads\/2023\/10\/services-88.jpg 800w, https:\/\/www.lou-broustaricq.com\/wp-content\/uploads\/2023\/10\/services-88-240x300.jpg 240w, https:\/\/www.lou-broustaricq.com\/wp-content\/uploads\/2023\/10\/services-88-768x960.jpg 768w\" sizes=\"(max-width: 800px) 100vw, 800px\" title=\"\"><\/figure>\n<\/figure>\n<\/div>\n\n\n\n<div class=\"is-layout-flow wp-block-column col-texte\">\n<p class=\"h2 has-marron-color has-text-color\">Restaurantes y bar<\/p>\n\n\n\n<div class=\"is-layout-constrained wp-block-group\">\n<h3 class=\"h4\"><span class=\"fc-icon utensils-light\"><\/span>  Restaurante<\/h3>\n\n\n\n<p>El <strong>restaurante <\/strong>abrir\u00e1 paulatinamente a partir de las vacaciones de abril, y despu\u00e9s completamente a partir del 04 de julio.<br>El restaurante dispone de una amplia terraza donde se puede disfrutar de un men\u00fa que se renueva cada a\u00f1o.<\/p>\n<\/div>\n\n\n\n<div class=\"is-layout-constrained wp-block-group\">\n<h3 class=\"h4\"><span class=\"fc-icon pizza-slice-light\"><\/span>  Merienda<\/h3>\n\n\n\n<p>El bar abre <em>del 04 de julio al 29 de agosto<\/em>.<br>Venga a probar nuestras pizzas, paninis, hamburguesas y otros bocadillos calientes.<\/p>\n<\/div>\n\n\n\n<div class=\"is-layout-constrained wp-block-group\">\n<h3 class=\"h4\"><span class=\"fc-icon whiskey-glass-ice-light\"><\/span>  Bar<\/h3>\n\n\n\n<p>El bar abre progresivamente a partir del 04 de abril y luego totalmente desde el 04 de julio para todos los actos sociales junto a la piscina.<\/p>\n<\/div>\n<\/div>\n<\/div>\n\n\n\n<div class=\"is-layout-flex wp-container-18 wp-block-columns L-10\">\n<div class=\"is-layout-flow wp-block-column col-texte has-blanc-background-color has-background\">\n<p class=\"h2 has-bleu-color has-text-color\">Sus productos in situ<\/p>\n\n\n\n<div class=\"is-layout-constrained wp-block-group\">\n<h3 class=\"h4\"><span class=\"fc-icon cart-shopping-light\"><\/span>  Tienda de comestibles<\/h3>\n\n\n\n<p>Aproveche nuestra tienda de comestibles para ayudarle en sus vacaciones en las Landas. Encontrar\u00e1s todo lo que necesitas para unas estupendas vacaciones en familia.<br>La <strong>tienda de comestibles <\/strong>abrir\u00e1 del 04 de julio al 29 de agosto.<\/p>\n\n\n\n<p>En temporada baja, hay una tienda de pan y bolleria disponible en el bar.<\/p>\n\n\n\n\r\n\t\t\t\t\t    <a href=\"https:\/\/www.lou-broustaricq.com\/wp-content\/uploads\/2023\/10\/epicerie-camping-LOU-BROUSTARICQ_compressed-1.pdf\" target=\"_blank\"><span class=\"fc-icon arrow-down-to-line-regular\"><\/span>Informaci\u00f3n y horarios<\/a>\r\n\t\t\t\r\n\t\t  \n\n\n\n<p><strong>Encontrar\u00e1s :<\/strong><\/p>\n\n\n\n<ul>\n<li>Panader\u00eda<\/li>\n\n\n\n<li>Pulse<\/li>\n\n\n\n<li>Frutas y hortalizas<\/li>\n\n\n\n<li>Recuerdos de la regi\u00f3n<\/li>\n\n\n\n<li>Productos frescos<\/li>\n\n\n\n<li>Vino<\/li>\n\n\n\n<li>etc. &#8230;<\/li>\n<\/ul>\n<\/div>\n<\/div>\n\n\n\n<div class=\"is-layout-flow wp-block-column\">\n<figure class=\"is-layout-flex wp-block-gallery-15 wp-block-gallery has-nested-images columns-default is-cropped fc-diapo fc-full\">\n<figure class=\"wp-block-image size-full fc-auto\"><img decoding=\"async\" width=\"1201\" height=\"800\" src=\"https:\/\/www.lou-broustaricq.com\/wp-content\/uploads\/2023\/10\/services-68-1.jpg\" alt=\"\" class=\"wp-image-3403\" srcset=\"https:\/\/www.lou-broustaricq.com\/wp-content\/uploads\/2023\/10\/services-68-1.jpg 1201w, https:\/\/www.lou-broustaricq.com\/wp-content\/uploads\/2023\/10\/services-68-1-300x200.jpg 300w, https:\/\/www.lou-broustaricq.com\/wp-content\/uploads\/2023\/10\/services-68-1-1024x682.jpg 1024w, https:\/\/www.lou-broustaricq.com\/wp-content\/uploads\/2023\/10\/services-68-1-768x512.jpg 768w\" sizes=\"(max-width: 1201px) 100vw, 1201px\" title=\"\"><\/figure>\n\n\n\n<figure class=\"wp-block-image size-full fc-auto\"><img decoding=\"async\" width=\"800\" height=\"1000\" src=\"https:\/\/www.lou-broustaricq.com\/wp-content\/uploads\/2023\/10\/67.jpg\" alt=\"\" class=\"wp-image-3411\" srcset=\"https:\/\/www.lou-broustaricq.com\/wp-content\/uploads\/2023\/10\/67.jpg 800w, https:\/\/www.lou-broustaricq.com\/wp-content\/uploads\/2023\/10\/67-240x300.jpg 240w, https:\/\/www.lou-broustaricq.com\/wp-content\/uploads\/2023\/10\/67-768x960.jpg 768w\" sizes=\"(max-width: 800px) 100vw, 800px\" title=\"\"><\/figure>\n\n\n\n<figure class=\"wp-block-image size-full fc-auto\"><img decoding=\"async\" width=\"1280\" height=\"853\" src=\"https:\/\/www.lou-broustaricq.com\/wp-content\/uploads\/2023\/10\/brioche-gbc9ea6ed9_1280.jpg\" alt=\"\" class=\"wp-image-3190\" srcset=\"https:\/\/www.lou-broustaricq.com\/wp-content\/uploads\/2023\/10\/brioche-gbc9ea6ed9_1280.jpg 1280w, https:\/\/www.lou-broustaricq.com\/wp-content\/uploads\/2023\/10\/brioche-gbc9ea6ed9_1280-300x200.jpg 300w, https:\/\/www.lou-broustaricq.com\/wp-content\/uploads\/2023\/10\/brioche-gbc9ea6ed9_1280-1024x682.jpg 1024w, https:\/\/www.lou-broustaricq.com\/wp-content\/uploads\/2023\/10\/brioche-gbc9ea6ed9_1280-768x512.jpg 768w\" sizes=\"(max-width: 1280px) 100vw, 1280px\" title=\"\"><\/figure>\n<\/figure>\n<\/div>\n<\/div>\n\n\n\n<div class=\"is-layout-flex wp-container-25 wp-block-columns reverse-mob L-10 has-bleu-fonce-background-color has-background\">\n<div class=\"is-layout-flow wp-block-column\">\n<figure class=\"is-layout-flex wp-block-gallery-19 wp-block-gallery has-nested-images columns-default is-cropped fc-diapo fc-full\">\n<figure class=\"wp-block-image size-large fc-auto\"><img decoding=\"async\" width=\"819\" height=\"1024\" src=\"https:\/\/www.lou-broustaricq.com\/wp-content\/uploads\/2023\/10\/spa-19-819x1024.jpg\" alt=\"\" class=\"wp-image-3529\" srcset=\"https:\/\/www.lou-broustaricq.com\/wp-content\/uploads\/2023\/10\/spa-19-819x1024.jpg 819w, https:\/\/www.lou-broustaricq.com\/wp-content\/uploads\/2023\/10\/spa-19-240x300.jpg 240w, https:\/\/www.lou-broustaricq.com\/wp-content\/uploads\/2023\/10\/spa-19-768x960.jpg 768w, https:\/\/www.lou-broustaricq.com\/wp-content\/uploads\/2023\/10\/spa-19.jpg 1024w\" sizes=\"(max-width: 819px) 100vw, 819px\" title=\"\"><\/figure>\n\n\n\n<figure class=\"wp-block-image size-large fc-auto\"><img decoding=\"async\" width=\"1024\" height=\"683\" src=\"https:\/\/www.lou-broustaricq.com\/wp-content\/uploads\/2023\/10\/spa-17-1024x683.jpg\" alt=\"\" class=\"wp-image-3524\" srcset=\"https:\/\/www.lou-broustaricq.com\/wp-content\/uploads\/2023\/10\/spa-17-1024x683.jpg 1024w, https:\/\/www.lou-broustaricq.com\/wp-content\/uploads\/2023\/10\/spa-17-300x200.jpg 300w, https:\/\/www.lou-broustaricq.com\/wp-content\/uploads\/2023\/10\/spa-17-768x512.jpg 768w, https:\/\/www.lou-broustaricq.com\/wp-content\/uploads\/2023\/10\/spa-17-1536x1024.jpg 1536w, https:\/\/www.lou-broustaricq.com\/wp-content\/uploads\/2023\/10\/spa-17.jpg 1920w\" sizes=\"(max-width: 1024px) 100vw, 1024px\" title=\"\"><\/figure>\n<\/figure>\n<\/div>\n\n\n\n<div class=\"is-layout-flow wp-block-column col-texte\">\n<p class=\"h2 has-marron-color has-text-color\">Programa de relajaci\u00f3n y cuidados<\/p>\n\n\n\n<div class=\"is-layout-constrained wp-block-group\">\n<h3 class=\"h4 has-blanc-color has-text-color\"><span class=\"fc-icon spa-light\"><\/span>  Spa y bienestar<\/h3>\n\n\n\n<p class=\"has-blanc-color has-text-color\">Disfrute del spa en un espacio de 100 m\u00b2 con<\/p>\n\n\n\n<ul class=\"has-blanc-color has-text-color\">\n<li>Masajes,<\/li>\n\n\n\n<li>Hammam, Sauna,<\/li>\n\n\n\n<li>Centro de Est\u00e9tica<\/li>\n<\/ul>\n<\/div>\n\n\n\n<div class=\"is-layout-flex wp-block-buttons\">\n<div class=\"wp-block-button\"><a class=\"wp-block-button__link wp-element-button\" href=\"https:\/\/www.lou-broustaricq.com\/es\/espace-bien-etre\/\">Descubra la zona de bienestar<\/a><\/div>\n<\/div>\n<\/div>\n<\/div>\n\n\n\n<div class=\"is-layout-flex wp-container-32 wp-block-columns L-10\">\n<div class=\"is-layout-flow wp-block-column col-texte has-blanc-background-color has-background\">\n<p class=\"h2 has-bleu-color has-text-color\">Una estancia confortable<\/p>\n\n\n\n<div class=\"is-layout-constrained wp-block-group\">\n<h3 class=\"h4\"><span class=\"fc-icon wifi-light\"><\/span>  Wifi<\/h3>\n\n\n\n<p>Hay <strong>WiFi<\/strong> en todo el <strong>camping Lou Broustaricq.<\/strong> <strong>Hay<\/strong> WiFi en la recepci\u00f3n, el bar, la piscina y las <strong>parcelas<\/strong>. Hay varios paquetes disponibles.<\/p>\n<\/div>\n\n\n\n<div class=\"is-layout-constrained wp-block-group\">\n<p class=\"h4\"><span class=\"fc-icon family-light\"><\/span>  Otros servicios<\/p>\n\n\n\n<ul>\n<li>Sala de juegos<\/li>\n\n\n\n<li>Alquiler de bicicletas<\/li>\n\n\n\n<li>Lavander\u00eda<\/li>\n<\/ul>\n<\/div>\n<\/div>\n\n\n\n<div class=\"is-layout-flow wp-block-column\">\n<figure class=\"is-layout-flex wp-block-gallery-29 wp-block-gallery has-nested-images columns-default is-cropped fc-diapo fc-full\">\n<figure class=\"wp-block-image size-large fc-auto\"><img decoding=\"async\" width=\"1024\" height=\"682\" src=\"https:\/\/www.lou-broustaricq.com\/wp-content\/uploads\/2023\/10\/animations-80-1024x682.jpg\" alt=\"\" class=\"wp-image-3507\" srcset=\"https:\/\/www.lou-broustaricq.com\/wp-content\/uploads\/2023\/10\/animations-80-1024x682.jpg 1024w, https:\/\/www.lou-broustaricq.com\/wp-content\/uploads\/2023\/10\/animations-80-300x200.jpg 300w, https:\/\/www.lou-broustaricq.com\/wp-content\/uploads\/2023\/10\/animations-80-768x512.jpg 768w, https:\/\/www.lou-broustaricq.com\/wp-content\/uploads\/2023\/10\/animations-80.jpg 1280w\" sizes=\"(max-width: 1024px) 100vw, 1024px\" title=\"\"><\/figure>\n\n\n\n<figure class=\"wp-block-image size-large fc-auto\"><img decoding=\"async\" width=\"800\" height=\"1000\" src=\"https:\/\/www.lou-broustaricq.com\/wp-content\/uploads\/2023\/10\/services-127.jpg\" alt=\"\" class=\"wp-image-3387\" srcset=\"https:\/\/www.lou-broustaricq.com\/wp-content\/uploads\/2023\/10\/services-127.jpg 800w, https:\/\/www.lou-broustaricq.com\/wp-content\/uploads\/2023\/10\/services-127-240x300.jpg 240w, https:\/\/www.lou-broustaricq.com\/wp-content\/uploads\/2023\/10\/services-127-768x960.jpg 768w\" sizes=\"(max-width: 800px) 100vw, 800px\" title=\"\"><\/figure>\n<\/figure>\n<\/div>\n<\/div>\n\n\n\n<div class=\"is-layout-flex wp-container-38 wp-block-columns reverse-mob L-10 has-marron-clair-background-color has-background\">\n<div class=\"is-layout-flow wp-block-column\">\n<figure class=\"is-layout-flex wp-block-gallery-33 wp-block-gallery has-nested-images columns-default is-cropped fc-diapo fc-full\">\n<figure class=\"wp-block-image size-full fc-auto\"><img decoding=\"async\" width=\"1080\" height=\"1350\" src=\"https:\/\/www.lou-broustaricq.com\/wp-content\/uploads\/2023\/10\/tourisme-164.jpg\" alt=\"\" class=\"wp-image-3365\" srcset=\"https:\/\/www.lou-broustaricq.com\/wp-content\/uploads\/2023\/10\/tourisme-164.jpg 1080w, https:\/\/www.lou-broustaricq.com\/wp-content\/uploads\/2023\/10\/tourisme-164-240x300.jpg 240w, https:\/\/www.lou-broustaricq.com\/wp-content\/uploads\/2023\/10\/tourisme-164-819x1024.jpg 819w, https:\/\/www.lou-broustaricq.com\/wp-content\/uploads\/2023\/10\/tourisme-164-768x960.jpg 768w\" sizes=\"(max-width: 1080px) 100vw, 1080px\" title=\"\"><\/figure>\n<\/figure>\n<\/div>\n\n\n\n<div class=\"is-layout-flow wp-block-column col-texte\">\n<h2 class=\"h2 has-marron-color has-text-color\">Descubrir las Landas<\/h2>\n\n\n\n<p>Adem\u00e1s de las numerosas instalaciones del camping para comer fuera, relajarse y disfrutar de unas magn\u00edficas vacaciones en familia, podr\u00e1 explorar la regi\u00f3n <strong>de las Landas<\/strong> y la <strong>costa atl\u00e1ntica<\/strong>.<\/p>\n\n\n\n<p>Los Moorlands ofrecen una gran variedad de paisajes para sus vacaciones en familia que har\u00e1n las delicias de ni\u00f1os y mayores.<\/p>\n\n\n\n<p>Pasee por la cima de la <strong>Dune du Pilat<\/strong>, la duna m\u00e1s alta de Europa. Descubra un magn\u00edfico paisaje entre la playa de arena fina, <strong>el oc\u00e9ano<\/strong> Atl\u00e1ntico y el inmenso bosque de Test.<\/p>\n\n\n\n<div class=\"wp-block-fc-gut-lire-plus fc-desk\"><p class=\"has-text-align-left btn-lire-plus\">Seguir leyendo<\/p>\n<p>Cerca del camping, disfrute del lago de Sanguinet y de sus actividades n\u00e1uticas. Se ofrecen <strong>numerosas actividades<\/strong>, como surf, paddle board, golf y un parque de ocio.<\/p>\n\n\n\n<p>Alquile una bicicleta en el camping y descubra la regi\u00f3n en bicicleta por la <strong>V\u00e9lodyss\u00e9e<\/strong>, la ruta que atraviesa las Landas. La regi\u00f3n ofrece una amplia gama de paseos a pie y a caballo.<\/p>\n\n\n\n<p>Entre <strong>los lagos <\/strong>de Sanguinet y Biscarrosse, <strong>el oc\u00e9ano <\/strong>y <strong>el interior de las Landas<\/strong>, descubra diferentes ambientes.<\/p>\n\n\n\n<ul>\n<li>Disfrute de las<strong> inmensas<\/strong> playas de arena fina de las Landas y de su clima suave.<\/li>\n<\/ul>\n\n\n\n<ul>\n<li>Bosques: Las Landas est\u00e1n cubiertas de<strong> pinares<\/strong>, ideales para practicar senderismo, bicicleta de monta\u00f1a y equitaci\u00f3n. Podr\u00e1 descubrir los <strong>\u00e1rboles milenarios<\/strong> y los animales salvajes de la regi\u00f3n.<\/li>\n\n\n\n<li>Parques naturales: Las Landas albergan parques naturales como el <strong>Parque Natural Regional de las Landas de Gascu\u00f1a <\/strong>y la <strong>reserva natural del lago de Sanguinet<\/strong>, donde podr\u00e1 observar la fauna y las aves locales. Hay senderos de descubrimiento y visitas guiadas disponibles.<\/li>\n\n\n\n<li>Gastronom\u00eda: Las Landas son famosas por su <strong>gastronom\u00eda<\/strong>, sobre todo mariscos, <strong>foie gras<\/strong> y magret, vinos, cervezas y licores.<\/li>\n<\/ul>\n<\/div>\n\n\n\n<div class=\"is-layout-flex wp-block-buttons\">\n<div class=\"wp-block-button fc-style-1\"><a class=\"wp-block-button__link wp-element-button\" href=\"https:\/\/www.lou-broustaricq.com\/es\/entre-foret-landes-locean-bassin-darcachon\/\">Descubra los alrededores<\/a><\/div>\n<\/div>\n<\/div>\n<\/div>\n","protected":false},"excerpt":{"rendered":"<p>Servicios 4 estrellas en nuestro camping de las Landas El camping de 4 estrellas de las Landas es el lugar ideal para unas vacaciones en familia. El camping ofrece una amplia gama de servicios e instalaciones para ni\u00f1os y adultos. Restaurantes y bar Restaurante El restaurante abrir\u00e1 paulatinamente a partir de las vacaciones de abril, [&hellip;]<\/p>\n","protected":false},"author":1,"featured_media":0,"parent":0,"menu_order":0,"comment_status":"closed","ping_status":"closed","template":"","meta":[],"acf":[],"_links":{"self":[{"href":"https:\/\/www.lou-broustaricq.com\/es\/wp-json\/wp\/v2\/pages\/4063"}],"collection":[{"href":"https:\/\/www.lou-broustaricq.com\/es\/wp-json\/wp\/v2\/pages"}],"about":[{"href":"https:\/\/www.lou-broustaricq.com\/es\/wp-json\/wp\/v2\/types\/page"}],"author":[{"embeddable":true,"href":"https:\/\/www.lou-broustaricq.com\/es\/wp-json\/wp\/v2\/users\/1"}],"replies":[{"embeddable":true,"href":"https:\/\/www.lou-broustaricq.com\/es\/wp-json\/wp\/v2\/comments?post=4063"}],"version-history":[{"count":6,"href":"https:\/\/www.lou-broustaricq.com\/es\/wp-json\/wp\/v2\/pages\/4063\/revisions"}],"predecessor-version":[{"id":4947,"href":"https:\/\/www.lou-broustaricq.com\/es\/wp-json\/wp\/v2\/pages\/4063\/revisions\/4947"}],"wp:attachment":[{"href":"https:\/\/www.lou-broustaricq.com\/es\/wp-json\/wp\/v2\/media?parent=4063"}],"curies":[{"name":"wp","href":"https:\/\/api.w.org\/{rel}","templated":true}]}}