{"id":4052,"date":"2023-10-11T14:20:11","date_gmt":"2023-10-11T12:20:11","guid":{"rendered":"https:\/\/www.lou-broustaricq.com\/camping-parc-aquatique-landes\/"},"modified":"2025-09-25T11:38:33","modified_gmt":"2025-09-25T09:38:33","slug":"camping-parc-aquatique-landes","status":"publish","type":"page","link":"https:\/\/www.lou-broustaricq.com\/es\/camping-parc-aquatique-landes\/","title":{"rendered":"Zona acu\u00e1tica"},"content":{"rendered":"\n<div class=\"is-layout-flow wp-block-group alignfull diaporama-header L-00\">\n<figure class=\"is-layout-flex wp-block-gallery-1 wp-block-gallery has-nested-images columns-default is-cropped fc-auto\">\n<figure class=\"wp-block-image size-full fc-auto\"><img decoding=\"async\" width=\"1920\" height=\"1280\" src=\"https:\/\/www.lou-broustaricq.com\/wp-content\/uploads\/2023\/10\/espace-aquatique-21.jpg\" alt=\"\" class=\"wp-image-3294\" srcset=\"https:\/\/www.lou-broustaricq.com\/wp-content\/uploads\/2023\/10\/espace-aquatique-21.jpg 1920w, https:\/\/www.lou-broustaricq.com\/wp-content\/uploads\/2023\/10\/espace-aquatique-21-300x200.jpg 300w, https:\/\/www.lou-broustaricq.com\/wp-content\/uploads\/2023\/10\/espace-aquatique-21-1024x683.jpg 1024w, https:\/\/www.lou-broustaricq.com\/wp-content\/uploads\/2023\/10\/espace-aquatique-21-768x512.jpg 768w, https:\/\/www.lou-broustaricq.com\/wp-content\/uploads\/2023\/10\/espace-aquatique-21-1536x1024.jpg 1536w\" sizes=\"(max-width: 1920px) 100vw, 1920px\" title=\"\"><\/figure>\n<\/figure>\n<\/div>\n\n\n\n<div class=\"is-layout-flex wp-container-9 wp-block-columns L-10\">\n<div class=\"is-layout-flow wp-block-column col-texte\">\n<p class=\"h1 has-bleu-color has-text-color\">Camping con piscina, tobog\u00e1n y spa<\/p>\n\n\n\n<h1 class=\"h4\">Camping en Lac de Sanguinet con piscinas<\/h1>\n\n\n\n<ul class=\"pictos\">\n<li><span class=\"fc-icon water-ladder-light\"><\/span>  Piscina cubierta  <br>y con calefacci\u00f3n<\/li>\n\n\n\n<li><span class=\"fc-icon person-sledding-light\"><\/span>  Parque acu\u00e1tico al aire libre con tobog\u00e1n<\/li>\n\n\n\n<li><span class=\"fc-icon water-light\"><\/span>  5 cuencas,<br>3 piscinas infantiles<\/li>\n\n\n\n<li><span class=\"fc-icon spa-light\"><\/span>  Zona de relax<br>y spa<\/li>\n<\/ul>\n\n\n\n<p>Descubra nuestro <strong>camping en Sanguinet con piscina<\/strong>. No hay nada mejor durante el verano que <strong>disfrutar del sol del Suroeste<\/strong> en nuestro parque acu\u00e1tico de las Landas. Es el lugar ideal para que todos los veraneantes <strong>se relajen<\/strong>.<\/p>\n\n\n\n<div class=\"wp-block-fc-gut-lire-plus fc-desk\"><p class=\"has-text-align-left btn-lire-plus\">Para saber m\u00e1s<\/p>\n<h2 class=\"h3\">Disfrute de nuestro camping en Sanguinet con piscina<\/h2>\n\n\n\n<p>Durante su estancia, aproveche al m\u00e1ximo nuestro camping <strong>de Sanguinet con piscina cubierta<\/strong> y parque acu\u00e1tico exterior climatizado. Los ni\u00f1os pueden pasarlo en grande con el <strong>tobog\u00e1n<\/strong>, los juegos acu\u00e1ticos y la nataci\u00f3n. Los m\u00e1s peque\u00f1os pueden iniciarse en los placeres del agua en la <strong>piscina infantil <\/strong>.<\/p>\n\n\n\n<p>Los padres pueden disfrutar de sus <strong>vacaciones <\/strong>en las tumbonas, relaj\u00e1ndose bajo el sol de las Landas a la sombra de las sombrillas, o en nuestro<strong> spa<\/strong> de <a href=\"https:\/\/www.lou-broustaricq.com\/es\/espace-bien-etre\/\" data-type=\"page\" data-id=\"1046\">bienestar<\/a><strong> en las Landas<\/strong>.<\/p>\n\n\n\n<p>Desde su <a href=\"https:\/\/www.lou-broustaricq.com\/es\/alojamiento\/\" data-type=\"page\" data-id=\"1040\"><strong>alquiler de mobil home Landes<\/strong><\/a> o de su parcela de camping a nuestro espacio acu\u00e1tico, s\u00f3lo hay un paso.<\/p>\n<\/div>\n\n\n\n<div class=\"is-layout-flex wp-block-buttons\">\n<div class=\"wp-block-button btn_resa\"><a class=\"wp-block-button__link wp-element-button\">Buscar unas vacaciones<\/a><\/div>\n<\/div>\n<\/div>\n\n\n\n<div class=\"is-layout-flow wp-block-column\">\n<figure class=\"is-layout-flex wp-block-gallery-6 wp-block-gallery has-nested-images columns-default is-cropped fc-diapo fc-full\">\n<figure class=\"wp-block-image size-full fc-auto\"><img decoding=\"async\" width=\"1024\" height=\"1280\" src=\"https:\/\/www.lou-broustaricq.com\/wp-content\/uploads\/2023\/10\/espace-aquatique-154.jpg\" alt=\"\" class=\"wp-image-3298\" srcset=\"https:\/\/www.lou-broustaricq.com\/wp-content\/uploads\/2023\/10\/espace-aquatique-154.jpg 1024w, https:\/\/www.lou-broustaricq.com\/wp-content\/uploads\/2023\/10\/espace-aquatique-154-240x300.jpg 240w, https:\/\/www.lou-broustaricq.com\/wp-content\/uploads\/2023\/10\/espace-aquatique-154-819x1024.jpg 819w, https:\/\/www.lou-broustaricq.com\/wp-content\/uploads\/2023\/10\/espace-aquatique-154-768x960.jpg 768w\" sizes=\"(max-width: 1024px) 100vw, 1024px\" title=\"\"><\/figure>\n\n\n\n<figure class=\"wp-block-image size-full fc-auto\"><img decoding=\"async\" width=\"1080\" height=\"1280\" src=\"https:\/\/www.lou-broustaricq.com\/wp-content\/uploads\/2023\/10\/IMG_59151-1.jpg\" alt=\"\" class=\"wp-image-2384\" srcset=\"https:\/\/www.lou-broustaricq.com\/wp-content\/uploads\/2023\/10\/IMG_59151-1.jpg 1080w, https:\/\/www.lou-broustaricq.com\/wp-content\/uploads\/2023\/10\/IMG_59151-1-253x300.jpg 253w, https:\/\/www.lou-broustaricq.com\/wp-content\/uploads\/2023\/10\/IMG_59151-1-864x1024.jpg 864w, https:\/\/www.lou-broustaricq.com\/wp-content\/uploads\/2023\/10\/IMG_59151-1-768x910.jpg 768w\" sizes=\"(max-width: 1080px) 100vw, 1080px\" title=\"\"><\/figure>\n\n\n\n<figure class=\"wp-block-image size-full fc-auto\"><img decoding=\"async\" width=\"1920\" height=\"2400\" src=\"https:\/\/www.lou-broustaricq.com\/wp-content\/uploads\/2023\/10\/espace-aquatique-48.jpg\" alt=\"\" class=\"wp-image-3302\" srcset=\"https:\/\/www.lou-broustaricq.com\/wp-content\/uploads\/2023\/10\/espace-aquatique-48.jpg 1920w, https:\/\/www.lou-broustaricq.com\/wp-content\/uploads\/2023\/10\/espace-aquatique-48-240x300.jpg 240w, https:\/\/www.lou-broustaricq.com\/wp-content\/uploads\/2023\/10\/espace-aquatique-48-819x1024.jpg 819w, https:\/\/www.lou-broustaricq.com\/wp-content\/uploads\/2023\/10\/espace-aquatique-48-768x960.jpg 768w, https:\/\/www.lou-broustaricq.com\/wp-content\/uploads\/2023\/10\/espace-aquatique-48-1229x1536.jpg 1229w, https:\/\/www.lou-broustaricq.com\/wp-content\/uploads\/2023\/10\/espace-aquatique-48-1638x2048.jpg 1638w\" sizes=\"(max-width: 1920px) 100vw, 1920px\" title=\"\"><\/figure>\n<\/figure>\n<\/div>\n<\/div>\n\n\n\n<div class=\"is-layout-flex wp-container-15 wp-block-columns reverse-mob L-10\">\n<div class=\"is-layout-flow wp-block-column\">\n<figure class=\"is-layout-flex wp-block-gallery-10 wp-block-gallery has-nested-images columns-default is-cropped fc-diapo fc-full\">\n<figure class=\"wp-block-image size-full fc-auto\"><img decoding=\"async\" width=\"1024\" height=\"1280\" src=\"https:\/\/www.lou-broustaricq.com\/wp-content\/uploads\/2023\/10\/espace-aquatique-74.jpg\" alt=\"\" class=\"wp-image-3307\" srcset=\"https:\/\/www.lou-broustaricq.com\/wp-content\/uploads\/2023\/10\/espace-aquatique-74.jpg 1024w, https:\/\/www.lou-broustaricq.com\/wp-content\/uploads\/2023\/10\/espace-aquatique-74-240x300.jpg 240w, https:\/\/www.lou-broustaricq.com\/wp-content\/uploads\/2023\/10\/espace-aquatique-74-819x1024.jpg 819w, https:\/\/www.lou-broustaricq.com\/wp-content\/uploads\/2023\/10\/espace-aquatique-74-768x960.jpg 768w\" sizes=\"(max-width: 1024px) 100vw, 1024px\" title=\"\"><\/figure>\n\n\n\n<figure class=\"wp-block-image size-full fc-auto\"><img decoding=\"async\" width=\"1024\" height=\"1280\" src=\"https:\/\/www.lou-broustaricq.com\/wp-content\/uploads\/2023\/10\/espace-aquatique-73.jpg\" alt=\"\" class=\"wp-image-3311\" srcset=\"https:\/\/www.lou-broustaricq.com\/wp-content\/uploads\/2023\/10\/espace-aquatique-73.jpg 1024w, https:\/\/www.lou-broustaricq.com\/wp-content\/uploads\/2023\/10\/espace-aquatique-73-240x300.jpg 240w, https:\/\/www.lou-broustaricq.com\/wp-content\/uploads\/2023\/10\/espace-aquatique-73-819x1024.jpg 819w, https:\/\/www.lou-broustaricq.com\/wp-content\/uploads\/2023\/10\/espace-aquatique-73-768x960.jpg 768w\" sizes=\"(max-width: 1024px) 100vw, 1024px\" title=\"\"><\/figure>\n\n\n\n<figure class=\"wp-block-image size-full fc-auto\"><img decoding=\"async\" width=\"1024\" height=\"1280\" src=\"https:\/\/www.lou-broustaricq.com\/wp-content\/uploads\/2023\/10\/espace-aquatique-71.jpg\" alt=\"\" class=\"wp-image-3315\" srcset=\"https:\/\/www.lou-broustaricq.com\/wp-content\/uploads\/2023\/10\/espace-aquatique-71.jpg 1024w, https:\/\/www.lou-broustaricq.com\/wp-content\/uploads\/2023\/10\/espace-aquatique-71-240x300.jpg 240w, https:\/\/www.lou-broustaricq.com\/wp-content\/uploads\/2023\/10\/espace-aquatique-71-819x1024.jpg 819w, https:\/\/www.lou-broustaricq.com\/wp-content\/uploads\/2023\/10\/espace-aquatique-71-768x960.jpg 768w\" sizes=\"(max-width: 1024px) 100vw, 1024px\" title=\"\"><\/figure>\n<\/figure>\n<\/div>\n\n\n\n<div class=\"is-layout-flow wp-block-column col-texte\">\n<p class=\"h2 has-marron-color has-text-color\">Parque acu\u00e1tico familiar<\/p>\n\n\n\n<h2 class=\"h4\">Camping con parque acu\u00e1tico en las Landas<\/h2>\n\n\n\n<p>\u00bfQuiere refrescarse? Sum\u00e9rjase en nuestra zona acu\u00e1tica con piscinas climatizadas cubiertas y al aire libre. El parque acu\u00e1tico abre todos los d\u00edas de primavera a oto\u00f1o.<\/p>\n\n\n\n<p>Juegos acu\u00e1ticos, nataci\u00f3n, toboganes y piscina infantil: \u00a1en nuestro camping del lago de Sanguinet con piscina, toda la familia tiene algo que hacer!<\/p>\n\n\n\n<p>Hay <strong>tumbonas<\/strong> a su disposici\u00f3n para relajarse <strong>junto al agua<\/strong>, mientras los m\u00e1s peque\u00f1os pueden darse un chapuz\u00f3n en la <strong>piscina infantil<\/strong> y <strong>disfrutar de los toboganes<\/strong>. Para relajarse a\u00fan m\u00e1s, nuestro <strong>jacuzzi<\/strong> exterior espera a los veraneantes.<\/p>\n\n\n\n<div class=\"is-layout-flex wp-block-buttons\">\n<div class=\"wp-block-button fc-style-1\"><a class=\"wp-block-button__link wp-element-button\" href=\"https:\/\/www.lou-broustaricq.com\/es\/galeria-de-fotos\/\">Ver la galer\u00eda de fotos<\/a><\/div>\n<\/div>\n<\/div>\n<\/div>\n\n\n\n<div class=\"is-layout-constrained wp-block-group L-20 has-bleu-fonce-background-color has-background\">\n<p class=\"has-text-align-center h2 has-marron-color has-text-color\">Calcule el ritmo de sus d\u00edas en el centro acu\u00e1tico<\/p>\n\n\n\n<figure class=\"is-layout-flex wp-block-gallery-16 wp-block-gallery has-nested-images columns-4 is-cropped fc-diapo-mob fc-auto\">\n<figure class=\"wp-block-image size-full fc-auto\"><img decoding=\"async\" width=\"696\" height=\"825\" src=\"https:\/\/www.lou-broustaricq.com\/wp-content\/uploads\/2023\/10\/Activites-pour-tous.jpg\" alt=\"\" class=\"wp-image-2388\" srcset=\"https:\/\/www.lou-broustaricq.com\/wp-content\/uploads\/2023\/10\/Activites-pour-tous.jpg 696w, https:\/\/www.lou-broustaricq.com\/wp-content\/uploads\/2023\/10\/Activites-pour-tous-253x300.jpg 253w\" sizes=\"(max-width: 696px) 100vw, 696px\" title=\"\"><figcaption class=\"wp-element-caption\">Juegos y<br>Entretenimiento<\/figcaption><\/figure>\n\n\n\n<figure class=\"wp-block-image size-full fc-auto\"><img decoding=\"async\" width=\"1024\" height=\"682\" src=\"https:\/\/www.lou-broustaricq.com\/wp-content\/uploads\/2023\/10\/espace-aquaituqe-76.jpg\" alt=\"\" class=\"wp-image-3330\" srcset=\"https:\/\/www.lou-broustaricq.com\/wp-content\/uploads\/2023\/10\/espace-aquaituqe-76.jpg 1024w, https:\/\/www.lou-broustaricq.com\/wp-content\/uploads\/2023\/10\/espace-aquaituqe-76-300x200.jpg 300w, https:\/\/www.lou-broustaricq.com\/wp-content\/uploads\/2023\/10\/espace-aquaituqe-76-768x512.jpg 768w\" sizes=\"(max-width: 1024px) 100vw, 1024px\" title=\"\"><figcaption class=\"wp-element-caption\">Actividades<br>Aquagym<\/figcaption><\/figure>\n\n\n\n<figure class=\"wp-block-image size-large fc-auto\"><img decoding=\"async\" width=\"1024\" height=\"683\" src=\"https:\/\/www.lou-broustaricq.com\/wp-content\/uploads\/2023\/10\/espace-aquatique-97-1024x683.jpg\" alt=\"\" class=\"wp-image-3322\" srcset=\"https:\/\/www.lou-broustaricq.com\/wp-content\/uploads\/2023\/10\/espace-aquatique-97-1024x683.jpg 1024w, https:\/\/www.lou-broustaricq.com\/wp-content\/uploads\/2023\/10\/espace-aquatique-97-300x200.jpg 300w, https:\/\/www.lou-broustaricq.com\/wp-content\/uploads\/2023\/10\/espace-aquatique-97-768x512.jpg 768w, https:\/\/www.lou-broustaricq.com\/wp-content\/uploads\/2023\/10\/espace-aquatique-97-1536x1024.jpg 1536w, https:\/\/www.lou-broustaricq.com\/wp-content\/uploads\/2023\/10\/espace-aquatique-97.jpg 1920w\" sizes=\"(max-width: 1024px) 100vw, 1024px\" title=\"\"><figcaption class=\"wp-element-caption\">Tardes<br>Nocturnos<\/figcaption><\/figure>\n<\/figure>\n\n\n\n<h2 class=\"has-text-align-center h3 has-blanc-color has-text-color\">Acceso a nuestro parque acu\u00e1tico de las Landas :<\/h2>\n\n\n\n<div class=\"is-layout-flex wp-container-20 wp-block-columns has-blanc-color has-text-color\">\n<div class=\"is-layout-flow wp-block-column\">\n<p class=\"h4 has-marron-color has-text-color\">Piscina cubierta climatizada :<\/p>\n\n\n\n<ul>\n<li>del 31\/03\/2025 al 12\/09\/2025<\/li>\n\n\n\n<li>Temporada baja: de <em>10.00 a 18.00 horas<\/em><\/li>\n\n\n\n<li>Temporada alta: de <em>10.00 a 20.00 horas<\/em><\/li>\n<\/ul>\n\n\n\n<p class=\"h4 has-marron-color has-text-color\">Parque acu\u00e1tico al aire libre con tobog\u00e1n:<\/p>\n\n\n\n<ul>\n<li>De finales de mayo a finales de septiembre<\/li>\n\n\n\n<li>Temporada baja: de <em>10.00 a 18.00 horas<\/em><\/li>\n\n\n\n<li>Temporada alta: de <em>10.00 a 20.00 horas<\/em><\/li>\n<\/ul>\n<\/div>\n\n\n\n<div class=\"is-layout-flow wp-block-column\">\n<p class=\"h4 has-marron-color has-text-color\">Algunos recordatorios<\/p>\n\n\n\n<ul>\n<li>Por respeto a todos, les pedimos que se <strong>duchen antes de <\/strong>entrar en las piscinas.<\/li>\n\n\n\n<li>S\u00f3lo se permite el uso<strong> de ba\u00f1adores de lycra<\/strong>. Los gorros de nataci\u00f3n no son obligatorios.<\/li>\n\n\n\n<li><strong>No se permite el<\/strong> uso de <em>ba\u00f1adores <\/em>y <em>burkini <\/em>en la zona de la piscina.<\/li>\n\n\n\n<li>Tambi\u00e9n le recordamos que <strong>las piscinas no est\u00e1n vigiladas<\/strong>. Los menores de 12 a\u00f1os no pueden entrar solos y deben ir acompa\u00f1ados de sus padres o de un adulto.<\/li>\n<\/ul>\n<\/div>\n<\/div>\n<\/div>\n\n\n\n<div class=\"is-layout-flex wp-container-27 wp-block-columns L-10\">\n<div class=\"is-layout-flow wp-block-column col-texte\">\n<p class=\"h2 has-bleu-color has-text-color\">Rel\u00e1jese en vacaciones<\/p>\n\n\n\n<h2 class=\"h4\">Zona de relajaci\u00f3n y spa en las Landas<\/h2>\n\n\n\n<p>Durante su estancia en el camping, aproveche al m\u00e1ximo nuestra zona de Spa y bienestar. En nuestro espacio de 100 m\u00b2, ofrecemos masajes relajantes, un hammam y una sauna, as\u00ed como una zona de belleza.<\/p>\n\n\n\n<p>Entre dos chapuzones en la piscina o a la vuelta de una excursi\u00f3n por las Landas, venga a relajarse y desconectar. Cuidar el cuerpo es tambi\u00e9n el objetivo de las vacaciones. Lejos del estr\u00e9s, podr\u00e1 dedicarse un momento a s\u00ed mismo en un entorno acogedor, tranquilo y rejuvenecedor. Ofrecemos cabinas d\u00fao para que pueda disfrutar de un masaje en pareja.<\/p>\n\n\n\n<div class=\"is-layout-flex wp-block-buttons\">\n<div class=\"wp-block-button\"><a class=\"wp-block-button__link wp-element-button\" href=\"https:\/\/www.lou-broustaricq.com\/es\/espace-bien-etre\/\">Descubra la zona de relajaci\u00f3n<\/a><\/div>\n<\/div>\n<\/div>\n\n\n\n<div class=\"is-layout-flow wp-block-column\">\n<figure class=\"is-layout-flex wp-block-gallery-24 wp-block-gallery has-nested-images columns-default is-cropped fc-diapo fc-full\">\n<figure class=\"wp-block-image size-full fc-auto\"><img decoding=\"async\" width=\"1080\" height=\"1280\" src=\"https:\/\/www.lou-broustaricq.com\/wp-content\/uploads\/2023\/10\/jpeg-optimizer_Coralie-Terree-0945.jpg\" alt=\"\" class=\"wp-image-580\" srcset=\"https:\/\/www.lou-broustaricq.com\/wp-content\/uploads\/2023\/10\/jpeg-optimizer_Coralie-Terree-0945.jpg 1080w, https:\/\/www.lou-broustaricq.com\/wp-content\/uploads\/2023\/10\/jpeg-optimizer_Coralie-Terree-0945-253x300.jpg 253w, https:\/\/www.lou-broustaricq.com\/wp-content\/uploads\/2023\/10\/jpeg-optimizer_Coralie-Terree-0945-864x1024.jpg 864w, https:\/\/www.lou-broustaricq.com\/wp-content\/uploads\/2023\/10\/jpeg-optimizer_Coralie-Terree-0945-768x910.jpg 768w\" sizes=\"(max-width: 1080px) 100vw, 1080px\" title=\"\"><\/figure>\n<\/figure>\n<\/div>\n<\/div>\n\n\n\n<div class=\"is-layout-flex wp-container-33 wp-block-columns reverse-mob L-10\">\n<div class=\"is-layout-flow wp-block-column\">\n<figure class=\"is-layout-flex wp-block-gallery-28 wp-block-gallery has-nested-images columns-default is-cropped fc-diapo fc-full\">\n<figure class=\"wp-block-image size-large fc-auto\"><img decoding=\"async\" width=\"1024\" height=\"683\" src=\"https:\/\/www.lou-broustaricq.com\/wp-content\/uploads\/2023\/10\/activites-160-1024x683.jpg\" alt=\"\" class=\"wp-image-3347\" srcset=\"https:\/\/www.lou-broustaricq.com\/wp-content\/uploads\/2023\/10\/activites-160-1024x683.jpg 1024w, https:\/\/www.lou-broustaricq.com\/wp-content\/uploads\/2023\/10\/activites-160-300x200.jpg 300w, https:\/\/www.lou-broustaricq.com\/wp-content\/uploads\/2023\/10\/activites-160-768x512.jpg 768w, https:\/\/www.lou-broustaricq.com\/wp-content\/uploads\/2023\/10\/activites-160-1536x1024.jpg 1536w, https:\/\/www.lou-broustaricq.com\/wp-content\/uploads\/2023\/10\/activites-160.jpg 1920w\" sizes=\"(max-width: 1024px) 100vw, 1024px\" title=\"\"><\/figure>\n<\/figure>\n<\/div>\n\n\n\n<div class=\"is-layout-flow wp-block-column col-texte\">\n<p class=\"h2 has-marron-color has-text-color\">Recuerdos garantizados<\/p>\n\n\n\n<h2 class=\"p\">Actividades familiares en un camping de las Landas con parque acu\u00e1tico<\/h2>\n\n\n\n<p>D\u00e9jese tentar durante sus vacaciones en el camping de Sanguinet&#8230; Adem\u00e1s de <strong>nuestro parque acu\u00e1tico<\/strong> en las Landas, le ofrecemos <strong>multitud de actividades y animaciones <\/strong>supervisadas en Julio y Agosto, para disfrutar en familia o con amigos.<\/p>\n\n\n\n<p>Al\u00f3jese en nuestro camping a dos pasos de la playa <strong>del lago de Sanguinet<\/strong>, ideal para practicar deportes n\u00e1uticos o simplemente relajarse junto al agua.<\/p>\n\n\n\n<div class=\"wp-block-fc-gut-lire-plus fc-desk\"><p class=\"has-text-align-left btn-lire-plus\">Para saber m\u00e1s<\/p>\n<p>Los m\u00e1s peque\u00f1os pueden divertirse en la <strong>zona de juegos<\/strong> infantiles. Pero tambi\u00e9n puede conocer gente nueva en las numerosas actividades que se ofrecen en los <strong>clubes<\/strong> infantiles.  <\/p>\n\n\n\n<p>El camping de las Landas ofrece un miniclub, un club para adolescentes, espect\u00e1culos infantiles, b\u00fasquedas del tesoro y muchas animaciones en Julio y Agosto.<\/p>\n\n\n\n<p>Venga a disfrutar de las numerosas actividades que le ofrece nuestro camping familiar: actividades deportivas, fitness, clases de baile, veladas tem\u00e1ticas, discoteca&#8230; Hay para todos los gustos en nuestro camping a 20 kil\u00f3metros de la cuenca de Arcachon, Biscarrosse y la <strong>duna de Pilat<\/strong>.<\/p>\n\n\n\n<p>Parque acu\u00e1tico, actividades y <a href=\"https:\/\/www.lou-broustaricq.com\/es\/muchos-servicios-propuesta-camping-lou-broustaricq\/\" data-type=\"page\" data-id=\"810\">servicios de 4 estrellas<\/a> le esperan en nuestro <strong>camping de Sanguinet<\/strong>.<\/p>\n<\/div>\n\n\n\n<div class=\"is-layout-flex wp-block-buttons\">\n<div class=\"wp-block-button fc-style-1\"><a class=\"wp-block-button__link wp-element-button\" href=\"https:\/\/www.lou-broustaricq.com\/es\/actividades\/\">Descubra nuestras actividades<\/a><\/div>\n<\/div>\n<\/div>\n<\/div>\n\n\n\n<div class=\"is-layout-flex wp-container-39 wp-block-columns L-10\">\n<div class=\"is-layout-flow wp-block-column col-texte has-blanc-background-color has-background\">\n<p class=\"h2 has-bleu-color has-text-color\">\u00bfPlaya, lago o pinar?<\/p>\n\n\n\n<h2 class=\"h4\">Los alrededores de nuestro camping en el suroeste de Francia con parque acu\u00e1tico<\/h2>\n\n\n\n<p>\u00bfLe gusta m\u00e1s la piscina, la playa o el lago? En el camping de <a href=\"https:\/\/www.lou-broustaricq.com\/es\/entre-foret-landes-locean-bassin-darcachon\/\" data-type=\"page\" data-id=\"1038\">las Landas<\/a>, podr\u00e1 elegir entre nuestro parque acu\u00e1tico, las playas de los lagos de Sanguinet &#8211; Biscarrosse o las amplias playas del oc\u00e9ano Atl\u00e1ntico. Disfrute del ambiente y el paisaje t\u00edpicos de la costa de las Landas, con sus dunas de arena, sus grandes olas y sus pinos mar\u00edtimos.<\/p>\n\n\n\n<div class=\"wp-block-fc-gut-lire-plus fc-desk\"><p class=\"has-text-align-left btn-lire-plus\">Para saber m\u00e1s<\/p>\n<p>\u00bfPrefiere la Naturaleza? Pasee por los grandes pinares cercanos al camping o descubra el <strong>parque natural de las Landas de Gascu\u00f1a<\/strong>, en un paisaje virgen.<\/p>\n\n\n\n<p>Al\u00f3jese en nuestro camping <a href=\"https:\/\/www.lou-broustaricq.com\/es\/\" data-type=\"page\" data-id=\"2\">de Sanguinet<\/a> y disfrute de nuestro entorno natural ideal, en el coraz\u00f3n de las Landas, con sus pinos y dunas. Disfrute de unas vacaciones inolvidables a orillas del lago de Sanguinet, al son de las cigarras.<\/p>\n\n\n\n<p>En los alrededores del camping Lou Broustaricq, tambi\u00e9n podr\u00e1 disfrutar de un amplio abanico de actividades, descubrimientos y paseos. Conquiste la <strong>Duna del Pilat<\/strong>, deguste ostras en la <strong>cuenca de Arcachon<\/strong>, respire aire puro junto al oc\u00e9ano Atl\u00e1ntico o en los extensos bosques de las Landas.<\/p>\n\n\n\n<p>Disfrute de <strong>actividades n\u00e1uticas<\/strong> a orillas <strong>del lago de Sanguinet<\/strong> o en las inmensas playas de la regi\u00f3n de Las Landas, famosas por su surf.<\/p>\n<\/div>\n\n\n\n<div class=\"is-layout-flex wp-block-buttons\">\n<div class=\"wp-block-button\"><a class=\"wp-block-button__link wp-element-button\" href=\"https:\/\/www.lou-broustaricq.com\/es\/entre-foret-landes-locean-bassin-darcachon\/\"><span class=\"fc-icon house-tree-regular\"><\/span>  Descubra los alrededores<\/a><\/div>\n<\/div>\n<\/div>\n\n\n\n<div class=\"is-layout-flow wp-block-column\">\n<figure class=\"is-layout-flex wp-block-gallery-36 wp-block-gallery has-nested-images columns-default is-cropped fc-diapo fc-full\">\n<figure class=\"wp-block-image size-full fc-auto\"><img decoding=\"async\" width=\"960\" height=\"1137\" src=\"https:\/\/www.lou-broustaricq.com\/wp-content\/uploads\/2023\/10\/nature-g137371860_1280.jpg\" alt=\"\" class=\"wp-image-2146\" srcset=\"https:\/\/www.lou-broustaricq.com\/wp-content\/uploads\/2023\/10\/nature-g137371860_1280.jpg 960w, https:\/\/www.lou-broustaricq.com\/wp-content\/uploads\/2023\/10\/nature-g137371860_1280-253x300.jpg 253w, https:\/\/www.lou-broustaricq.com\/wp-content\/uploads\/2023\/10\/nature-g137371860_1280-865x1024.jpg 865w, https:\/\/www.lou-broustaricq.com\/wp-content\/uploads\/2023\/10\/nature-g137371860_1280-768x910.jpg 768w\" sizes=\"(max-width: 960px) 100vw, 960px\" title=\"\"><\/figure>\n<\/figure>\n<\/div>\n<\/div>\n","protected":false},"excerpt":{"rendered":"<p>Camping con piscina, tobog\u00e1n y spa Camping en Lac de Sanguinet con piscinas Descubra nuestro camping en Sanguinet con piscina. No hay nada mejor durante el verano que disfrutar del sol del Suroeste en nuestro parque acu\u00e1tico de las Landas. Es el lugar ideal para que todos los veraneantes se relajen. Parque acu\u00e1tico familiar Camping [&hellip;]<\/p>\n","protected":false},"author":1,"featured_media":0,"parent":0,"menu_order":0,"comment_status":"closed","ping_status":"closed","template":"","meta":[],"acf":[],"_links":{"self":[{"href":"https:\/\/www.lou-broustaricq.com\/es\/wp-json\/wp\/v2\/pages\/4052"}],"collection":[{"href":"https:\/\/www.lou-broustaricq.com\/es\/wp-json\/wp\/v2\/pages"}],"about":[{"href":"https:\/\/www.lou-broustaricq.com\/es\/wp-json\/wp\/v2\/types\/page"}],"author":[{"embeddable":true,"href":"https:\/\/www.lou-broustaricq.com\/es\/wp-json\/wp\/v2\/users\/1"}],"replies":[{"embeddable":true,"href":"https:\/\/www.lou-broustaricq.com\/es\/wp-json\/wp\/v2\/comments?post=4052"}],"version-history":[{"count":6,"href":"https:\/\/www.lou-broustaricq.com\/es\/wp-json\/wp\/v2\/pages\/4052\/revisions"}],"predecessor-version":[{"id":4949,"href":"https:\/\/www.lou-broustaricq.com\/es\/wp-json\/wp\/v2\/pages\/4052\/revisions\/4949"}],"wp:attachment":[{"href":"https:\/\/www.lou-broustaricq.com\/es\/wp-json\/wp\/v2\/media?parent=4052"}],"curies":[{"name":"wp","href":"https:\/\/api.w.org\/{rel}","templated":true}]}}