{"id":4025,"date":"2023-10-11T14:19:38","date_gmt":"2023-10-11T12:19:38","guid":{"rendered":"https:\/\/www.lou-broustaricq.com\/parcelas-camping-sanguinet\/"},"modified":"2025-09-25T11:43:20","modified_gmt":"2025-09-25T09:43:20","slug":"parcelas-camping-sanguinet","status":"publish","type":"page","link":"https:\/\/www.lou-broustaricq.com\/es\/parcelas-camping-sanguinet\/","title":{"rendered":"Ubicaciones"},"content":{"rendered":"\n<div class=\"is-layout-flow wp-block-group alignfull diaporama-header L-00\">\n<figure class=\"is-layout-flex wp-block-gallery-1 wp-block-gallery has-nested-images columns-default is-cropped fc-auto\">\n<figure class=\"wp-block-image size-full fc-auto\"><img decoding=\"async\" width=\"1920\" height=\"1280\" src=\"https:\/\/www.lou-broustaricq.com\/wp-content\/uploads\/2023\/10\/emplacement-129.jpg\" alt=\"\" class=\"wp-image-3557\" srcset=\"https:\/\/www.lou-broustaricq.com\/wp-content\/uploads\/2023\/10\/emplacement-129.jpg 1920w, https:\/\/www.lou-broustaricq.com\/wp-content\/uploads\/2023\/10\/emplacement-129-300x200.jpg 300w, https:\/\/www.lou-broustaricq.com\/wp-content\/uploads\/2023\/10\/emplacement-129-1024x683.jpg 1024w, https:\/\/www.lou-broustaricq.com\/wp-content\/uploads\/2023\/10\/emplacement-129-768x512.jpg 768w, https:\/\/www.lou-broustaricq.com\/wp-content\/uploads\/2023\/10\/emplacement-129-1536x1024.jpg 1536w\" sizes=\"(max-width: 1920px) 100vw, 1920px\" title=\"\"><\/figure>\n<\/figure>\n<\/div>\n\n\n\n<div class=\"is-layout-flex wp-container-9 wp-block-columns reverse-mob L-10\">\n<div class=\"is-layout-flow wp-block-column\">\n<figure class=\"is-layout-flex wp-block-gallery-4 wp-block-gallery has-nested-images columns-default is-cropped fc-diapo fc-full\">\n<figure class=\"wp-block-image size-full fc-auto\"><img decoding=\"async\" width=\"1920\" height=\"1280\" src=\"https:\/\/www.lou-broustaricq.com\/wp-content\/uploads\/2023\/10\/emplacement-130.jpg\" alt=\"\" class=\"wp-image-3566\" srcset=\"https:\/\/www.lou-broustaricq.com\/wp-content\/uploads\/2023\/10\/emplacement-130.jpg 1920w, https:\/\/www.lou-broustaricq.com\/wp-content\/uploads\/2023\/10\/emplacement-130-300x200.jpg 300w, https:\/\/www.lou-broustaricq.com\/wp-content\/uploads\/2023\/10\/emplacement-130-1024x683.jpg 1024w, https:\/\/www.lou-broustaricq.com\/wp-content\/uploads\/2023\/10\/emplacement-130-768x512.jpg 768w, https:\/\/www.lou-broustaricq.com\/wp-content\/uploads\/2023\/10\/emplacement-130-1536x1024.jpg 1536w\" sizes=\"(max-width: 1920px) 100vw, 1920px\" title=\"\"><\/figure>\n<\/figure>\n<\/div>\n\n\n\n<div class=\"is-layout-flow wp-block-column col-texte has-blanc-background-color has-background\">\n<h1 class=\"has-bleu-color has-text-color\">Su parcela de camping en Sanguinet<\/h1>\n\n\n\n<p>Abierto del 28\/03\/2026 al 12\/09\/2026, el <strong>camping de 4 estrellas Lou Broustaricq<\/strong> le da la bienvenida en una de sus <strong>48 parcelas de camping en Sanguinet<\/strong>. Disfrute de sus <strong>vacaciones <\/strong>familiares <strong>en las Landas <\/strong>en tienda de campa\u00f1a, caravana o autocaravana.<\/p>\n\n\n\n<ul class=\"pictos\">\n<li><span class=\"fc-icon tent-light\"><\/span>  Parcelas de 80 a 230 m\u00b2.<\/li>\n\n\n\n<li><span class=\"fc-icon family-light\"><\/span>  Para hasta 6 personas<\/li>\n\n\n\n<li><span class=\"fc-icon plug-light\"><\/span>  Conexi\u00f3n el\u00e9ctrica de 9 amperios<\/li>\n\n\n\n<li><span class=\"fc-icon trees-light\"><\/span>  Lugar soleado o sombreado<\/li>\n<\/ul>\n\n\n\n<div class=\"wp-block-fc-gut-encart fc-alerte\">\n<p>Para el periodo comprendido entre el<strong> 04 de julio y el 29 de agosto<\/strong>, se requerir\u00e1 un <strong>m\u00ednimo de 7 noches<\/strong> para todas las reservas.<\/p>\n<\/div>\n\n\n\n<div class=\"wp-block-fc-gut-lire-plus fc-desk\"><p class=\"has-text-align-left btn-lire-plus\">Para saber m\u00e1s<\/p>\n<h2 class=\"h4\">Vacaciones ideales a orillas del lago de Sanguinet<\/h2>\n\n\n\n<p>\u00bfQu\u00e9 hay m\u00e1s agradable que acampar en plena <strong>campi\u00f1a de las Landas<\/strong>?<\/p>\n\n\n\n<p>En el camping Lou Broustaricq, ya sea en <strong>tienda, caravana o autocaravana<\/strong>, tendr\u00e1 la oportunidad de disfrutar del camping <strong>alquilando parcelas<\/strong>.<\/p>\n\n\n\n<p>Descubra o redescubra el placer de instalar su autocaravana, tienda o caravana, para <strong>vivir en plena naturaleza, con toda sencillez, en un entorno natural<\/strong>. Hay para todos los gustos. Puedes elegir una <strong>parcela soleada o a la sombra<\/strong>, rodeada de pinos.<\/p>\n\n\n\n<p>Le recibimos en recepci\u00f3n <strong>a partir de las 14h para las llegadas<\/strong>, y <strong>las salidas<\/strong> <strong>hasta las 12h<\/strong>.<\/p>\n<\/div>\n\n\n\n<div class=\"is-layout-flex wp-block-buttons\">\n<div class=\"wp-block-button btn_resa_empl\"><a class=\"wp-block-button__link wp-element-button\"><span class=\"fc-icon magnifying-glass-regular\"><\/span>  Reserve su parcela<\/a><\/div>\n<\/div>\n<\/div>\n<\/div>\n\n\n\n<div class=\"is-layout-constrained wp-block-group L-20 has-marron-clair-background-color has-background\">\n<h2 class=\"has-text-align-center has-marron-color has-text-color\">Descubra nuestras parcelas de<span class=\"fc-span\"> camping en Sanguinet<\/span><\/h2>\n\n\n\n<ul class=\"pictos\">\n<li><span class=\"fc-icon droplet-light\"><\/span>  Acceso a un punto de agua<\/li>\n\n\n\n<li><span class=\"fc-icon plug-light\"><\/span>  Acceso el\u00e9ctrico de 9 amperios<\/li>\n\n\n\n<li><span class=\"fc-icon car-side-light\"><\/span>  Una plaza de aparcamiento en el solar<\/li>\n\n\n\n<li><span class=\"fc-icon wheelchair-light\"><\/span>  Adecuado para PMR<\/li>\n\n\n\n<li><span class=\"fc-icon soap-light\"><\/span>  Cubos para lavar la vajilla y los platos<\/li>\n\n\n\n<li><span class=\"fc-icon shower-light\"><\/span>  Instalaciones sanitarias (2 con calefacci\u00f3n)<\/li>\n\n\n\n<li><span class=\"fc-icon toilet-light\"><\/span>  WC<\/li>\n<\/ul>\n\n\n\n<p class=\"has-text-align-left\">El camping Lou Broustaricq ofrece <strong>amplias parcelas<\/strong> de 80 m\u00b2 a 230 m\u00b2, todas ellas rodeadas de setos para mayor tranquilidad e intimidad. Cada una puede alojar <strong>hasta 6 personas<\/strong>, incluido 1 adulto. Estas parcelas vienen con conexiones el\u00e9ctricas de 9 amperios (no olvides tu adaptador de norma europea).<\/p>\n\n\n\n<div class=\"is-layout-flex wp-container-12 wp-block-columns\">\n<div class=\"is-layout-flow wp-block-column\">\n<p class=\"h3\">Alquiler de material :<\/p>\n\n\n\n<p>Para facilitarle el viaje, le ofrecemos una gama de<strong> equipos de alquiler<\/strong>:<\/p>\n\n\n\n<ul class=\"liste-texte\">\n<li>Frigor\u00edfico<\/li>\n\n\n\n<li>Y mucho m\u00e1s<\/li>\n<\/ul>\n<\/div>\n\n\n\n<div class=\"is-layout-flow wp-block-column\">\n<p class=\"h3\">Un recordatorio r\u00e1pido:<\/p>\n\n\n\n<p>Las barbacoas el\u00e9ctricas o de gas y las planchas est\u00e1n prohibidas por razones de seguridad contra incendios. Por eso <strong>disponemos de barbacoas comunitarias de carb\u00f3n<\/strong>.<\/p>\n<\/div>\n<\/div>\n\n\n\n<div class=\"is-content-justification-center is-layout-flex wp-container-13 wp-block-buttons\">\n<div class=\"wp-block-button btn_resa\"><a class=\"wp-block-button__link wp-element-button\"><span class=\"fc-icon magnifying-glass-regular\"><\/span> Reserve<\/a><\/div>\n<\/div>\n<\/div>\n\n\n\n<div class=\"is-layout-flex wp-container-20 wp-block-columns L-10\">\n<div class=\"is-layout-flow wp-block-column col-texte\">\n<h2 class=\"has-bleu-color has-text-color\">Camping en las Landas<\/h2>\n\n\n\n<p>Adem\u00e1s de parcelas, nuestro camping 4 estrellas de Sanguinet, en la regi\u00f3n de las Landas, le ofrece c\u00f3modas<a href=\"https:\/\/www.lou-broustaricq.com\/es\/alojamiento\/\" data-type=\"page\" data-id=\"1040\"> casas m\u00f3viles de alquiler climatizadas<\/a>, de 2 a 4 habitaciones.<\/p>\n\n\n\n<p>Tambi\u00e9n puede aprovechar nuestro <a href=\"https:\/\/www.lou-broustaricq.com\/es\/camping-parc-aquatique-landes\/\" data-type=\"page\" data-id=\"1044\">parque acu\u00e1tico <\/a>con<strong> piscina cubierta, piscina exterior climatizada<\/strong>, <strong>tobog\u00e1n<\/strong> y piscina infantil para que disfruten ni\u00f1os y padres. Relajarse en las tumbonas, jugar en el agua, disfrutar de la emoci\u00f3n del tobog\u00e1n o descubrir el agua para los m\u00e1s peque\u00f1os, hay para todos los gustos.<\/p>\n\n\n\n<p>Adem\u00e1s de acceso directo al lago de Sanguinet, el camping de la regi\u00f3n de Las Landas ofrece un amplio abanico de actividades y entretenimientos para toda la familia en Julio y Agosto :<\/p>\n\n\n\n<ul>\n<li>Para los ni\u00f1os: club infantil, zona de juegos, espect\u00e1culos infantiles, etc.<\/li>\n\n\n\n<li>Para toda la familia: noches tem\u00e1ticas, karaoke, actividades deportivas, etc.<\/li>\n<\/ul>\n\n\n\n<div class=\"is-layout-flex wp-block-buttons\">\n<div class=\"wp-block-button\"><a class=\"wp-block-button__link wp-element-button\" href=\"https:\/\/www.lou-broustaricq.com\/es\/camping-parc-aquatique-landes\/\">Descubra la zona acu\u00e1tica<\/a><\/div>\n<\/div>\n<\/div>\n\n\n\n<div class=\"is-layout-flow wp-block-column\">\n<figure class=\"is-layout-flex wp-block-gallery-17 wp-block-gallery has-nested-images columns-default is-cropped fc-diapo fc-full\">\n<figure class=\"wp-block-image size-full fc-auto\"><img decoding=\"async\" width=\"1920\" height=\"1280\" src=\"https:\/\/www.lou-broustaricq.com\/wp-content\/uploads\/2023\/10\/espace-aquatique-47.jpg\" alt=\"\" class=\"wp-image-3570\" srcset=\"https:\/\/www.lou-broustaricq.com\/wp-content\/uploads\/2023\/10\/espace-aquatique-47.jpg 1920w, https:\/\/www.lou-broustaricq.com\/wp-content\/uploads\/2023\/10\/espace-aquatique-47-300x200.jpg 300w, https:\/\/www.lou-broustaricq.com\/wp-content\/uploads\/2023\/10\/espace-aquatique-47-1024x683.jpg 1024w, https:\/\/www.lou-broustaricq.com\/wp-content\/uploads\/2023\/10\/espace-aquatique-47-768x512.jpg 768w, https:\/\/www.lou-broustaricq.com\/wp-content\/uploads\/2023\/10\/espace-aquatique-47-1536x1024.jpg 1536w\" sizes=\"(max-width: 1920px) 100vw, 1920px\" title=\"\"><\/figure>\n<\/figure>\n<\/div>\n<\/div>\n","protected":false},"excerpt":{"rendered":"<p>Su parcela de camping en Sanguinet Abierto del 28\/03\/2026 al 12\/09\/2026, el camping de 4 estrellas Lou Broustaricq le da la bienvenida en una de sus 48 parcelas de camping en Sanguinet. Disfrute de sus vacaciones familiares en las Landas en tienda de campa\u00f1a, caravana o autocaravana. Descubra nuestras parcelas de camping en Sanguinet El [&hellip;]<\/p>\n","protected":false},"author":1,"featured_media":0,"parent":0,"menu_order":0,"comment_status":"closed","ping_status":"closed","template":"","meta":[],"acf":[],"_links":{"self":[{"href":"https:\/\/www.lou-broustaricq.com\/es\/wp-json\/wp\/v2\/pages\/4025"}],"collection":[{"href":"https:\/\/www.lou-broustaricq.com\/es\/wp-json\/wp\/v2\/pages"}],"about":[{"href":"https:\/\/www.lou-broustaricq.com\/es\/wp-json\/wp\/v2\/types\/page"}],"author":[{"embeddable":true,"href":"https:\/\/www.lou-broustaricq.com\/es\/wp-json\/wp\/v2\/users\/1"}],"replies":[{"embeddable":true,"href":"https:\/\/www.lou-broustaricq.com\/es\/wp-json\/wp\/v2\/comments?post=4025"}],"version-history":[{"count":6,"href":"https:\/\/www.lou-broustaricq.com\/es\/wp-json\/wp\/v2\/pages\/4025\/revisions"}],"predecessor-version":[{"id":4951,"href":"https:\/\/www.lou-broustaricq.com\/es\/wp-json\/wp\/v2\/pages\/4025\/revisions\/4951"}],"wp:attachment":[{"href":"https:\/\/www.lou-broustaricq.com\/es\/wp-json\/wp\/v2\/media?parent=4025"}],"curies":[{"name":"wp","href":"https:\/\/api.w.org\/{rel}","templated":true}]}}