{"id":4015,"date":"2023-10-19T10:01:05","date_gmt":"2023-10-19T08:01:05","guid":{"rendered":"https:\/\/www.lou-broustaricq.com\/camping-landes-4-etoiles\/"},"modified":"2023-11-24T11:24:28","modified_gmt":"2023-11-24T10:24:28","slug":"camping-landes-4-etoiles","status":"publish","type":"page","link":"https:\/\/www.lou-broustaricq.com\/es\/camping-landes-4-etoiles\/","title":{"rendered":"Camping 4 estrellas Landas"},"content":{"rendered":"\n<div class=\"is-layout-flow wp-block-group alignfull diaporama-header L-00\">\n<figure class=\"is-layout-flex wp-block-gallery-1 wp-block-gallery has-nested-images columns-default is-cropped fc-auto\">\n<figure class=\"wp-block-image size-full fc-auto\"><img decoding=\"async\" width=\"1920\" height=\"1080\" src=\"https:\/\/www.lou-broustaricq.com\/wp-content\/uploads\/2023\/10\/5.jpg\" alt=\"\" class=\"wp-image-2242\" srcset=\"https:\/\/www.lou-broustaricq.com\/wp-content\/uploads\/2023\/10\/5.jpg 1920w, https:\/\/www.lou-broustaricq.com\/wp-content\/uploads\/2023\/10\/5-300x169.jpg 300w, https:\/\/www.lou-broustaricq.com\/wp-content\/uploads\/2023\/10\/5-1024x576.jpg 1024w, https:\/\/www.lou-broustaricq.com\/wp-content\/uploads\/2023\/10\/5-768x432.jpg 768w, https:\/\/www.lou-broustaricq.com\/wp-content\/uploads\/2023\/10\/5-1536x864.jpg 1536w\" sizes=\"(max-width: 1920px) 100vw, 1920px\" title=\"\"><\/figure>\n<\/figure>\n<\/div>\n\n\n\n<div class=\"is-layout-flex wp-container-9 wp-block-columns L-10\">\n<div class=\"is-layout-flow wp-block-column col-texte has-blanc-background-color has-background\">\n<p class=\"h3\">Camping Lou Broustaricq en Sanguinet<\/p>\n\n\n\n<h1 class=\"h1 has-bleu-color has-text-color\">Camping 4 estrellas Landas<\/h1>\n\n\n\n<h2 class=\"h4\">El destino ideal para unas vacaciones familiares en camping<\/h2>\n\n\n\n<p>\u00bfLe gusta la naturaleza, los deportes n\u00e1uticos, la gastronom\u00eda o la cultura? La regi\u00f3n de las Landas ofrece una majestuosa acogida en un <strong>entorno natural y un gran espacio virgen<\/strong>. Encontrar\u00e1 alojamientos y espacios impresionantes, como nuestro camping Lou Broustaricq, en Sanguinet.<\/p>\n\n\n\n<h3 class=\"h4\">Nuestro camping cerca de bellos destinos<\/h3>\n\n\n\n<p>El camping Lou Broustaricq es una base excelente para visitar los <strong>numerosos lugares cercanos<\/strong>. El camping Lou Broustaricq, en las Landas, est\u00e1 a menos de 20 minutos:<\/p>\n\n\n\n<ul>\n<li>Cuenca de Arcachon,<\/li>\n\n\n\n<li>La Duna Pilat,<\/li>\n\n\n\n<li>Biscarrosse, lago u oc\u00e9ano Atl\u00e1ntico,<\/li>\n\n\n\n<li>Mimizan<\/li>\n\n\n\n<li>La costa de las Landas y sus largas playas de arena<\/li>\n\n\n\n<li>Lagos de Biscarrosse y Sanguinet<\/li>\n<\/ul>\n\n\n\n<p>Desde el camping Lou Broustaricq, s\u00f3lo hay unos minutos hasta la playa del lago de Sanguinet. Puede utilizar una bicicleta, un coche o ir de excursi\u00f3n a pie.<\/p>\n\n\n\n<div class=\"is-layout-flex wp-block-buttons\">\n<div class=\"wp-block-button\"><a class=\"wp-block-button__link wp-element-button\" href=\"https:\/\/www.lou-broustaricq.com\/es\/entre-foret-landes-locean-bassin-darcachon\/\"><span class=\"fc-icon trees-regular\"><\/span>  Descubra los p\u00e1ramos<\/a><\/div>\n<\/div>\n<\/div>\n\n\n\n<div class=\"is-layout-flow wp-block-column\">\n<figure class=\"is-layout-flex wp-block-gallery-6 wp-block-gallery has-nested-images columns-default is-cropped fc-diapo fc-full\">\n<figure class=\"wp-block-image size-large fc-auto\"><img decoding=\"async\" width=\"864\" height=\"1024\" src=\"https:\/\/www.lou-broustaricq.com\/wp-content\/uploads\/2023\/10\/lopez-robin-nBPp7pzPSH8-unsplash-864x1024.jpg\" alt=\"\" class=\"wp-image-2130\" srcset=\"https:\/\/www.lou-broustaricq.com\/wp-content\/uploads\/2023\/10\/lopez-robin-nBPp7pzPSH8-unsplash-864x1024.jpg 864w, https:\/\/www.lou-broustaricq.com\/wp-content\/uploads\/2023\/10\/lopez-robin-nBPp7pzPSH8-unsplash-253x300.jpg 253w, https:\/\/www.lou-broustaricq.com\/wp-content\/uploads\/2023\/10\/lopez-robin-nBPp7pzPSH8-unsplash-768x910.jpg 768w, https:\/\/www.lou-broustaricq.com\/wp-content\/uploads\/2023\/10\/lopez-robin-nBPp7pzPSH8-unsplash.jpg 1080w\" sizes=\"(max-width: 864px) 100vw, 864px\" title=\"\"><\/figure>\n\n\n\n<figure class=\"wp-block-image size-large fc-auto\"><img decoding=\"async\" width=\"864\" height=\"1024\" src=\"https:\/\/www.lou-broustaricq.com\/wp-content\/uploads\/2023\/10\/La-Teste-de-Buch4-864x1024.jpg\" alt=\"\" class=\"wp-image-2110\" srcset=\"https:\/\/www.lou-broustaricq.com\/wp-content\/uploads\/2023\/10\/La-Teste-de-Buch4-864x1024.jpg 864w, https:\/\/www.lou-broustaricq.com\/wp-content\/uploads\/2023\/10\/La-Teste-de-Buch4-253x300.jpg 253w, https:\/\/www.lou-broustaricq.com\/wp-content\/uploads\/2023\/10\/La-Teste-de-Buch4-768x910.jpg 768w, https:\/\/www.lou-broustaricq.com\/wp-content\/uploads\/2023\/10\/La-Teste-de-Buch4.jpg 1080w\" sizes=\"(max-width: 864px) 100vw, 864px\" title=\"\"><\/figure>\n\n\n\n<figure class=\"wp-block-image size-large fc-auto\"><img decoding=\"async\" width=\"864\" height=\"1024\" src=\"https:\/\/www.lou-broustaricq.com\/wp-content\/uploads\/2023\/10\/La-Teste-de-Buch3-864x1024.jpg\" alt=\"\" class=\"wp-image-2106\" srcset=\"https:\/\/www.lou-broustaricq.com\/wp-content\/uploads\/2023\/10\/La-Teste-de-Buch3-864x1024.jpg 864w, https:\/\/www.lou-broustaricq.com\/wp-content\/uploads\/2023\/10\/La-Teste-de-Buch3-253x300.jpg 253w, https:\/\/www.lou-broustaricq.com\/wp-content\/uploads\/2023\/10\/La-Teste-de-Buch3-768x910.jpg 768w, https:\/\/www.lou-broustaricq.com\/wp-content\/uploads\/2023\/10\/La-Teste-de-Buch3.jpg 1080w\" sizes=\"(max-width: 864px) 100vw, 864px\" title=\"\"><\/figure>\n\n\n\n<figure class=\"wp-block-image size-large fc-auto\"><img decoding=\"async\" width=\"719\" height=\"853\" src=\"https:\/\/www.lou-broustaricq.com\/wp-content\/uploads\/2023\/10\/grass-g85fea1d0a_1280.jpg\" alt=\"\" class=\"wp-image-2030\" srcset=\"https:\/\/www.lou-broustaricq.com\/wp-content\/uploads\/2023\/10\/grass-g85fea1d0a_1280.jpg 719w, https:\/\/www.lou-broustaricq.com\/wp-content\/uploads\/2023\/10\/grass-g85fea1d0a_1280-253x300.jpg 253w\" sizes=\"(max-width: 719px) 100vw, 719px\" title=\"\"><\/figure>\n\n\n\n<figure class=\"wp-block-image size-large fc-auto\"><img decoding=\"async\" width=\"864\" height=\"1024\" src=\"https:\/\/www.lou-broustaricq.com\/wp-content\/uploads\/2023\/10\/les-argonautes-lpT286mU0c4-unsplash-864x1024.jpg\" alt=\"\" class=\"wp-image-2126\" srcset=\"https:\/\/www.lou-broustaricq.com\/wp-content\/uploads\/2023\/10\/les-argonautes-lpT286mU0c4-unsplash-864x1024.jpg 864w, https:\/\/www.lou-broustaricq.com\/wp-content\/uploads\/2023\/10\/les-argonautes-lpT286mU0c4-unsplash-253x300.jpg 253w, https:\/\/www.lou-broustaricq.com\/wp-content\/uploads\/2023\/10\/les-argonautes-lpT286mU0c4-unsplash-768x910.jpg 768w, https:\/\/www.lou-broustaricq.com\/wp-content\/uploads\/2023\/10\/les-argonautes-lpT286mU0c4-unsplash.jpg 1080w\" sizes=\"(max-width: 864px) 100vw, 864px\" title=\"\"><\/figure>\n<\/figure>\n<\/div>\n<\/div>\n\n\n\n<div class=\"is-layout-flex wp-container-15 wp-block-columns reverse-mob L-10\">\n<div class=\"is-layout-flow wp-block-column\">\n<figure class=\"is-layout-flex wp-block-gallery-10 wp-block-gallery has-nested-images columns-default is-cropped fc-diapo fc-full\">\n<figure class=\"wp-block-image size-large fc-auto\"><img decoding=\"async\" width=\"863\" height=\"1024\" src=\"https:\/\/www.lou-broustaricq.com\/wp-content\/uploads\/2023\/10\/ext-seychelles-863x1024.jpg\" alt=\"\" class=\"wp-image-2793\" srcset=\"https:\/\/www.lou-broustaricq.com\/wp-content\/uploads\/2023\/10\/ext-seychelles-863x1024.jpg 863w, https:\/\/www.lou-broustaricq.com\/wp-content\/uploads\/2023\/10\/ext-seychelles-253x300.jpg 253w, https:\/\/www.lou-broustaricq.com\/wp-content\/uploads\/2023\/10\/ext-seychelles-768x911.jpg 768w, https:\/\/www.lou-broustaricq.com\/wp-content\/uploads\/2023\/10\/ext-seychelles.jpg 1037w\" sizes=\"(max-width: 863px) 100vw, 863px\" title=\"\"><\/figure>\n<\/figure>\n<\/div>\n\n\n\n<div class=\"is-layout-flow wp-block-column col-texte has-marron-clair-background-color has-background\">\n<p class=\"h2 has-marron-color has-text-color\">Vacaciones en familia en las Landas<\/p>\n\n\n\n<h2 class=\"h4\">Alquile una casa m\u00f3vil en nuestro camping 4 estrellas de las Landas para disfrutar de un confort \u00f3ptimo<\/h2>\n\n\n\n<h3>Alquiler de mobil home Landes<\/h3>\n\n\n\n<p>En las Landas, tendr\u00e1 acceso a una <strong>amplia gama<\/strong> de modernas <strong>casas m\u00f3viles<\/strong>. Disfrutar\u00e1 de un confort impecable y de noches acogedoras en nuestro camping. Hay modelos especialmente reservados para parejas j\u00f3venes sin hijos. Cuentan con un dormitorio bien equipado, cocina americana y una magn\u00edfica terraza.<\/p>\n\n\n\n<p>Si viene en familia o con amigos, tambi\u00e9n encontrar\u00e1 la casa m\u00f3vil perfecta para sus vacaciones de camping. Recomendamos los modelos con cocina totalmente equipada y un amplio dormitorio en el que todo el espacio se convierte en cama. Las mejores <strong>casas m\u00f3viles de las Landas <\/strong>le esperan en Lou Broustaricq. Se encuentran en un entorno natural, y s\u00f3lo hay 15 minutos a pie desde el alojamiento hasta la playa.<\/p>\n\n\n\n<div class=\"is-layout-flex wp-block-buttons\">\n<div class=\"wp-block-button fc-style-1\"><a class=\"wp-block-button__link wp-element-button\" href=\"https:\/\/www.lou-broustaricq.com\/es\/alojamiento\/\"><span class=\"fc-icon house-tree-regular\"><\/span>  Alquiler de mobil home en las Landas<\/a><\/div>\n<\/div>\n<\/div>\n<\/div>\n\n\n\n<div class=\"is-layout-flex wp-container-21 wp-block-columns L-10\">\n<div class=\"is-layout-flow wp-block-column col-texte\">\n<h2 class=\"has-bleu-color has-text-color\"><strong>Camping 4 estrellas con piscinas en las Landas para disfrutar de actividades n\u00e1uticas<\/strong><\/h2>\n\n\n\n<p>La regi\u00f3n de las Landas cuenta con numerosos campings de 4 estrellas con parques acu\u00e1ticos y piscinas climatizadas. Opte por estos servicios de alta gama y disfrutar\u00e1 de sus vacaciones con los pies en el agua.<\/p>\n\n\n\n<p>Para acampar con piscinas, una de sus mejores alternativas es el camping Lou Broustaricq. Nuestro camping con parque acu\u00e1tico es el lugar ideal para disfrutar de las mejores actividades acu\u00e1ticas. Con su piscina infantil, <strong>tobog\u00e1n <\/strong>y juegos acu\u00e1ticos, har\u00e1 las delicias de ni\u00f1os y padres. Las piscinas son cubiertas y a menudo climatizadas, ideales para los veraneantes.<\/p>\n\n\n\n<p>Tambi\u00e9n puede aprovechar las <a href=\"https:\/\/www.lou-broustaricq.com\/es\/actividades\/\" data-type=\"page\" data-id=\"1075\">actividades<\/a> y animaciones del camping, con club infantil, espect\u00e1culos, veladas tem\u00e1ticas, deportes acu\u00e1ticos, etc.<\/p>\n\n\n\n<div class=\"is-layout-flex wp-block-buttons\">\n<div class=\"wp-block-button\"><a class=\"wp-block-button__link wp-element-button\" href=\"https:\/\/www.lou-broustaricq.com\/es\/camping-parc-aquatique-landes\/\"><span class=\"fc-icon water-regular\"><\/span>  Nuestro parque acu\u00e1tico de las Landas<\/a><\/div>\n<\/div>\n<\/div>\n\n\n\n<div class=\"is-layout-flow wp-block-column\">\n<figure class=\"is-layout-flex wp-block-gallery-18 wp-block-gallery has-nested-images columns-default is-cropped fc-diapo fc-full\">\n<figure class=\"wp-block-image size-large fc-auto\"><img decoding=\"async\" width=\"864\" height=\"1024\" src=\"https:\/\/www.lou-broustaricq.com\/wp-content\/uploads\/2023\/10\/3-1-1-864x1024.jpg\" alt=\"\" class=\"wp-image-2380\" srcset=\"https:\/\/www.lou-broustaricq.com\/wp-content\/uploads\/2023\/10\/3-1-1-864x1024.jpg 864w, https:\/\/www.lou-broustaricq.com\/wp-content\/uploads\/2023\/10\/3-1-1-253x300.jpg 253w, https:\/\/www.lou-broustaricq.com\/wp-content\/uploads\/2023\/10\/3-1-1-768x910.jpg 768w, https:\/\/www.lou-broustaricq.com\/wp-content\/uploads\/2023\/10\/3-1-1.jpg 1080w\" sizes=\"(max-width: 864px) 100vw, 864px\" title=\"\"><\/figure>\n<\/figure>\n<\/div>\n<\/div>\n\n\n\n<div class=\"is-layout-flow wp-block-group alignfull diaporama-header L-00\">\n<figure class=\"is-layout-flex wp-block-gallery-22 wp-block-gallery has-nested-images columns-default is-cropped fc-auto\">\n<figure class=\"wp-block-image size-full fc-auto\"><img decoding=\"async\" width=\"1920\" height=\"1281\" src=\"https:\/\/www.lou-broustaricq.com\/wp-content\/uploads\/2023\/10\/beach-g428956b1e_1920-1.jpg\" alt=\"\" class=\"wp-image-2680\" srcset=\"https:\/\/www.lou-broustaricq.com\/wp-content\/uploads\/2023\/10\/beach-g428956b1e_1920-1.jpg 1920w, https:\/\/www.lou-broustaricq.com\/wp-content\/uploads\/2023\/10\/beach-g428956b1e_1920-1-300x200.jpg 300w, https:\/\/www.lou-broustaricq.com\/wp-content\/uploads\/2023\/10\/beach-g428956b1e_1920-1-1024x683.jpg 1024w, https:\/\/www.lou-broustaricq.com\/wp-content\/uploads\/2023\/10\/beach-g428956b1e_1920-1-768x512.jpg 768w, https:\/\/www.lou-broustaricq.com\/wp-content\/uploads\/2023\/10\/beach-g428956b1e_1920-1-1536x1025.jpg 1536w\" sizes=\"(max-width: 1920px) 100vw, 1920px\" title=\"\"><\/figure>\n<\/figure>\n\n\n\n<div class=\"is-layout-flex wp-container-26 wp-block-columns\">\n<div class=\"is-layout-flow wp-block-column has-blanc-background-color has-background\">\n<h2 class=\"h4\">Camping 4 estrellas Landas para unas vacaciones inolvidables<\/h2>\n\n\n\n<h3 class=\"h2 has-bleu-color has-text-color\">Vacaciones en las Landas, junto al mar<\/h3>\n\n\n\n<p>En las Landas, en la regi\u00f3n de Nouvelle Aquitaine, no s\u00f3lo encontrar\u00e1 hermosos lagos, sino tambi\u00e9n bosques de pinos mar\u00edtimos, el oc\u00e9ano Atl\u00e1ntico y el c\u00e1lido ambiente del Suroeste. Si lo desea, puede ba\u00f1arse todos los d\u00edas de sus vacaciones de camping. S\u00f3lo tiene que encontrar un alojamiento de 4 estrellas junto al mar. Por supuesto, en la regi\u00f3n de Las Landas abundan este tipo de alojamientos.<\/p>\n\n\n\n<p>Tambi\u00e9n puede optar por las casas m\u00f3viles del camping Lou Broustaricq. Aunque tiene <strong>acceso directo al lago de Sanguinet<\/strong> y no al mar, es un destino imprescindible. Est\u00e1 a un corto trayecto en coche o en bicicleta de la playa de su elecci\u00f3n. Ten las agallas de probar el ciclismo Te sentir\u00e1s genial cuando te des un chapuz\u00f3n despu\u00e9s de un gran paseo.<\/p>\n\n\n\n<p>Los <strong>campings de 4 estrellas de las Landas<\/strong> son lugares maravillosos para relajarse, divertirse y desconectar. Desde un solo lugar, tendr\u00e1 acceso a otros destinos de primera categor\u00eda. Para pasar unas vacaciones excepcionales, sea cual sea su presupuesto, no deje de visitar el <a href=\"https:\/\/www.lou-broustaricq.com\/es\/\" data-type=\"page\" data-id=\"2\">camping Lou Broustaricq en Sanguinet<\/a>.<\/p>\n<\/div>\n\n\n\n<div class=\"is-layout-flow wp-block-column\">\n<h2 class=\"h3\">Disfrute de las vistas en el camping Lou Broustaricq en las Landas<\/h2>\n\n\n\n<p>El camping Lou Broustaricq est\u00e1 situado en el <strong>coraz\u00f3n de la regi\u00f3n de Las Landas<\/strong>. Est\u00e1 rodeado por el bosque de las Landas y muchos destinos hermosos a menos de 30 minutos, como la cuenca de Arcachon, la Duna du Pilat, Biscarrosse, las playas de arena fina de Mimizan, lugares para practicar surf, etc.<\/p>\n\n\n\n<div class=\"wp-block-fc-gut-lire-plus fc-desk\"><p class=\"has-text-align-left btn-lire-plus\">Seguir leyendo<\/p>\n<h3 class=\"h4\">La cuenca de Arcachon<\/h3>\n\n\n\n<p>Arcachon es una cuenca de bellos parajes naturales. Para un buen ba\u00f1o de temporada, dir\u00edjase a Andernos-les-Bains. Si le gustan las corrientes marinas y la observaci\u00f3n de aves, s\u00f3lo tiene que dirigirse al Banc d&#8217;Arguin.<\/p>\n\n\n\n<h3 class=\"h4\">Biscarrosse<\/h3>\n\n\n\n<p>Biscarrosse es una magn\u00edfica ciudad con varias playas mar\u00edtimas y lacustres. Las playas m\u00e1s bonitas de la regi\u00f3n son Sainte-Eulalie-en-Born, Navarrosse y Sanguinet. Se lo pasar\u00e1 en grande en estas vastas extensiones de arena fina, mientras disfruta de un excelente aperitivo y mucha diversi\u00f3n.<\/p>\n<\/div>\n<\/div>\n<\/div>\n<\/div>\n","protected":false},"excerpt":{"rendered":"<p>Camping Lou Broustaricq en Sanguinet Camping 4 estrellas Landas El destino ideal para unas vacaciones familiares en camping \u00bfLe gusta la naturaleza, los deportes n\u00e1uticos, la gastronom\u00eda o la cultura? La regi\u00f3n de las Landas ofrece una majestuosa acogida en un entorno natural y un gran espacio virgen. Encontrar\u00e1 alojamientos y espacios impresionantes, como nuestro [&hellip;]<\/p>\n","protected":false},"author":1,"featured_media":0,"parent":0,"menu_order":0,"comment_status":"closed","ping_status":"closed","template":"","meta":[],"acf":[],"_links":{"self":[{"href":"https:\/\/www.lou-broustaricq.com\/es\/wp-json\/wp\/v2\/pages\/4015"}],"collection":[{"href":"https:\/\/www.lou-broustaricq.com\/es\/wp-json\/wp\/v2\/pages"}],"about":[{"href":"https:\/\/www.lou-broustaricq.com\/es\/wp-json\/wp\/v2\/types\/page"}],"author":[{"embeddable":true,"href":"https:\/\/www.lou-broustaricq.com\/es\/wp-json\/wp\/v2\/users\/1"}],"replies":[{"embeddable":true,"href":"https:\/\/www.lou-broustaricq.com\/es\/wp-json\/wp\/v2\/comments?post=4015"}],"version-history":[{"count":2,"href":"https:\/\/www.lou-broustaricq.com\/es\/wp-json\/wp\/v2\/pages\/4015\/revisions"}],"predecessor-version":[{"id":4349,"href":"https:\/\/www.lou-broustaricq.com\/es\/wp-json\/wp\/v2\/pages\/4015\/revisions\/4349"}],"wp:attachment":[{"href":"https:\/\/www.lou-broustaricq.com\/es\/wp-json\/wp\/v2\/media?parent=4015"}],"curies":[{"name":"wp","href":"https:\/\/api.w.org\/{rel}","templated":true}]}}