{"id":4012,"date":"2023-10-11T14:21:20","date_gmt":"2023-10-11T12:21:20","guid":{"rendered":"https:\/\/www.lou-broustaricq.com\/espace-bien-etre\/"},"modified":"2023-11-22T15:27:14","modified_gmt":"2023-11-22T14:27:14","slug":"espace-bien-etre","status":"publish","type":"page","link":"https:\/\/www.lou-broustaricq.com\/es\/espace-bien-etre\/","title":{"rendered":"Bienestar"},"content":{"rendered":"\n<div class=\"is-layout-flow wp-block-group alignfull diaporama-header L-00\">\n<figure class=\"is-layout-flex wp-block-gallery-1 wp-block-gallery has-nested-images columns-default is-cropped fc-auto\">\n<figure class=\"wp-block-image size-full fc-auto\"><img decoding=\"async\" width=\"1920\" height=\"1280\" src=\"https:\/\/www.lou-broustaricq.com\/wp-content\/uploads\/2023\/10\/spa-17.jpg\" alt=\"\" class=\"wp-image-3524\" srcset=\"https:\/\/www.lou-broustaricq.com\/wp-content\/uploads\/2023\/10\/spa-17.jpg 1920w, https:\/\/www.lou-broustaricq.com\/wp-content\/uploads\/2023\/10\/spa-17-300x200.jpg 300w, https:\/\/www.lou-broustaricq.com\/wp-content\/uploads\/2023\/10\/spa-17-1024x683.jpg 1024w, https:\/\/www.lou-broustaricq.com\/wp-content\/uploads\/2023\/10\/spa-17-768x512.jpg 768w, https:\/\/www.lou-broustaricq.com\/wp-content\/uploads\/2023\/10\/spa-17-1536x1024.jpg 1536w\" sizes=\"(max-width: 1920px) 100vw, 1920px\" title=\"\"><\/figure>\n<\/figure>\n<\/div>\n\n\n\n<div class=\"is-layout-flex wp-container-8 wp-block-columns reverse-mob L-10\">\n<div class=\"is-layout-flow wp-block-column\">\n<figure class=\"is-layout-flex wp-block-gallery-4 wp-block-gallery has-nested-images columns-default is-cropped fc-diapo fc-full\">\n<figure class=\"wp-block-image size-full fc-auto\"><img decoding=\"async\" width=\"1024\" height=\"1280\" src=\"https:\/\/www.lou-broustaricq.com\/wp-content\/uploads\/2023\/10\/spa-19.jpg\" alt=\"\" class=\"wp-image-3529\" srcset=\"https:\/\/www.lou-broustaricq.com\/wp-content\/uploads\/2023\/10\/spa-19.jpg 1024w, https:\/\/www.lou-broustaricq.com\/wp-content\/uploads\/2023\/10\/spa-19-240x300.jpg 240w, https:\/\/www.lou-broustaricq.com\/wp-content\/uploads\/2023\/10\/spa-19-819x1024.jpg 819w, https:\/\/www.lou-broustaricq.com\/wp-content\/uploads\/2023\/10\/spa-19-768x960.jpg 768w\" sizes=\"(max-width: 1024px) 100vw, 1024px\" title=\"\"><\/figure>\n<\/figure>\n<\/div>\n\n\n\n<div class=\"is-layout-flow wp-block-column col-texte has-marron-clair-background-color has-background\">\n<p class=\"h2 has-marron-color has-text-color\">Relajaci\u00f3n y bienestar<\/p>\n\n\n\n<h1 class=\"h4\">Alojarse en un camping con spa en las Landas<\/h1>\n\n\n\n<ul class=\"pictos\">\n<li><span class=\"fc-icon spa-light\"><\/span>  Spa de 100 m\u00b2<\/li>\n\n\n\n<li><span class=\"fc-icon heat-light\"><\/span>  Masajes, hammam<br>y sauna.<\/li>\n\n\n\n<li><span class=\"fc-icon hand-sparkles-light\"><\/span>  Centro de belleza<br>y cuidado de las u\u00f1as<\/li>\n<\/ul>\n\n\n\n<p class=\"h4\">Abierto a partir de abril<\/p>\n\n\n\n<p>Esc\u00e1pese del estr\u00e9s de la vida cotidiana, recargue las pilas y salga con tranquilidad, disfrutando de nuestro espacio.  \u00a1<strong>Spa <\/strong>y bienestar en las <strong>Landas <\/strong>, en <strong>Sanguinet<\/strong>! El camping <strong>Lou Broustaricq<\/strong> le ofrece tratamientos termales relajantes y numerosas actividades y <strong>servicios 4 estrellas<\/strong> en las Landas, ideales para unas vacaciones en familia.<\/p>\n\n\n\n<h2 class=\"h4\">Un centro termal y de bienestar en las Landas.<\/h2>\n\n\n\n<div class=\"wp-block-fc-gut-lire-plus fc-desk\"><p class=\"has-text-align-left btn-lire-plus\">Para saber m\u00e1s<br><\/p>\n<p>En un <strong>spa de 100 m\u00b2 en las Landas <\/strong>dedicado al bienestar, encontrar\u00e1 <strong>masajes<\/strong>, <strong>ba\u00f1os de vapor<\/strong> y <strong>saunas<\/strong>.<br>Un sal\u00f3n de recepci\u00f3n con zona de t\u00e9, una cabina d\u00fao, una cabina de tratamientos, un <a href=\"https:\/\/www.coco-cha-nails-academy.fr\/a-propos\/\" target=\"_blank\" rel=\"noreferrer noopener\">\n  <strong>centro de belleza<\/strong>\n<\/a> con <strong>sal\u00f3n de manicura<\/strong>: \u00a1rejuvenecimiento garantizado!<\/p>\n\n\n\n<p>Este espacio, creado \u00edntegramente en 2019, promete momentos de <strong>dulzura <\/strong>y <strong>relajaci\u00f3n<\/strong>.<br>Tanto si se aloja en <a href=\"https:\/\/www.lou-broustaricq.com\/es\/alojamiento\/\" data-type=\"page\" data-id=\"1040\">una casa m\u00f3vil<\/a> como en una parcela de camping, podr\u00e1 disfrutar de esta zona especialmente dise\u00f1ada para su bienestar <strong>vacacional<\/strong>.<\/p>\n<\/div>\n<\/div>\n<\/div>\n\n\n\n<div class=\"is-layout-flex wp-container-13 wp-block-columns L-10\">\n<div class=\"is-layout-flow wp-block-column col-texte\">\n<h2 class=\"has-bleu-color has-text-color\">Bienestar y convivencia en Sanguinet<\/h2>\n\n\n\n<p class=\"h4\">Su sesi\u00f3n termal en las Landas<\/p>\n\n\n\n<p>Disfrute de nuestro camping en el <strong>suroeste <\/strong>de Francia y de nuestra <a href=\"https:\/\/www.coco-cha-nails-academy.fr\/a-propos\/\" target=\"_blank\" rel=\"noreferrer noopener\"><strong>zona termal<\/strong><\/a> para relajarse en familia cerca del lago de Sanguinet y <strong>Biscarrosse<\/strong>.<br>Nuestro <strong>camping de 4 estrellas en las Landas<\/strong> le ofrece un alojamiento de calidad, magn\u00edficas opciones de descanso in situ y actividades recreativas <strong>para toda<\/strong> la familia.<\/p>\n\n\n\n<p>Adem\u00e1s de nuestra zona de descanso, ofrecemos c\u00f3modos <strong>alquileres de casas m\u00f3viles<\/strong>, un club infantil y un parque acu\u00e1tico con piscina.<\/p>\n\n\n\n<div class=\"wp-block-fc-gut-encart fc-information\">\n<h3 class=\"h4\">Lo que hay que saber para acceder al spa<\/h3>\n\n\n\n<p>Para acceder al spa, necesitar\u00e1 un ba\u00f1ador (se aceptan pantalones cortos de hombre) y un par de pinzas limpias.<br>Llegue 15 minutos antes del inicio del tratamiento.<\/p>\n<\/div>\n<\/div>\n\n\n\n<div class=\"is-layout-flow wp-block-column\">\n<figure class=\"is-layout-flex wp-block-gallery-10 wp-block-gallery has-nested-images columns-default is-cropped fc-diapo fc-full\">\n<figure class=\"wp-block-image size-large fc-auto\"><img decoding=\"async\" width=\"1024\" height=\"683\" src=\"https:\/\/www.lou-broustaricq.com\/wp-content\/uploads\/2023\/10\/espace-aquatique-18-1024x683.jpg\" alt=\"\" class=\"wp-image-3326\" srcset=\"https:\/\/www.lou-broustaricq.com\/wp-content\/uploads\/2023\/10\/espace-aquatique-18-1024x683.jpg 1024w, https:\/\/www.lou-broustaricq.com\/wp-content\/uploads\/2023\/10\/espace-aquatique-18-300x200.jpg 300w, https:\/\/www.lou-broustaricq.com\/wp-content\/uploads\/2023\/10\/espace-aquatique-18-768x512.jpg 768w, https:\/\/www.lou-broustaricq.com\/wp-content\/uploads\/2023\/10\/espace-aquatique-18-1536x1024.jpg 1536w, https:\/\/www.lou-broustaricq.com\/wp-content\/uploads\/2023\/10\/espace-aquatique-18.jpg 1920w\" sizes=\"(max-width: 1024px) 100vw, 1024px\" title=\"\"><\/figure>\n<\/figure>\n<\/div>\n<\/div>\n\n\n\n<div class=\"is-layout-constrained wp-block-group L-20 has-bleu-fonce-background-color has-background\">\n<h2 class=\"has-text-align-center has-marron-color has-text-color\">\u00a1Servicios de 4 estrellas en <span class=\"fc-span\">un camping de las Landas!<\/span><\/h2>\n\n\n\n<p class=\"has-text-align-center has-blanc-color has-text-color\">Lou Broustaricq, nuestro camping en las Landas, le ofrece unas vacaciones con todas las comodidades.  <strong>relajaci\u00f3n <\/strong>para todos  <strong>veraneantes <\/strong>que quieran recargar las pilas, disfrutar de la familia y el sol del  <strong>Costa atl\u00e1ntica.<\/strong> Con sus piscinas, hammam, sauna y sesiones de masaje <strong><a href=\"https:\/\/www.coco-cha-nails-academy.fr\/a-propos\/\" target=\"_blank\" rel=\"noreferrer noopener\">sesiones de masaje<\/a> <\/strong>as\u00ed como el bar de aperitivos, es un lugar ideal para pasar tiempo en <strong>la naturaleza <\/strong>mientras disfruta de <strong>la comodidad <\/strong>y <strong>los mimos<\/strong>.<\/p>\n\n\n\n<div class=\"wp-block-fc-gut-lire-plus fc-desk\"><p class=\"has-text-align-center btn-lire-plus\">Para saber m\u00e1s<\/p>\n<p class=\"has-text-align-center has-blanc-color has-text-color\">Imag\u00ednese relaj\u00e1ndose en nuestro <strong>spa<\/strong>, rodeado de un <strong>apacible paisaje cerca del lago de Sanguinet<\/strong>, en la regi\u00f3n francesa de Las Landas. Podr\u00e1 disfrutar de un <strong>masaje relajante<\/strong> para aliviar el estr\u00e9s, del calor calmante de la <strong>sauna <\/strong>para purificar su cuerpo y de la humedad regeneradora del <strong>hammam <\/strong>para nutrir su piel.<\/p>\n\n\n\n<p class=\"has-text-align-center has-blanc-color has-text-color\">En nuestro <strong>balneario de los p\u00e1ramos<\/strong>, cerca del lago de Sanguinet, podr\u00e1 disfrutar del paisaje mientras se <strong>relaja <\/strong>y se <strong>mima<\/strong>. Tambi\u00e9n puede explorar actividades al aire libre como senderismo, vela o pesca y utilizar el spa para relajarse tras un d\u00eda de aventuras.<\/p>\n<\/div>\n\n\n\n<figure class=\"is-layout-flex wp-block-gallery-14 wp-block-gallery has-nested-images columns-4 is-cropped fc-diapo-mob fc-auto\">\n<figure class=\"wp-block-image size-large fc-auto\"><img decoding=\"async\" width=\"864\" height=\"1024\" src=\"https:\/\/www.lou-broustaricq.com\/wp-content\/uploads\/2023\/10\/jpeg-optimizer_Coralie-Terree-0945-864x1024.jpg\" alt=\"\" class=\"wp-image-580\" srcset=\"https:\/\/www.lou-broustaricq.com\/wp-content\/uploads\/2023\/10\/jpeg-optimizer_Coralie-Terree-0945-864x1024.jpg 864w, https:\/\/www.lou-broustaricq.com\/wp-content\/uploads\/2023\/10\/jpeg-optimizer_Coralie-Terree-0945-253x300.jpg 253w, https:\/\/www.lou-broustaricq.com\/wp-content\/uploads\/2023\/10\/jpeg-optimizer_Coralie-Terree-0945-768x910.jpg 768w, https:\/\/www.lou-broustaricq.com\/wp-content\/uploads\/2023\/10\/jpeg-optimizer_Coralie-Terree-0945.jpg 1080w\" sizes=\"(max-width: 864px) 100vw, 864px\" title=\"\"><figcaption class=\"wp-element-caption\">Masaje<\/figcaption><\/figure>\n\n\n\n<figure class=\"wp-block-image size-full fc-auto\"><img decoding=\"async\" width=\"336\" height=\"399\" src=\"https:\/\/www.lou-broustaricq.com\/wp-content\/uploads\/2023\/10\/Capture-16.jpg\" alt=\"\" class=\"wp-image-556\" srcset=\"https:\/\/www.lou-broustaricq.com\/wp-content\/uploads\/2023\/10\/Capture-16.jpg 336w, https:\/\/www.lou-broustaricq.com\/wp-content\/uploads\/2023\/10\/Capture-16-253x300.jpg 253w\" sizes=\"(max-width: 336px) 100vw, 336px\" title=\"\"><figcaption class=\"wp-element-caption\">Spa<\/figcaption><\/figure>\n\n\n\n<figure class=\"wp-block-image size-full fc-auto\"><img decoding=\"async\" width=\"449\" height=\"533\" src=\"https:\/\/www.lou-broustaricq.com\/wp-content\/uploads\/2023\/10\/DSC_0023.jpg\" alt=\"\" class=\"wp-image-568\" srcset=\"https:\/\/www.lou-broustaricq.com\/wp-content\/uploads\/2023\/10\/DSC_0023.jpg 449w, https:\/\/www.lou-broustaricq.com\/wp-content\/uploads\/2023\/10\/DSC_0023-253x300.jpg 253w\" sizes=\"(max-width: 449px) 100vw, 449px\" title=\"\"><figcaption class=\"wp-element-caption\">Hammam y sauna<\/figcaption><\/figure>\n\n\n\n<figure class=\"wp-block-image size-large fc-auto\"><img decoding=\"async\" width=\"864\" height=\"1024\" src=\"https:\/\/www.lou-broustaricq.com\/wp-content\/uploads\/2023\/10\/allison-christine-SZ5jTdT6mVY-unsplash-864x1024.jpg\" alt=\"\" class=\"wp-image-3227\" srcset=\"https:\/\/www.lou-broustaricq.com\/wp-content\/uploads\/2023\/10\/allison-christine-SZ5jTdT6mVY-unsplash-864x1024.jpg 864w, https:\/\/www.lou-broustaricq.com\/wp-content\/uploads\/2023\/10\/allison-christine-SZ5jTdT6mVY-unsplash-253x300.jpg 253w, https:\/\/www.lou-broustaricq.com\/wp-content\/uploads\/2023\/10\/allison-christine-SZ5jTdT6mVY-unsplash-768x910.jpg 768w, https:\/\/www.lou-broustaricq.com\/wp-content\/uploads\/2023\/10\/allison-christine-SZ5jTdT6mVY-unsplash.jpg 1080w\" sizes=\"(max-width: 864px) 100vw, 864px\" title=\"\"><figcaption class=\"wp-element-caption\">Cuidado de las u\u00f1as<\/figcaption><\/figure>\n<\/figure>\n\n\n\n<div class=\"is-content-justification-center is-layout-flex wp-container-16 wp-block-buttons\">\n<div class=\"wp-block-button fc-style-1\"><a class=\"wp-block-button__link wp-element-button\" href=\"https:\/\/www.lou-broustaricq.com\/es\/galeria-de-fotos\/\"><span class=\"fc-icon images-regular\"><\/span>  Ver la galer\u00eda de fotos<\/a><\/div>\n<\/div>\n<\/div>\n\n\n\n<div class=\"is-layout-flow wp-block-group alignfull diaporama-header L-00\">\n<figure class=\"is-layout-flex wp-block-gallery-18 wp-block-gallery has-nested-images columns-default is-cropped fc-auto\">\n<figure class=\"wp-block-image size-full fc-auto\"><img decoding=\"async\" width=\"1919\" height=\"1097\" src=\"https:\/\/www.lou-broustaricq.com\/wp-content\/uploads\/2023\/10\/alentours.jpg\" alt=\"\" class=\"wp-image-3537\" srcset=\"https:\/\/www.lou-broustaricq.com\/wp-content\/uploads\/2023\/10\/alentours.jpg 1919w, https:\/\/www.lou-broustaricq.com\/wp-content\/uploads\/2023\/10\/alentours-300x171.jpg 300w, https:\/\/www.lou-broustaricq.com\/wp-content\/uploads\/2023\/10\/alentours-1024x585.jpg 1024w, https:\/\/www.lou-broustaricq.com\/wp-content\/uploads\/2023\/10\/alentours-768x439.jpg 768w, https:\/\/www.lou-broustaricq.com\/wp-content\/uploads\/2023\/10\/alentours-1536x878.jpg 1536w\" sizes=\"(max-width: 1919px) 100vw, 1919px\" title=\"\"><\/figure>\n<\/figure>\n\n\n\n<div class=\"is-layout-flex wp-container-23 wp-block-columns\">\n<div class=\"is-layout-flow wp-block-column has-blanc-background-color has-background\">\n<h2 class=\"has-bleu-color has-text-color\">Descubrir las Landas<\/h2>\n\n\n\n<p>Entre dos sesiones de spa, descubra los alrededores de nuestro <strong>camping, cerca del lago de Sanguinet<\/strong>, en las Landas. El lago es un lugar ideal para <strong>pasear <\/strong>o <strong>ir en bicicleta <\/strong>con la familia o los ni\u00f1os. Tambi\u00e9n puede <strong>ba\u00f1arse <\/strong>en el lago e incluso en <strong>el oc\u00e9ano Atl\u00e1ntico<\/strong>, a s\u00f3lo unos kil\u00f3metros.<\/p>\n\n\n\n<div class=\"wp-block-fc-gut-lire-plus fc-desk\"><p class=\"has-text-align-left btn-lire-plus\">Para saber m\u00e1s<\/p>\n<p>Descubra la famosa y magn\u00edfica Duna del Pilat. Pasee por el <strong>Bassin d&#8217;Arcachon<\/strong>, donde podr\u00e1 admirar las <strong>cabanes tchanqu\u00e9es <\/strong>y dar un paseo en barco por la cuenca y <strong>el Cap Ferret<\/strong>. \u00a1Descubra los restaurantes y marisquer\u00edas de <strong>Biscarrosse <\/strong>! Hay multitud de restaurantes donde degustar ostras frescas y otras delicias del mar.<\/p>\n\n\n\n<p>La regi\u00f3n <strong>de las Landas <\/strong>es magn\u00edfica y ofrece un sinf\u00edn de actividades para grandes y peque\u00f1os, junto al lago, en la <strong>costa landesa<\/strong> y en los <strong>pinares<\/strong>. Un cambio de aires garantizado en un entorno natural para unas vacaciones inolvidables.<\/p>\n\n\n\n<p>Los Moorlands ofrecen una <strong>incre\u00edble variedad de<\/strong> cosas que hacer y lugares que ver, as\u00ed que tanto si viene por un d\u00eda como por diez, nunca se aburrir\u00e1. Se pueden practicar numerosas actividades, como senderismo, ciclismo, pesca y <strong>observaci\u00f3n de aves<\/strong>, a su propio ritmo o con un gu\u00eda experto. Si tiene ni\u00f1os en la familia, las Landas ofrecen numerosas <strong>actividades<\/strong> al aire libre que les encantar\u00e1n.<\/p>\n<\/div>\n\n\n\n<div class=\"is-layout-flex wp-block-buttons\">\n<div class=\"wp-block-button btn_resa\"><a class=\"wp-block-button__link wp-element-button\"><span class=\"fc-icon magnifying-glass-regular\"><\/span>  Reserve<\/a><\/div>\n<\/div>\n<\/div>\n\n\n\n<div class=\"is-layout-flow wp-block-column\"><\/div>\n<\/div>\n<\/div>\n","protected":false},"excerpt":{"rendered":"<p>Relajaci\u00f3n y bienestar Alojarse en un camping con spa en las Landas Abierto a partir de abril Esc\u00e1pese del estr\u00e9s de la vida cotidiana, recargue las pilas y salga con tranquilidad, disfrutando de nuestro espacio. \u00a1Spa y bienestar en las Landas , en Sanguinet! El camping Lou Broustaricq le ofrece tratamientos termales relajantes y numerosas [&hellip;]<\/p>\n","protected":false},"author":1,"featured_media":0,"parent":0,"menu_order":0,"comment_status":"closed","ping_status":"closed","template":"","meta":[],"acf":[],"_links":{"self":[{"href":"https:\/\/www.lou-broustaricq.com\/es\/wp-json\/wp\/v2\/pages\/4012"}],"collection":[{"href":"https:\/\/www.lou-broustaricq.com\/es\/wp-json\/wp\/v2\/pages"}],"about":[{"href":"https:\/\/www.lou-broustaricq.com\/es\/wp-json\/wp\/v2\/types\/page"}],"author":[{"embeddable":true,"href":"https:\/\/www.lou-broustaricq.com\/es\/wp-json\/wp\/v2\/users\/1"}],"replies":[{"embeddable":true,"href":"https:\/\/www.lou-broustaricq.com\/es\/wp-json\/wp\/v2\/comments?post=4012"}],"version-history":[{"count":2,"href":"https:\/\/www.lou-broustaricq.com\/es\/wp-json\/wp\/v2\/pages\/4012\/revisions"}],"predecessor-version":[{"id":4303,"href":"https:\/\/www.lou-broustaricq.com\/es\/wp-json\/wp\/v2\/pages\/4012\/revisions\/4303"}],"wp:attachment":[{"href":"https:\/\/www.lou-broustaricq.com\/es\/wp-json\/wp\/v2\/media?parent=4012"}],"curies":[{"name":"wp","href":"https:\/\/api.w.org\/{rel}","templated":true}]}}