{"id":3988,"date":"2023-10-19T10:33:09","date_gmt":"2023-10-19T08:33:09","guid":{"rendered":"https:\/\/www.lou-broustaricq.com\/camping-lac-de-sanguinet\/"},"modified":"2023-11-24T11:32:29","modified_gmt":"2023-11-24T10:32:29","slug":"camping-lac-de-sanguinet","status":"publish","type":"page","link":"https:\/\/www.lou-broustaricq.com\/es\/camping-lac-de-sanguinet\/","title":{"rendered":"Descubrir el lago de Sanguinet en las Landas"},"content":{"rendered":"\n<div class=\"is-layout-flow wp-block-group alignfull diaporama-header\">\n<figure class=\"is-layout-flex wp-block-gallery-1 wp-block-gallery has-nested-images columns-default is-cropped fc-auto\">\n<figure class=\"wp-block-image size-full fc-auto\"><img decoding=\"async\" width=\"1920\" height=\"1080\" src=\"https:\/\/www.lou-broustaricq.com\/wp-content\/uploads\/2023\/10\/Vuelac.jpg\" alt=\"\" class=\"wp-image-94\" srcset=\"https:\/\/www.lou-broustaricq.com\/wp-content\/uploads\/2023\/10\/Vuelac.jpg 1920w, https:\/\/www.lou-broustaricq.com\/wp-content\/uploads\/2023\/10\/Vuelac-300x169.jpg 300w, https:\/\/www.lou-broustaricq.com\/wp-content\/uploads\/2023\/10\/Vuelac-1024x576.jpg 1024w, https:\/\/www.lou-broustaricq.com\/wp-content\/uploads\/2023\/10\/Vuelac-768x432.jpg 768w, https:\/\/www.lou-broustaricq.com\/wp-content\/uploads\/2023\/10\/Vuelac-1536x864.jpg 1536w\" sizes=\"(max-width: 1920px) 100vw, 1920px\" title=\"\"><\/figure>\n<\/figure>\n<\/div>\n\n\n\n<div class=\"is-layout-flex wp-container-8 wp-block-columns reverse-mob L-10\">\n<div class=\"is-layout-flow wp-block-column\">\n<figure class=\"is-layout-flex wp-block-gallery-4 wp-block-gallery has-nested-images columns-default is-cropped fc-diapo fc-full\">\n<figure class=\"wp-block-image size-full fc-auto\"><img decoding=\"async\" width=\"1000\" height=\"683\" src=\"https:\/\/www.lou-broustaricq.com\/wp-content\/uploads\/2023\/10\/vue-aerienne-lac1.jpg\" alt=\"\" class=\"wp-image-3168\" srcset=\"https:\/\/www.lou-broustaricq.com\/wp-content\/uploads\/2023\/10\/vue-aerienne-lac1.jpg 1000w, https:\/\/www.lou-broustaricq.com\/wp-content\/uploads\/2023\/10\/vue-aerienne-lac1-300x205.jpg 300w, https:\/\/www.lou-broustaricq.com\/wp-content\/uploads\/2023\/10\/vue-aerienne-lac1-768x525.jpg 768w\" sizes=\"(max-width: 1000px) 100vw, 1000px\" title=\"\"><\/figure>\n<\/figure>\n<\/div>\n\n\n\n<div class=\"is-layout-flow wp-block-column col-texte\">\n<h1 class=\"h3\">Descubrir el lago de Sanguinet en las Landas<\/h1>\n\n\n\n<p class=\"h1 has-bleu-color has-text-color\">Camping en el lago de Sanguinet<\/p>\n\n\n\n<p>Venga a descubrir el Lac du Sanguinet, uno de los lagos m\u00e1s grandes de Francia, una zona virgen rodeada de los pinares t\u00edpicos de la regi\u00f3n.<\/p>\n\n\n\n<h2 class=\"h4\">Alrededores del lago Sanguinet<\/h2>\n\n\n\n<p>Hay numerosos senderos a lo largo del lago y carriles bici que lo rodean. Tanto si busca un paseo tranquilo con la familia como una salida deportiva en bicicleta de monta\u00f1a, hay algo para todos los gustos.<\/p>\n\n\n\n<p>\u00bfNo llevas bicicleta?<br>Que no cunda el p\u00e1nico, hay puntos de alquiler cerca del lago.<br>Para los amantes de los caballos, tambi\u00e9n hay un picadero que ofrece paseos a caballo por el lago.<\/p>\n<\/div>\n<\/div>\n\n\n\n<div class=\"is-layout-flex wp-container-13 wp-block-columns L-10\">\n<div class=\"is-layout-flow wp-block-column col-texte\">\n<h2 class=\"has-marron-color has-text-color\">Lac de Sanguinet: <span class=\"fc-span\">playa y ocio<\/span><\/h2>\n\n\n\n<p>En el lago de Sanguinet hay dos playas: Plage du Pavillon y Plage du Caton. Ambas playas est\u00e1n vigiladas durante los meses de verano.<br>Las playas est\u00e1n bordeadas de muchos \u00e1rboles para protegerse del sol. Eso s\u00ed, no olvide llevar su tubo de crema solar, ya que el sol pega fuerte en verano.<\/p>\n\n\n\n<h3 class=\"h4\">\u00bfCu\u00e1l es la playa m\u00e1s bonita del lago de Sanguinet?<\/h3>\n\n\n\n<p>La playa de Cat\u00f3n es una playa de arena fina en un espacio natural protegido, al abrigo de los pinos.<\/p>\n\n\n\n<p>Vigilado en julio y agosto y accesible para personas con movilidad reducida, tambi\u00e9n est\u00e1 equipado con un puesto de primeros auxilios, un bar-restaurante y una zona de picnic: todo lo necesario para relajarse durante todo el d\u00eda.<\/p>\n\n\n\n<h3 class=\"h4\">Nataci\u00f3n en el lago Sanguinet<\/h3>\n\n\n\n<p>El lago de Sanguinet es ideal para ba\u00f1arse en familia. El agua del lago tiene una pendiente suave, es poco profunda y tranquila, ideal para nadar con seguridad con ni\u00f1os peque\u00f1os.<\/p>\n\n\n\n<p>La temperatura del agua suele alcanzar los 28\u00b0C en verano, por lo que es f\u00e1cil meterse en el agua y pasarlo en grande. Imag\u00ednese un d\u00eda de ensue\u00f1o nadando en aguas agradables, un picnic bajo los pinos y un poco de helado para refrescarse.<\/p>\n<\/div>\n\n\n\n<div class=\"is-layout-flow wp-block-column\">\n<figure class=\"is-layout-flex wp-block-gallery-10 wp-block-gallery has-nested-images columns-default is-cropped fc-diapo fc-full\">\n<figure class=\"wp-block-image size-large fc-auto\"><img decoding=\"async\" width=\"1024\" height=\"683\" src=\"https:\/\/www.lou-broustaricq.com\/wp-content\/uploads\/2023\/10\/beach-ga1e66406d_1920-1-1024x683.jpg\" alt=\"\" class=\"wp-image-3172\" srcset=\"https:\/\/www.lou-broustaricq.com\/wp-content\/uploads\/2023\/10\/beach-ga1e66406d_1920-1-1024x683.jpg 1024w, https:\/\/www.lou-broustaricq.com\/wp-content\/uploads\/2023\/10\/beach-ga1e66406d_1920-1-300x200.jpg 300w, https:\/\/www.lou-broustaricq.com\/wp-content\/uploads\/2023\/10\/beach-ga1e66406d_1920-1-768x512.jpg 768w, https:\/\/www.lou-broustaricq.com\/wp-content\/uploads\/2023\/10\/beach-ga1e66406d_1920-1-1536x1024.jpg 1536w, https:\/\/www.lou-broustaricq.com\/wp-content\/uploads\/2023\/10\/beach-ga1e66406d_1920-1.jpg 1920w\" sizes=\"(max-width: 1024px) 100vw, 1024px\" title=\"\"><\/figure>\n<\/figure>\n<\/div>\n<\/div>\n\n\n\n<div class=\"is-layout-constrained wp-block-group L-20 has-bleu-fonce-background-color has-background\">\n<h2 class=\"has-text-align-center h4\">Qu\u00e9 hacer en el lago de Sanguinet<\/h2>\n\n\n\n<p class=\"has-text-align-center h2 has-marron-color has-text-color\">Actividades en el lago<\/p>\n\n\n\n<p class=\"has-text-align-center\">Adem\u00e1s de descansar en la playa y nadar, el lago ofrece una amplia gama de deportes acu\u00e1ticos. Hay un club de deportes acu\u00e1ticos donde podr\u00e1 practicar remo, pirag\u00fcismo, wave-rafting, submarinismo o pedalear con toda la familia. Tambi\u00e9n puede hacer un curso de windsurf o alquilar distintos tipos de embarcaciones en el club n\u00e1utico de Sanguinet.<\/p>\n\n\n\n<p class=\"has-text-align-center\">El patrimonio no falta en el lago de Sanguinet, donde se han descubierto pueblos hundidos y restos arqueol\u00f3gicos de m\u00e1s de 3.000 a\u00f1os de antig\u00fcedad. El Mus\u00e9e du Lac, que tiene categor\u00eda de museo franc\u00e9s, presentar\u00e1 50 a\u00f1os de excavaciones arqueol\u00f3gicas y le ayudar\u00e1 a comprender la vida de los pueblos que vivieron a orillas del lago durante 2.000 a\u00f1os.<\/p>\n\n\n\n<div class=\"wp-block-fc-gut-lire-plus fc-desk\"><p class=\"has-text-align-center btn-lire-plus\">Seguir leyendo<\/p>\n<h3 class=\"has-text-align-center\">Pesca en el lago Sanguinet<\/h3>\n\n\n\n<p class=\"has-text-align-center\">Con una superficie de 5.500 hect\u00e1reas, el lago ofrece a todo el mundo la posibilidad de pescar tranquilamente.<\/p>\n\n\n\n<p class=\"has-text-align-center\">Aqu\u00ed se pueden encontrar muchas especies, como lucios, carpas, luciopercas, truchas, tencas y black-bass. Para pescar en el lago, necesita una licencia de pesca, que puede obtener en la tienda de pesca.<\/p>\n<\/div>\n\n\n\n<figure class=\"is-layout-flex wp-block-gallery-14 wp-block-gallery has-nested-images columns-4 is-cropped fc-auto\">\n<figure class=\"wp-block-image size-large fc-auto\"><img decoding=\"async\" width=\"864\" height=\"1024\" src=\"https:\/\/www.lou-broustaricq.com\/wp-content\/uploads\/2023\/10\/IMG_12072-864x1024.jpg\" alt=\"\" class=\"wp-image-729\" srcset=\"https:\/\/www.lou-broustaricq.com\/wp-content\/uploads\/2023\/10\/IMG_12072-864x1024.jpg 864w, https:\/\/www.lou-broustaricq.com\/wp-content\/uploads\/2023\/10\/IMG_12072-253x300.jpg 253w, https:\/\/www.lou-broustaricq.com\/wp-content\/uploads\/2023\/10\/IMG_12072-768x910.jpg 768w, https:\/\/www.lou-broustaricq.com\/wp-content\/uploads\/2023\/10\/IMG_12072.jpg 1080w\" sizes=\"(max-width: 864px) 100vw, 864px\" title=\"\"><\/figure>\n\n\n\n<figure class=\"wp-block-image size-full fc-auto\"><img decoding=\"async\" width=\"718\" height=\"852\" src=\"https:\/\/www.lou-broustaricq.com\/wp-content\/uploads\/2023\/10\/windsurfing-g9a5862534_1280.jpg\" alt=\"\" class=\"wp-image-2214\" srcset=\"https:\/\/www.lou-broustaricq.com\/wp-content\/uploads\/2023\/10\/windsurfing-g9a5862534_1280.jpg 718w, https:\/\/www.lou-broustaricq.com\/wp-content\/uploads\/2023\/10\/windsurfing-g9a5862534_1280-253x300.jpg 253w\" sizes=\"(max-width: 718px) 100vw, 718px\" title=\"\"><\/figure>\n\n\n\n<figure class=\"wp-block-image size-full fc-auto\"><img decoding=\"async\" width=\"516\" height=\"612\" src=\"https:\/\/www.lou-broustaricq.com\/wp-content\/uploads\/2023\/10\/lac-loubroustaricq.jpg\" alt=\"\" class=\"wp-image-2070\" srcset=\"https:\/\/www.lou-broustaricq.com\/wp-content\/uploads\/2023\/10\/lac-loubroustaricq.jpg 516w, https:\/\/www.lou-broustaricq.com\/wp-content\/uploads\/2023\/10\/lac-loubroustaricq-253x300.jpg 253w\" sizes=\"(max-width: 516px) 100vw, 516px\" title=\"\"><\/figure>\n\n\n\n<figure class=\"wp-block-image size-full fc-auto\"><img decoding=\"async\" width=\"800\" height=\"500\" src=\"https:\/\/www.lou-broustaricq.com\/wp-content\/uploads\/2023\/10\/jeux-lutte.jpg\" alt=\"\" class=\"wp-image-2527\" srcset=\"https:\/\/www.lou-broustaricq.com\/wp-content\/uploads\/2023\/10\/jeux-lutte.jpg 800w, https:\/\/www.lou-broustaricq.com\/wp-content\/uploads\/2023\/10\/jeux-lutte-300x188.jpg 300w, https:\/\/www.lou-broustaricq.com\/wp-content\/uploads\/2023\/10\/jeux-lutte-768x480.jpg 768w\" sizes=\"(max-width: 800px) 100vw, 800px\" title=\"\"><\/figure>\n<\/figure>\n\n\n\n<div class=\"is-content-justification-center is-layout-flex wp-container-16 wp-block-buttons\">\n<div class=\"wp-block-button fc-style-1\"><a class=\"wp-block-button__link wp-element-button\" href=\"https:\/\/www.lou-broustaricq.com\/es\/actividades\/\"><span class=\"fc-icon volleyball-regular\"><\/span>  Descubra nuestras actividades<\/a><\/div>\n<\/div>\n<\/div>\n\n\n\n<div class=\"is-layout-flex wp-container-22 wp-block-columns reverse-mob L-10\">\n<div class=\"is-layout-flow wp-block-column\">\n<figure class=\"is-layout-flex wp-block-gallery-18 wp-block-gallery has-nested-images columns-default is-cropped fc-diapo fc-full\">\n<figure class=\"wp-block-image size-large fc-auto\"><img decoding=\"async\" width=\"683\" height=\"1024\" src=\"https:\/\/www.lou-broustaricq.com\/wp-content\/uploads\/2023\/10\/La-Teste-de-Buch-scaled-1-683x1024.jpg\" alt=\"\" class=\"wp-image-3090\" srcset=\"https:\/\/www.lou-broustaricq.com\/wp-content\/uploads\/2023\/10\/La-Teste-de-Buch-scaled-1-683x1024.jpg 683w, https:\/\/www.lou-broustaricq.com\/wp-content\/uploads\/2023\/10\/La-Teste-de-Buch-scaled-1-200x300.jpg 200w, https:\/\/www.lou-broustaricq.com\/wp-content\/uploads\/2023\/10\/La-Teste-de-Buch-scaled-1-768x1151.jpg 768w, https:\/\/www.lou-broustaricq.com\/wp-content\/uploads\/2023\/10\/La-Teste-de-Buch-scaled-1-1025x1536.jpg 1025w, https:\/\/www.lou-broustaricq.com\/wp-content\/uploads\/2023\/10\/La-Teste-de-Buch-scaled-1.jpg 1366w\" sizes=\"(max-width: 683px) 100vw, 683px\" title=\"\"><\/figure>\n<\/figure>\n<\/div>\n\n\n\n<div class=\"is-layout-flow wp-block-column col-texte has-marron-clair-background-color has-background\">\n<h2 class=\"has-marron-color has-text-color\">Acampar en el lago de Sanguinet<\/h2>\n\n\n\n<p>Muchos campings han optado por abrir sus puertas en Sanguinet, y es f\u00e1cil ver por qu\u00e9.<\/p>\n\n\n\n<p>Para unas vacaciones en familia con \u00e9xito, elija un camping a orillas del lago de Sanguinet, de 3 a 5 estrellas. Todos estos campings ofrecen una amplia gama de servicios y actividades, como animaci\u00f3n, <a href=\"https:\/\/www.lou-broustaricq.com\/es\/camping-parc-aquatique-landes\/\" data-type=\"page\" data-id=\"1044\">piscina<\/a> e incluso un parque acu\u00e1tico. Incluso puede elegir un camping con acceso directo al lago Sanguinet, para disfrutar de un entorno id\u00edlico.<\/p>\n\n\n\n<p><a href=\"https:\/\/www.lou-broustaricq.com\/es\/alojamiento\/\" data-type=\"page\" data-id=\"1040\"> Alquile una casa m\u00f3vil<\/a> o una parcela de camping en Lou Broustaricq. Ahora que ya sabe m\u00e1s sobre las atracciones y actividades del lago, s\u00f3lo tiene que preparar su equipo de camping para disfrutar de unas divertidas vacaciones en el lago de Sanguinet.<\/p>\n\n\n\n<p>\u00a1Los placeres del agua y la naturaleza verde son suyos!<\/p>\n<\/div>\n<\/div>\n","protected":false},"excerpt":{"rendered":"<p>Descubrir el lago de Sanguinet en las Landas Camping en el lago de Sanguinet Venga a descubrir el Lac du Sanguinet, uno de los lagos m\u00e1s grandes de Francia, una zona virgen rodeada de los pinares t\u00edpicos de la regi\u00f3n. Alrededores del lago Sanguinet Hay numerosos senderos a lo largo del lago y carriles bici [&hellip;]<\/p>\n","protected":false},"author":1,"featured_media":0,"parent":0,"menu_order":0,"comment_status":"closed","ping_status":"closed","template":"","meta":[],"acf":[],"_links":{"self":[{"href":"https:\/\/www.lou-broustaricq.com\/es\/wp-json\/wp\/v2\/pages\/3988"}],"collection":[{"href":"https:\/\/www.lou-broustaricq.com\/es\/wp-json\/wp\/v2\/pages"}],"about":[{"href":"https:\/\/www.lou-broustaricq.com\/es\/wp-json\/wp\/v2\/types\/page"}],"author":[{"embeddable":true,"href":"https:\/\/www.lou-broustaricq.com\/es\/wp-json\/wp\/v2\/users\/1"}],"replies":[{"embeddable":true,"href":"https:\/\/www.lou-broustaricq.com\/es\/wp-json\/wp\/v2\/comments?post=3988"}],"version-history":[{"count":2,"href":"https:\/\/www.lou-broustaricq.com\/es\/wp-json\/wp\/v2\/pages\/3988\/revisions"}],"predecessor-version":[{"id":4358,"href":"https:\/\/www.lou-broustaricq.com\/es\/wp-json\/wp\/v2\/pages\/3988\/revisions\/4358"}],"wp:attachment":[{"href":"https:\/\/www.lou-broustaricq.com\/es\/wp-json\/wp\/v2\/media?parent=3988"}],"curies":[{"name":"wp","href":"https:\/\/api.w.org\/{rel}","templated":true}]}}