{"id":3976,"date":"2023-10-19T10:46:35","date_gmt":"2023-10-19T08:46:35","guid":{"rendered":"https:\/\/www.lou-broustaricq.com\/fetes-landes-et-cuisine-landaise\/"},"modified":"2023-11-24T11:34:53","modified_gmt":"2023-11-24T10:34:53","slug":"fetes-landes-et-cuisine-landaise","status":"publish","type":"page","link":"https:\/\/www.lou-broustaricq.com\/es\/fetes-landes-et-cuisine-landaise\/","title":{"rendered":"Fiestas y gastronom\u00eda t\u00edpicas de las Landas"},"content":{"rendered":"\n<div class=\"is-layout-flow wp-block-group alignfull diaporama-header\">\n<figure class=\"is-layout-flex wp-block-gallery-1 wp-block-gallery has-nested-images columns-default is-cropped fc-auto\">\n<figure class=\"wp-block-image size-full fc-auto\"><img decoding=\"async\" width=\"1920\" height=\"1281\" src=\"https:\/\/www.lou-broustaricq.com\/wp-content\/uploads\/2023\/10\/beach-g428956b1e_1920-1.jpg\" alt=\"\" class=\"wp-image-2680\" srcset=\"https:\/\/www.lou-broustaricq.com\/wp-content\/uploads\/2023\/10\/beach-g428956b1e_1920-1.jpg 1920w, https:\/\/www.lou-broustaricq.com\/wp-content\/uploads\/2023\/10\/beach-g428956b1e_1920-1-300x200.jpg 300w, https:\/\/www.lou-broustaricq.com\/wp-content\/uploads\/2023\/10\/beach-g428956b1e_1920-1-1024x683.jpg 1024w, https:\/\/www.lou-broustaricq.com\/wp-content\/uploads\/2023\/10\/beach-g428956b1e_1920-1-768x512.jpg 768w, https:\/\/www.lou-broustaricq.com\/wp-content\/uploads\/2023\/10\/beach-g428956b1e_1920-1-1536x1025.jpg 1536w\" sizes=\"(max-width: 1920px) 100vw, 1920px\" title=\"\"><\/figure>\n<\/figure>\n<\/div>\n\n\n\n<div class=\"is-layout-flex wp-container-8 wp-block-columns L-10\">\n<div class=\"is-layout-flow wp-block-column col-texte has-blanc-background-color has-background\">\n<h1><strong>Fiestas y gastronom\u00eda t\u00edpicas de las Landas<\/strong><\/h1>\n\n\n\n<p>Las <strong>Landas<\/strong> evocan playas, pinares y dunas, pero tambi\u00e9n es un departamento donde la gente tiene sentido de la fiesta y gusto por la buena mesa.<\/p>\n\n\n\n<p>Alojarse en un <strong>camping en Sanguinet<\/strong> le permitir\u00e1 descubrir todos los tesoros de esta hermosa regi\u00f3n de las Landas.<\/p>\n\n\n\n<h2 class=\"h4\">Participe en las fiestas de las Landas cerca del camping de Sanguinet<\/h2>\n\n\n\n<p>Los <strong>\n  <a href=\"https:\/\/www.tourismelandes.com\/decouvrir-la-destination\/\" target=\"_blank\" rel=\"noreferrer noopener\">fiestas de las Landas<\/a>\n<\/strong>tambi\u00e9n conocidas como f\u00e9rias, son una parte esencial del<strong> suroeste de Francia<\/strong>, en particular de la regi\u00f3n de Las Landas. Cada pueblo, por peque\u00f1o que sea, organiza su propia fiesta. Durante sus vacaciones en un camping en Sanguinet, asistir e incluso participar en sus fiestas es una excelente manera de descubrir <strong>las tradiciones locales<\/strong> con un buen humor contagioso.<\/p>\n\n\n\n<div class=\"wp-block-fc-gut-lire-plus fc-desk\"><p class=\"has-text-align-left btn-lire-plus\">Seguir leyendo<\/p>\n<p>No se pierda las <strong>fiestas de Saint Sauveur en Sanguinet<\/strong> a mediados de junio. Al ritmo de las bandas, el festival ofrece atracciones de feria y corridas de toros. Al mismo tiempo, podr\u00e1 probar los impresionantes <strong>zancos de las Landas<\/strong>. Para comer y bailar, dir\u00edjase a las bod\u00e9gas, donde encontrar\u00e1 un ambiente c\u00e1lido y acogedor.<\/p>\n\n\n\n<p>Las <strong>fiestas Parentis en<\/strong> Born tambi\u00e9n se celebran cerca del camping a principios de agosto. \u00danase a las festayres y a las diversas bandas que recorren las calles de la ciudad para asegurar el ambiente land\u00e9s. <strong>Ychoux<\/strong>, a mediados de agosto, y Biscarrosse, a principios de septiembre, tambi\u00e9n celebran sus fiestas de las Landas a menos de 15 kil\u00f3metros del <strong>camping Lou Broustaricq<\/strong>.<\/p>\n<\/div>\n<\/div>\n\n\n\n<div class=\"is-layout-flow wp-block-column\">\n<figure class=\"is-layout-flex wp-block-gallery-5 wp-block-gallery has-nested-images columns-default is-cropped fc-diapo fc-full\">\n<figure class=\"wp-block-image size-large fc-auto\"><img decoding=\"async\" width=\"1024\" height=\"575\" src=\"https:\/\/www.lou-broustaricq.com\/wp-content\/uploads\/2023\/10\/Bandana_des_fetes_de_la_Madeleine-1024x575.jpg\" alt=\"\" class=\"wp-image-3185\" srcset=\"https:\/\/www.lou-broustaricq.com\/wp-content\/uploads\/2023\/10\/Bandana_des_fetes_de_la_Madeleine-1024x575.jpg 1024w, https:\/\/www.lou-broustaricq.com\/wp-content\/uploads\/2023\/10\/Bandana_des_fetes_de_la_Madeleine-300x169.jpg 300w, https:\/\/www.lou-broustaricq.com\/wp-content\/uploads\/2023\/10\/Bandana_des_fetes_de_la_Madeleine-768x432.jpg 768w, https:\/\/www.lou-broustaricq.com\/wp-content\/uploads\/2023\/10\/Bandana_des_fetes_de_la_Madeleine-1536x863.jpg 1536w, https:\/\/www.lou-broustaricq.com\/wp-content\/uploads\/2023\/10\/Bandana_des_fetes_de_la_Madeleine.jpg 1920w\" sizes=\"(max-width: 1024px) 100vw, 1024px\" title=\"\"><\/figure>\n<\/figure>\n<\/div>\n<\/div>\n\n\n\n<div class=\"is-layout-flex wp-container-13 wp-block-columns reverse-mob L-10\">\n<div class=\"is-layout-flow wp-block-column\">\n<figure class=\"is-layout-flex wp-block-gallery-9 wp-block-gallery has-nested-images columns-default is-cropped fc-diapo fc-full\">\n<figure class=\"wp-block-image size-large fc-auto\"><img decoding=\"async\" width=\"1024\" height=\"769\" src=\"https:\/\/www.lou-broustaricq.com\/wp-content\/uploads\/2023\/10\/beef-g66051fbe6_1280-1024x769.jpg\" alt=\"\" class=\"wp-image-3194\" srcset=\"https:\/\/www.lou-broustaricq.com\/wp-content\/uploads\/2023\/10\/beef-g66051fbe6_1280-1024x769.jpg 1024w, https:\/\/www.lou-broustaricq.com\/wp-content\/uploads\/2023\/10\/beef-g66051fbe6_1280-300x225.jpg 300w, https:\/\/www.lou-broustaricq.com\/wp-content\/uploads\/2023\/10\/beef-g66051fbe6_1280-768x577.jpg 768w, https:\/\/www.lou-broustaricq.com\/wp-content\/uploads\/2023\/10\/beef-g66051fbe6_1280.jpg 1280w\" sizes=\"(max-width: 1024px) 100vw, 1024px\" title=\"\"><\/figure>\n\n\n\n<figure class=\"wp-block-image size-large fc-auto\"><img decoding=\"async\" width=\"1024\" height=\"682\" src=\"https:\/\/www.lou-broustaricq.com\/wp-content\/uploads\/2023\/10\/brioche-gbc9ea6ed9_1280-1024x682.jpg\" alt=\"\" class=\"wp-image-3190\" srcset=\"https:\/\/www.lou-broustaricq.com\/wp-content\/uploads\/2023\/10\/brioche-gbc9ea6ed9_1280-1024x682.jpg 1024w, https:\/\/www.lou-broustaricq.com\/wp-content\/uploads\/2023\/10\/brioche-gbc9ea6ed9_1280-300x200.jpg 300w, https:\/\/www.lou-broustaricq.com\/wp-content\/uploads\/2023\/10\/brioche-gbc9ea6ed9_1280-768x512.jpg 768w, https:\/\/www.lou-broustaricq.com\/wp-content\/uploads\/2023\/10\/brioche-gbc9ea6ed9_1280.jpg 1280w\" sizes=\"(max-width: 1024px) 100vw, 1024px\" title=\"\"><\/figure>\n\n\n\n<figure class=\"wp-block-image size-large fc-auto\"><img decoding=\"async\" width=\"691\" height=\"819\" src=\"https:\/\/www.lou-broustaricq.com\/wp-content\/uploads\/2023\/10\/fatty-liver-g75d6d8753_1280.jpg\" alt=\"\" class=\"wp-image-620\" srcset=\"https:\/\/www.lou-broustaricq.com\/wp-content\/uploads\/2023\/10\/fatty-liver-g75d6d8753_1280.jpg 691w, https:\/\/www.lou-broustaricq.com\/wp-content\/uploads\/2023\/10\/fatty-liver-g75d6d8753_1280-253x300.jpg 253w\" sizes=\"(max-width: 691px) 100vw, 691px\" title=\"\"><\/figure>\n<\/figure>\n<\/div>\n\n\n\n<div class=\"is-layout-flow wp-block-column col-texte has-marron-clair-background-color has-background\">\n<h2><strong>La gastronom\u00eda de las Landas re\u00fane a los gourmets<\/strong><\/h2>\n\n\n\n<p>El departamento de <strong>Las Landas <\/strong>es un destino gastron\u00f3mico por excelencia y cuenta con numerosas particularidades locales. Descubra la cocina de las Landas Los platos nunca est\u00e1n vac\u00edos durante mucho tiempo, con <strong>especialidades del suroeste<\/strong> y <strong>platos t\u00edpicos de las Landas<\/strong>.<\/p>\n\n\n\n<p>Descubra la famosa <strong>garbure landaise<\/strong>, un guiso a base de pato, cerdo y verduras. Es un plato completo, tradicional y ancestral de la regi\u00f3n. El <strong>pollo de corral de las<\/strong> Landas es una de las mejores aves de corral de las Landas. Criado en libertad, tiene varias etiquetas (Label Rouge, IGP, etc.).<\/p>\n\n\n\n<p>La <strong>ternera de Chalosse<\/strong>, con su carne roja y sabrosa, tambi\u00e9n est\u00e1 protegida por estas etiquetas. Se cr\u00eda exclusivamente en el <strong>sur de las Landas <\/strong>y el norte de los Pirineos Atl\u00e1nticos.<br>El foie gras, el magret de pato y el confit de pato son tambi\u00e9n <strong>especialidades esenciales de la cocina land<\/strong>esa, al igual que los kiwis del Adour y los sabrosos esp\u00e1rragos de las Landas.<\/p>\n\n\n\n<p>Por \u00faltimo, no se vaya de las Landas sin probar el famoso <strong>pastis de las Landas<\/strong>, \u00a1que seguro que se trae en las maletas! La palabra pastis en gasc\u00f3n significa \u00abpastel\u00bb. Este brioche de las Landas est\u00e1 aromatizado con ron y vainilla. La bioche es una aut\u00e9ntica delicia.<\/p>\n<\/div>\n<\/div>\n\n\n\n<div class=\"is-layout-flow wp-block-group alignfull diaporama-header L-00\">\n<figure class=\"is-layout-flex wp-block-gallery-14 wp-block-gallery has-nested-images columns-default is-cropped fc-auto\">\n<figure class=\"wp-block-image size-full fc-auto\"><img decoding=\"async\" width=\"1920\" height=\"1080\" src=\"https:\/\/www.lou-broustaricq.com\/wp-content\/uploads\/2023\/10\/La-Teste-de-Buch4-1.jpg\" alt=\"\" class=\"wp-image-2231\" srcset=\"https:\/\/www.lou-broustaricq.com\/wp-content\/uploads\/2023\/10\/La-Teste-de-Buch4-1.jpg 1920w, https:\/\/www.lou-broustaricq.com\/wp-content\/uploads\/2023\/10\/La-Teste-de-Buch4-1-300x169.jpg 300w, https:\/\/www.lou-broustaricq.com\/wp-content\/uploads\/2023\/10\/La-Teste-de-Buch4-1-1024x576.jpg 1024w, https:\/\/www.lou-broustaricq.com\/wp-content\/uploads\/2023\/10\/La-Teste-de-Buch4-1-768x432.jpg 768w, https:\/\/www.lou-broustaricq.com\/wp-content\/uploads\/2023\/10\/La-Teste-de-Buch4-1-1536x864.jpg 1536w\" sizes=\"(max-width: 1920px) 100vw, 1920px\" title=\"\"><\/figure>\n<\/figure>\n\n\n\n<div class=\"is-layout-flex wp-container-18 wp-block-columns\">\n<div class=\"is-layout-flow wp-block-column has-blanc-background-color has-background\">\n<h2 class=\"has-bleu-color has-text-color\">Camping en las Landas<\/h2>\n\n\n\n<p>Si busca unas vacaciones en familia en las Landas, el <strong>camping Lou Broustaricq de Sanguinet<\/strong> tiene todo lo que necesita.<\/p>\n\n\n\n<h3 class=\"h4\">Camping idealmente situado en Sanguinet<\/h3>\n\n\n\n<p>Este <strong>camping de 4 estrellas<\/strong> <strong>en las Landas<\/strong> goza de una ubicaci\u00f3n ideal cerca<a href=\"https:\/\/www.lou-broustaricq.com\/es\/camping-lac-de-sanguinet\/\" data-type=\"page\" data-id=\"3167\"> del lago de Sanguinet<\/a>. Hay mucho que hacer en el agua y puede relajarse en las playas junto a las tranquilas aguas.<br>Desde este <strong>camping de las Landas<\/strong>, podr\u00e1 pasear por Biscarrosse, por la cuenca de Arcachon o subir a la Duna del Pilat. Estos famosos lugares se encuentran a menos de 30 minutos del camping.<\/p>\n\n\n\n<p>Si desea alojarse in situ, el camping Lou Broustaricq tiene todo lo que necesita.<\/p>\n\n\n\n<div class=\"wp-block-fc-gut-lire-plus fc-desk\"><p class=\"has-text-align-left btn-lire-plus\">Seguir leyendo<\/p>\n<h3 class=\"h4\">Para vacaciones en familia<\/h3>\n\n\n\n<p>Para unas vacaciones activas, dir\u00edjase al <strong>parque acu\u00e1tico con sus toboganes<\/strong> y zonas de juego. Tambi\u00e9n se ofrecen actividades y entretenimiento para mantener entretenida a toda la <strong>familia <\/strong>durante el d\u00eda y la noche a lo largo de toda la temporada.<\/p>\n\n\n\n<p>El camping tiene todo lo necesario para unas vacaciones relajantes. La piscina cubierta climatizada, las tumbonas y el <strong>jacuzzi<\/strong> invitan a relajarse.<br>La guinda del pastel es que te alojar\u00e1s en<strong>un confortable alojamiento<\/strong> situado en un parque arbolado de 16 hect\u00e1reas. Elija la gama de<strong> autocaravanas <\/strong>que m\u00e1s le convenga, seg\u00fan sus necesidades y deseos.<\/p>\n\n\n\n<p>Unas vacaciones en el camping de 4 estrellas Lou Broustaricq son una garant\u00eda de convivencia y diversi\u00f3n. Hemos pensado en todo para que sus <strong>vacaciones en las Landas<\/strong> sean inolvidables.<\/p>\n<\/div>\n<\/div>\n\n\n\n<div class=\"is-layout-flow wp-block-column\"><\/div>\n<\/div>\n<\/div>\n","protected":false},"excerpt":{"rendered":"<p>Fiestas y gastronom\u00eda t\u00edpicas de las Landas Las Landas evocan playas, pinares y dunas, pero tambi\u00e9n es un departamento donde la gente tiene sentido de la fiesta y gusto por la buena mesa. Alojarse en un camping en Sanguinet le permitir\u00e1 descubrir todos los tesoros de esta hermosa regi\u00f3n de las Landas. Participe en las [&hellip;]<\/p>\n","protected":false},"author":1,"featured_media":0,"parent":0,"menu_order":0,"comment_status":"closed","ping_status":"closed","template":"","meta":[],"acf":[],"_links":{"self":[{"href":"https:\/\/www.lou-broustaricq.com\/es\/wp-json\/wp\/v2\/pages\/3976"}],"collection":[{"href":"https:\/\/www.lou-broustaricq.com\/es\/wp-json\/wp\/v2\/pages"}],"about":[{"href":"https:\/\/www.lou-broustaricq.com\/es\/wp-json\/wp\/v2\/types\/page"}],"author":[{"embeddable":true,"href":"https:\/\/www.lou-broustaricq.com\/es\/wp-json\/wp\/v2\/users\/1"}],"replies":[{"embeddable":true,"href":"https:\/\/www.lou-broustaricq.com\/es\/wp-json\/wp\/v2\/comments?post=3976"}],"version-history":[{"count":2,"href":"https:\/\/www.lou-broustaricq.com\/es\/wp-json\/wp\/v2\/pages\/3976\/revisions"}],"predecessor-version":[{"id":4361,"href":"https:\/\/www.lou-broustaricq.com\/es\/wp-json\/wp\/v2\/pages\/3976\/revisions\/4361"}],"wp:attachment":[{"href":"https:\/\/www.lou-broustaricq.com\/es\/wp-json\/wp\/v2\/media?parent=3976"}],"curies":[{"name":"wp","href":"https:\/\/api.w.org\/{rel}","templated":true}]}}