{"id":4074,"date":"2023-10-11T14:21:20","date_gmt":"2023-10-11T12:21:20","guid":{"rendered":"https:\/\/www.lou-broustaricq.com\/espace-bien-etre\/"},"modified":"2023-11-22T11:40:41","modified_gmt":"2023-11-22T10:40:41","slug":"espace-bien-etre","status":"publish","type":"page","link":"https:\/\/www.lou-broustaricq.com\/de\/espace-bien-etre\/","title":{"rendered":"Wohlbefinden"},"content":{"rendered":"\n<div class=\"is-layout-flow wp-block-group alignfull diaporama-header L-00\">\n<figure class=\"is-layout-flex wp-block-gallery-1 wp-block-gallery has-nested-images columns-default is-cropped fc-auto\">\n<figure class=\"wp-block-image size-full fc-auto\"><img decoding=\"async\" width=\"1920\" height=\"1280\" src=\"https:\/\/www.lou-broustaricq.com\/wp-content\/uploads\/2023\/10\/spa-17.jpg\" alt=\"\" class=\"wp-image-3524\" srcset=\"https:\/\/www.lou-broustaricq.com\/wp-content\/uploads\/2023\/10\/spa-17.jpg 1920w, https:\/\/www.lou-broustaricq.com\/wp-content\/uploads\/2023\/10\/spa-17-300x200.jpg 300w, https:\/\/www.lou-broustaricq.com\/wp-content\/uploads\/2023\/10\/spa-17-1024x683.jpg 1024w, https:\/\/www.lou-broustaricq.com\/wp-content\/uploads\/2023\/10\/spa-17-768x512.jpg 768w, https:\/\/www.lou-broustaricq.com\/wp-content\/uploads\/2023\/10\/spa-17-1536x1024.jpg 1536w\" sizes=\"(max-width: 1920px) 100vw, 1920px\" title=\"\"><\/figure>\n<\/figure>\n<\/div>\n\n\n\n<div class=\"is-layout-flex wp-container-8 wp-block-columns reverse-mob L-10\">\n<div class=\"is-layout-flow wp-block-column\">\n<figure class=\"is-layout-flex wp-block-gallery-4 wp-block-gallery has-nested-images columns-default is-cropped fc-diapo fc-full\">\n<figure class=\"wp-block-image size-full fc-auto\"><img decoding=\"async\" width=\"1024\" height=\"1280\" src=\"https:\/\/www.lou-broustaricq.com\/wp-content\/uploads\/2023\/10\/spa-19.jpg\" alt=\"\" class=\"wp-image-3529\" srcset=\"https:\/\/www.lou-broustaricq.com\/wp-content\/uploads\/2023\/10\/spa-19.jpg 1024w, https:\/\/www.lou-broustaricq.com\/wp-content\/uploads\/2023\/10\/spa-19-240x300.jpg 240w, https:\/\/www.lou-broustaricq.com\/wp-content\/uploads\/2023\/10\/spa-19-819x1024.jpg 819w, https:\/\/www.lou-broustaricq.com\/wp-content\/uploads\/2023\/10\/spa-19-768x960.jpg 768w\" sizes=\"(max-width: 1024px) 100vw, 1024px\" title=\"\"><\/figure>\n<\/figure>\n<\/div>\n\n\n\n<div class=\"is-layout-flow wp-block-column col-texte has-marron-clair-background-color has-background\">\n<p class=\"h2 has-marron-color has-text-color\">Entspannungs- und Wellnessbereich<\/p>\n\n\n\n<h1 class=\"h4\">Aufenthalt auf einem Campingplatz mit Spa in den Landes<\/h1>\n\n\n\n<ul class=\"pictos\">\n<li><span class=\"fc-icon spa-light\"><\/span>  100m\u00b2 Spa-Bereich<\/li>\n\n\n\n<li><span class=\"fc-icon heat-light\"><\/span>  Massagen, Hamam<br>&amp; Sauna.<\/li>\n\n\n\n<li><span class=\"fc-icon hand-sparkles-light\"><\/span>  \u00c4sthetisches Zentrum<br>&amp; Nagelpflege<\/li>\n<\/ul>\n\n\n\n<p class=\"h4\">Ge\u00f6ffnet ab April<\/p>\n\n\n\n<p>Entfliehen Sie dem Alltagsstress, laden Sie Ihre Batterien auf und gehen Sie beruhigt wieder nach Hause, indem Sie note space genie\u00dfen.  <strong>Spa <\/strong>und Wellness in den <strong>Landes <\/strong>in <strong>Sanguinet<\/strong>! Der Campingplatz <strong>Lou Broustaricq<\/strong> bietet entspannende Behandlungen im Spa und zahlreiche Aktivit\u00e4ten und <strong>Serviceleistungen mit 4 Sternen<\/strong> in den Landes, ideal f\u00fcr einen Familienurlaub.<\/p>\n\n\n\n<h2 class=\"h4\">Ein Spa- und Wellnessbereich in des Landes!<\/h2>\n\n\n\n<div class=\"wp-block-fc-gut-lire-plus fc-desk\"><p class=\"has-text-align-left btn-lire-plus\">Mehr lesen<br><\/p>\n<p>In einem <strong>100m\u00b2 gro\u00dfen Spa-Bereich in den Landes <\/strong>, der dem Wohlbefinden gewidmet ist, finden Sie <strong>Massagen<\/strong>, <strong>Hammam<\/strong> und <strong>Sauna<\/strong>.<br>Ein Empfangsraum mit Teebereich, eine Duokabine, eine Pflegekabine, ein <a href=\"https:\/\/www.coco-cha-nails-academy.fr\/a-propos\/\" target=\"_blank\" rel=\"noreferrer noopener\">\n  <strong>Sch\u00f6nheitszentrum<\/strong>\n<\/a> mit <strong>Nagelstudio<\/strong>: garantiert neue Energie tanken!<\/p>\n\n\n\n<p>Dieser Bereich, der 2019 vollst\u00e4ndig neu geschaffen wurde, verspricht Ihnen <strong>sanfte <\/strong>und <strong>entspannende<\/strong> Momente.<br>Ob Sie sich <a href=\"https:\/\/www.lou-broustaricq.com\/de\/unterkunft\/\" data-type=\"page\" data-id=\"1040\">in einem Mobilheim<\/a> oder auf Campingpl\u00e4tzen aufhalten, Sie k\u00f6nnen diesen Bereich nutzen, der speziell f\u00fcr Ihr Wohlbefinden im <strong>Urlaub<\/strong> konzipiert wurde.<\/p>\n<\/div>\n<\/div>\n<\/div>\n\n\n\n<div class=\"is-layout-flex wp-container-13 wp-block-columns L-10\">\n<div class=\"is-layout-flow wp-block-column col-texte\">\n<h2 class=\"has-bleu-color has-text-color\">Wohlbefinden und Geselligkeit in Sanguinet<\/h2>\n\n\n\n<p class=\"h4\">Ihre Spa-Sitzung in den landes<\/p>\n\n\n\n<p>Genie\u00dfen Sie unseren Campingplatz im <strong>S\u00fcdwesten <\/strong>und unseren <a href=\"https:\/\/www.coco-cha-nails-academy.fr\/a-propos\/\" target=\"_blank\" rel=\"noreferrer noopener\">\n  <strong>Spa-Bereich<\/strong>\n<\/a> um sich mit der Familie in der N\u00e4he des Lac de Sanguinet und von <strong>Biscarrosse<\/strong> zu entspannen.<br>Unser <strong>4-Sterne-Campingplatz in den Landes<\/strong> bietet hochwertige Unterk\u00fcnfte, tolle Entspannungsm\u00f6glichkeiten vor Ort und Freizeitaktivit\u00e4ten <strong>f\u00fcr die ganze Familie<\/strong>!<\/p>\n\n\n\n<p>Zus\u00e4tzlich zu unserem Entspannungsbereich bieten wir die <strong>Vermietung von Mobilheimen<\/strong> mit allem Komfort, Kinderclub und einen Wasserpark mit Pool.<\/p>\n\n\n\n<div class=\"wp-block-fc-gut-encart fc-information\">\n<h3 class=\"h4\">Wissenswertes zum Zugang zum Spa<\/h3>\n\n\n\n<p>F\u00fcr den Zugang zum Spa m\u00fcssen Sie einen Badeanzug (Badeshorts f\u00fcr M\u00e4nner sind erlaubt) sowie ein Paar (saubere) Tongas mitbringen.<br>Erscheinen Sie 15min vor Beginn der Behandlung.<\/p>\n<\/div>\n<\/div>\n\n\n\n<div class=\"is-layout-flow wp-block-column\">\n<figure class=\"is-layout-flex wp-block-gallery-10 wp-block-gallery has-nested-images columns-default is-cropped fc-diapo fc-full\">\n<figure class=\"wp-block-image size-large fc-auto\"><img decoding=\"async\" width=\"1024\" height=\"683\" src=\"https:\/\/www.lou-broustaricq.com\/wp-content\/uploads\/2023\/10\/espace-aquatique-18-1024x683.jpg\" alt=\"\" class=\"wp-image-3326\" srcset=\"https:\/\/www.lou-broustaricq.com\/wp-content\/uploads\/2023\/10\/espace-aquatique-18-1024x683.jpg 1024w, https:\/\/www.lou-broustaricq.com\/wp-content\/uploads\/2023\/10\/espace-aquatique-18-300x200.jpg 300w, https:\/\/www.lou-broustaricq.com\/wp-content\/uploads\/2023\/10\/espace-aquatique-18-768x512.jpg 768w, https:\/\/www.lou-broustaricq.com\/wp-content\/uploads\/2023\/10\/espace-aquatique-18-1536x1024.jpg 1536w, https:\/\/www.lou-broustaricq.com\/wp-content\/uploads\/2023\/10\/espace-aquatique-18.jpg 1920w\" sizes=\"(max-width: 1024px) 100vw, 1024px\" title=\"\"><\/figure>\n<\/figure>\n<\/div>\n<\/div>\n\n\n\n<div class=\"is-layout-constrained wp-block-group L-20 has-bleu-fonce-background-color has-background\">\n<h2 class=\"has-text-align-center has-marron-color has-text-color\">4-Sterne-Services <span class=\"fc-span\">auf dem Campingplatz in den Landes!<\/span><\/h2>\n\n\n\n<p class=\"has-text-align-center has-blanc-color has-text-color\">Lou Broustaricq, unser Campingplatz in den Landes, bietet einen Aufenthalt ganz in  Entspannung und <strong>Erholung <\/strong>f\u00fcr alle  <strong>Urlauber <\/strong>, die sich erholen m\u00f6chten, die Familie und die Sonne der  <strong>Atlantikk\u00fcste zu finden.<\/strong> Mit seinen Schwimmb\u00e4dern, dem Hamam, der Sauna und den Massagen. <strong><a href=\"https:\/\/www.coco-cha-nails-academy.fr\/a-propos\/\" target=\"_blank\" rel=\"noreferrer noopener\">Massage<\/a><\/strong> sowie der hauseigenen Snackbar ist dies ein idealer Ort, um Zeit in der <strong>Natur <\/strong>zu verbringen und gleichzeitig <strong>Komfort <\/strong>und <strong>Pflege<\/strong> zu genie\u00dfen.<\/p>\n\n\n\n<div class=\"wp-block-fc-gut-lire-plus fc-desk\"><p class=\"has-text-align-center btn-lire-plus\">Mehr lesen<\/p>\n<p class=\"has-text-align-center has-blanc-color has-text-color\">Stellen Sie sich vor, Sie entspannen sich in unserem <strong>Spa<\/strong>, umgeben von <strong>friedlicher Natur in der N\u00e4he des Lac de Sanguinet<\/strong> in den Landes. Sie k\u00f6nnen eine <strong>entspannende Massage<\/strong> genie\u00dfen, um Stress abzubauen, die beruhigende W\u00e4rme der <strong>Sauna <\/strong>, um Ihren K\u00f6rper zu reinigen, und die regenerierende Feuchtigkeit des <strong>Dampfbads <\/strong>, um Ihre Haut zu n\u00e4hren.<\/p>\n\n\n\n<p class=\"has-text-align-center has-blanc-color has-text-color\">Mit unserem <strong>Spa im Heideland in der<\/strong> N\u00e4he des Sees von Sanguinet k\u00f6nnen Sie die umliegende Natur genie\u00dfen, w\u00e4hrend Sie sich <strong>entspannen <\/strong>und sich um Ihr <strong>Wohlbefinden<\/strong> k\u00fcmmern. Sie k\u00f6nnen auch Outdoor-Aktivit\u00e4ten wie Wandern, Segeln oder Angeln erkunden und das Spa nutzen, um sich nach einem abenteuerlichen Tag zu entspannen.<\/p>\n<\/div>\n\n\n\n<figure class=\"is-layout-flex wp-block-gallery-14 wp-block-gallery has-nested-images columns-4 is-cropped fc-diapo-mob fc-auto\">\n<figure class=\"wp-block-image size-large fc-auto\"><img decoding=\"async\" width=\"864\" height=\"1024\" src=\"https:\/\/www.lou-broustaricq.com\/wp-content\/uploads\/2023\/10\/jpeg-optimizer_Coralie-Terree-0945-864x1024.jpg\" alt=\"\" class=\"wp-image-580\" srcset=\"https:\/\/www.lou-broustaricq.com\/wp-content\/uploads\/2023\/10\/jpeg-optimizer_Coralie-Terree-0945-864x1024.jpg 864w, https:\/\/www.lou-broustaricq.com\/wp-content\/uploads\/2023\/10\/jpeg-optimizer_Coralie-Terree-0945-253x300.jpg 253w, https:\/\/www.lou-broustaricq.com\/wp-content\/uploads\/2023\/10\/jpeg-optimizer_Coralie-Terree-0945-768x910.jpg 768w, https:\/\/www.lou-broustaricq.com\/wp-content\/uploads\/2023\/10\/jpeg-optimizer_Coralie-Terree-0945.jpg 1080w\" sizes=\"(max-width: 864px) 100vw, 864px\" title=\"\"><figcaption class=\"wp-element-caption\">Massage<\/figcaption><\/figure>\n\n\n\n<figure class=\"wp-block-image size-full fc-auto\"><img decoding=\"async\" width=\"336\" height=\"399\" src=\"https:\/\/www.lou-broustaricq.com\/wp-content\/uploads\/2023\/10\/Capture-16.jpg\" alt=\"\" class=\"wp-image-556\" srcset=\"https:\/\/www.lou-broustaricq.com\/wp-content\/uploads\/2023\/10\/Capture-16.jpg 336w, https:\/\/www.lou-broustaricq.com\/wp-content\/uploads\/2023\/10\/Capture-16-253x300.jpg 253w\" sizes=\"(max-width: 336px) 100vw, 336px\" title=\"\"><figcaption class=\"wp-element-caption\">Spa<\/figcaption><\/figure>\n\n\n\n<figure class=\"wp-block-image size-full fc-auto\"><img decoding=\"async\" width=\"449\" height=\"533\" src=\"https:\/\/www.lou-broustaricq.com\/wp-content\/uploads\/2023\/10\/DSC_0023.jpg\" alt=\"\" class=\"wp-image-568\" srcset=\"https:\/\/www.lou-broustaricq.com\/wp-content\/uploads\/2023\/10\/DSC_0023.jpg 449w, https:\/\/www.lou-broustaricq.com\/wp-content\/uploads\/2023\/10\/DSC_0023-253x300.jpg 253w\" sizes=\"(max-width: 449px) 100vw, 449px\" title=\"\"><figcaption class=\"wp-element-caption\">Dampfbad &amp; Sauna<\/figcaption><\/figure>\n\n\n\n<figure class=\"wp-block-image size-large fc-auto\"><img decoding=\"async\" width=\"864\" height=\"1024\" src=\"https:\/\/www.lou-broustaricq.com\/wp-content\/uploads\/2023\/10\/allison-christine-SZ5jTdT6mVY-unsplash-864x1024.jpg\" alt=\"\" class=\"wp-image-3227\" srcset=\"https:\/\/www.lou-broustaricq.com\/wp-content\/uploads\/2023\/10\/allison-christine-SZ5jTdT6mVY-unsplash-864x1024.jpg 864w, https:\/\/www.lou-broustaricq.com\/wp-content\/uploads\/2023\/10\/allison-christine-SZ5jTdT6mVY-unsplash-253x300.jpg 253w, https:\/\/www.lou-broustaricq.com\/wp-content\/uploads\/2023\/10\/allison-christine-SZ5jTdT6mVY-unsplash-768x910.jpg 768w, https:\/\/www.lou-broustaricq.com\/wp-content\/uploads\/2023\/10\/allison-christine-SZ5jTdT6mVY-unsplash.jpg 1080w\" sizes=\"(max-width: 864px) 100vw, 864px\" title=\"\"><figcaption class=\"wp-element-caption\">Nagelstudio<\/figcaption><\/figure>\n<\/figure>\n\n\n\n<div class=\"is-content-justification-center is-layout-flex wp-container-16 wp-block-buttons\">\n<div class=\"wp-block-button fc-style-1\"><a class=\"wp-block-button__link wp-element-button\" href=\"https:\/\/www.lou-broustaricq.com\/de\/fotogalerie\/\"><span class=\"fc-icon images-regular\"><\/span>  Siehe die Fotogalerie<\/a><\/div>\n<\/div>\n<\/div>\n\n\n\n<div class=\"is-layout-flow wp-block-group alignfull diaporama-header L-00\">\n<figure class=\"is-layout-flex wp-block-gallery-18 wp-block-gallery has-nested-images columns-default is-cropped fc-auto\">\n<figure class=\"wp-block-image size-full fc-auto\"><img decoding=\"async\" width=\"1919\" height=\"1097\" src=\"https:\/\/www.lou-broustaricq.com\/wp-content\/uploads\/2023\/10\/alentours.jpg\" alt=\"\" class=\"wp-image-3537\" srcset=\"https:\/\/www.lou-broustaricq.com\/wp-content\/uploads\/2023\/10\/alentours.jpg 1919w, https:\/\/www.lou-broustaricq.com\/wp-content\/uploads\/2023\/10\/alentours-300x171.jpg 300w, https:\/\/www.lou-broustaricq.com\/wp-content\/uploads\/2023\/10\/alentours-1024x585.jpg 1024w, https:\/\/www.lou-broustaricq.com\/wp-content\/uploads\/2023\/10\/alentours-768x439.jpg 768w, https:\/\/www.lou-broustaricq.com\/wp-content\/uploads\/2023\/10\/alentours-1536x878.jpg 1536w\" sizes=\"(max-width: 1919px) 100vw, 1919px\" title=\"\"><\/figure>\n<\/figure>\n\n\n\n<div class=\"is-layout-flex wp-container-23 wp-block-columns\">\n<div class=\"is-layout-flow wp-block-column has-blanc-background-color has-background\">\n<h2 class=\"has-bleu-color has-text-color\">Entdecken Sie die Landes<\/h2>\n\n\n\n<p>Entdecken Sie zwischen zwei Sitzungen im Spa die Umgebung unseres <strong>Campingplatzes<\/strong> in der <strong>N\u00e4he des Sees von Sanguinet<\/strong> in den Landes! Der See ist ein idealer Ort, um mit Ihrer Familie oder Ihren Kindern zu <strong>wandern <\/strong>oder <strong>Rad <\/strong>zu fahren. Sie k\u00f6nnen auch im See und sogar im nur wenige Kilometer entfernten <strong>Atlantik<\/strong> <strong>baden <\/strong>.<\/p>\n\n\n\n<div class=\"wp-block-fc-gut-lire-plus fc-desk\"><p class=\"has-text-align-left btn-lire-plus\">Mehr lesen<\/p>\n<p>Entdecken Sie die ber\u00fchmte und wundersch\u00f6ne Dune du Pilat. Machen Sie einen Spaziergang durch das <strong>Bassin d&#8217;Arcachon<\/strong>, wo Sie die Cabanes <strong>tchanqu\u00e9es <\/strong>bewundern k\u00f6nnen, und unternehmen Sie einen Bootsausflug auf dem Bassin und <strong>Cap Ferret<\/strong>. Entdecken Sie die Restaurants und Meeresfr\u00fcchte in <strong>Biscarrosse <\/strong>! Es gibt viele Restaurants, in denen man frische Austern und andere K\u00f6stlichkeiten aus dem Meer genie\u00dfen kann.<\/p>\n\n\n\n<p>Die Region <strong>Landes <\/strong>ist wundersch\u00f6n und bietet zahlreiche Aktivit\u00e4ten f\u00fcr Gro\u00df und Klein, am See, an der <strong>K\u00fcste der Landes<\/strong> und in den <strong>Kiefernw\u00e4ldern<\/strong>. Garantierte Abwechslung an einem Ort inmitten der Natur f\u00fcr einen unvergesslichen Urlaub.<\/p>\n\n\n\n<p>Die Heide bietet eine <strong>unglaubliche Vielfalt<\/strong> an Dingen, die man tun und Orte, die man sehen kann. Ob Sie also f\u00fcr einen Tag oder f\u00fcr zehn Tage kommen, Sie werden sich nie langweilen. Viele Aktivit\u00e4ten wie Wandern, Radfahren, Angeln und <strong>Vogelbeobachtung<\/strong> k\u00f6nnen Sie in Ihrem eigenen Tempo oder mit einem sachkundigen F\u00fchrer unternehmen. Wenn es Kinder in Ihrer Familie gibt, bietet die Heide zahlreiche <strong>Outdoor-Aktivit\u00e4ten<\/strong>, die sie lieben werden!<\/p>\n<\/div>\n\n\n\n<div class=\"is-layout-flex wp-block-buttons\">\n<div class=\"wp-block-button btn_resa\"><a class=\"wp-block-button__link wp-element-button\"><span class=\"fc-icon magnifying-glass-regular\"><\/span>  Buchen Sie<\/a><\/div>\n<\/div>\n<\/div>\n\n\n\n<div class=\"is-layout-flow wp-block-column\"><\/div>\n<\/div>\n<\/div>\n","protected":false},"excerpt":{"rendered":"<p>Entspannungs- und Wellnessbereich Aufenthalt auf einem Campingplatz mit Spa in den Landes Ge\u00f6ffnet ab April Entfliehen Sie dem Alltagsstress, laden Sie Ihre Batterien auf und gehen Sie beruhigt wieder nach Hause, indem Sie note space genie\u00dfen. Spa und Wellness in den Landes in Sanguinet! Der Campingplatz Lou Broustaricq bietet entspannende Behandlungen im Spa und zahlreiche [&hellip;]<\/p>\n","protected":false},"author":1,"featured_media":0,"parent":0,"menu_order":0,"comment_status":"closed","ping_status":"closed","template":"","meta":[],"acf":[],"_links":{"self":[{"href":"https:\/\/www.lou-broustaricq.com\/de\/wp-json\/wp\/v2\/pages\/4074"}],"collection":[{"href":"https:\/\/www.lou-broustaricq.com\/de\/wp-json\/wp\/v2\/pages"}],"about":[{"href":"https:\/\/www.lou-broustaricq.com\/de\/wp-json\/wp\/v2\/types\/page"}],"author":[{"embeddable":true,"href":"https:\/\/www.lou-broustaricq.com\/de\/wp-json\/wp\/v2\/users\/1"}],"replies":[{"embeddable":true,"href":"https:\/\/www.lou-broustaricq.com\/de\/wp-json\/wp\/v2\/comments?post=4074"}],"version-history":[{"count":2,"href":"https:\/\/www.lou-broustaricq.com\/de\/wp-json\/wp\/v2\/pages\/4074\/revisions"}],"predecessor-version":[{"id":4261,"href":"https:\/\/www.lou-broustaricq.com\/de\/wp-json\/wp\/v2\/pages\/4074\/revisions\/4261"}],"wp:attachment":[{"href":"https:\/\/www.lou-broustaricq.com\/de\/wp-json\/wp\/v2\/media?parent=4074"}],"curies":[{"name":"wp","href":"https:\/\/api.w.org\/{rel}","templated":true}]}}