{"id":4069,"date":"2023-10-11T14:19:38","date_gmt":"2023-10-11T12:19:38","guid":{"rendered":"https:\/\/www.lou-broustaricq.com\/standorte-camping-sanguinet\/"},"modified":"2025-09-25T12:21:41","modified_gmt":"2025-09-25T10:21:41","slug":"standorte-camping-sanguinet","status":"publish","type":"page","link":"https:\/\/www.lou-broustaricq.com\/de\/standorte-camping-sanguinet\/","title":{"rendered":"Standorte"},"content":{"rendered":"\n<div class=\"is-layout-flow wp-block-group alignfull diaporama-header L-00\">\n<figure class=\"is-layout-flex wp-block-gallery-1 wp-block-gallery has-nested-images columns-default is-cropped fc-auto\">\n<figure class=\"wp-block-image size-full fc-auto\"><img decoding=\"async\" width=\"1920\" height=\"1280\" src=\"https:\/\/www.lou-broustaricq.com\/wp-content\/uploads\/2023\/10\/emplacement-129.jpg\" alt=\"\" class=\"wp-image-3557\" srcset=\"https:\/\/www.lou-broustaricq.com\/wp-content\/uploads\/2023\/10\/emplacement-129.jpg 1920w, https:\/\/www.lou-broustaricq.com\/wp-content\/uploads\/2023\/10\/emplacement-129-300x200.jpg 300w, https:\/\/www.lou-broustaricq.com\/wp-content\/uploads\/2023\/10\/emplacement-129-1024x683.jpg 1024w, https:\/\/www.lou-broustaricq.com\/wp-content\/uploads\/2023\/10\/emplacement-129-768x512.jpg 768w, https:\/\/www.lou-broustaricq.com\/wp-content\/uploads\/2023\/10\/emplacement-129-1536x1024.jpg 1536w\" sizes=\"(max-width: 1920px) 100vw, 1920px\" title=\"\"><\/figure>\n<\/figure>\n<\/div>\n\n\n\n<div class=\"is-layout-flex wp-container-9 wp-block-columns reverse-mob L-10\">\n<div class=\"is-layout-flow wp-block-column\">\n<figure class=\"is-layout-flex wp-block-gallery-4 wp-block-gallery has-nested-images columns-default is-cropped fc-diapo fc-full\">\n<figure class=\"wp-block-image size-full fc-auto\"><img decoding=\"async\" width=\"1920\" height=\"1280\" src=\"https:\/\/www.lou-broustaricq.com\/wp-content\/uploads\/2023\/10\/emplacement-130.jpg\" alt=\"\" class=\"wp-image-3566\" srcset=\"https:\/\/www.lou-broustaricq.com\/wp-content\/uploads\/2023\/10\/emplacement-130.jpg 1920w, https:\/\/www.lou-broustaricq.com\/wp-content\/uploads\/2023\/10\/emplacement-130-300x200.jpg 300w, https:\/\/www.lou-broustaricq.com\/wp-content\/uploads\/2023\/10\/emplacement-130-1024x683.jpg 1024w, https:\/\/www.lou-broustaricq.com\/wp-content\/uploads\/2023\/10\/emplacement-130-768x512.jpg 768w, https:\/\/www.lou-broustaricq.com\/wp-content\/uploads\/2023\/10\/emplacement-130-1536x1024.jpg 1536w\" sizes=\"(max-width: 1920px) 100vw, 1920px\" title=\"\"><\/figure>\n<\/figure>\n<\/div>\n\n\n\n<div class=\"is-layout-flow wp-block-column col-texte has-blanc-background-color has-background\">\n<h1 class=\"has-bleu-color has-text-color\">Ihr zeltplatz in Sanguinet<\/h1>\n\n\n\n<p>Der <strong>4-Sterne-Campingplatz Lou Broustaricq<\/strong> ist vom 28\/03\/2026 bis zum 12\/09\/2026 ge\u00f6ffnet und freut sich, Sie auf einem seiner <strong>48 Campingpl\u00e4tze in Sanguinet<\/strong> begr\u00fc\u00dfen zu d\u00fcrfen! Genie\u00dfen Sie Ihren <strong>Aufenthalt in den Landes <\/strong>mit der ganzen Familie im Zelt, Wohnwagen oder Wohnmobil.<\/p>\n\n\n\n<ul class=\"pictos\">\n<li><span class=\"fc-icon tent-light\"><\/span>  Stellplatz von 80 bis 230m\u00b2<\/li>\n\n\n\n<li><span class=\"fc-icon family-light\"><\/span>  Bis zu 6 Personen<\/li>\n\n\n\n<li><span class=\"fc-icon plug-light\"><\/span>  Elektrischer Anschluss 9 Ampere<\/li>\n\n\n\n<li><span class=\"fc-icon trees-light\"><\/span>  Sonniger oder schattiger Standort<\/li>\n<\/ul>\n\n\n\n<div class=\"wp-block-fc-gut-encart fc-alerte\">\n<p>In der Zeit vom <strong>4. Juli bis zum 29. August<\/strong> ist f\u00fcr alle Buchungen ein <strong>Minimum von 7 N\u00e4chten<\/strong> erforderlich.<\/p>\n<\/div>\n\n\n\n<div class=\"wp-block-fc-gut-lire-plus fc-desk\"><p class=\"has-text-align-left btn-lire-plus\">Mehr lesen<\/p>\n<h2 class=\"h4\">Ideale Ferien am Ufer des Sees von Sanguinet<\/h2>\n\n\n\n<p>Was gibt es Sch\u00f6neres, als inmitten der <strong>Natur der Landes<\/strong> zu campen?<\/p>\n\n\n\n<p>Auf dem Campingplatz Lou Broustaricq haben Sie dank der <strong>Vermietung von<\/strong> Campingpl\u00e4tzen die M\u00f6glichkeit, das Camping zu genie\u00dfen, egal ob Sie mit <strong>Zelt, Wohnwagen oder Wohnmobil<\/strong> unterwegs sind.<\/p>\n\n\n\n<p>Entdecken oder wiederentdecken Sie das Vergn\u00fcgen, Ihr Wohnmobil, Ihr Zelt oder Ihren Wohnwagen aufzustellen, um <strong>mitten in der Natur zu residieren, ganz einfach in einer nat\u00fcrlichen Umgebung<\/strong>. Hier findet jeder sein Gl\u00fcck! Sie k\u00f6nnen auf einem <strong>sonnigen oder schattigen Platz<\/strong> inmitten von Kiefern Platz nehmen.<\/p>\n\n\n\n<p>Wir begr\u00fc\u00dfen Sie <strong>ab 14 Uhr<\/strong> an der Rezeption, wenn Sie <strong>ankommen<\/strong>, und <strong>die Abreise<\/strong> erfolgt <strong>bis 12 Uhr<\/strong>.<\/p>\n<\/div>\n\n\n\n<div class=\"is-layout-flex wp-block-buttons\">\n<div class=\"wp-block-button btn_resa_empl\"><a class=\"wp-block-button__link wp-element-button\"><span class=\"fc-icon magnifying-glass-regular\"><\/span>  Buchen Sie Ihren Stellplatz<\/a><\/div>\n<\/div>\n<\/div>\n<\/div>\n\n\n\n<div class=\"is-layout-constrained wp-block-group L-20 has-marron-clair-background-color has-background\">\n<h2 class=\"has-text-align-center has-marron-color has-text-color\">Entdecken Sie unsere<span class=\"fc-span\"> Campingpl\u00e4tze in Sanguinet<\/span><\/h2>\n\n\n\n<ul class=\"pictos\">\n<li><span class=\"fc-icon droplet-light\"><\/span>  Zugang zu einer Wasserstelle<\/li>\n\n\n\n<li><span class=\"fc-icon plug-light\"><\/span>  Ein elektrischer Zugang mit 9 Ampere<\/li>\n\n\n\n<li><span class=\"fc-icon car-side-light\"><\/span>  Ein Parkplatz auf dem Stellplatz<\/li>\n\n\n\n<li><span class=\"fc-icon wheelchair-light\"><\/span>  Geeignet f\u00fcr PMR<\/li>\n\n\n\n<li><span class=\"fc-icon soap-light\"><\/span>  Geschirr-\/Waschbeh\u00e4lter<\/li>\n\n\n\n<li><span class=\"fc-icon shower-light\"><\/span>  Sanit\u00e4ranlagen (2 beheizt)<\/li>\n\n\n\n<li><span class=\"fc-icon toilet-light\"><\/span>  WC<\/li>\n<\/ul>\n\n\n\n<p class=\"has-text-align-left\">Der Campingplatz Lou Broustaricq bietet Ihnen <strong>ger\u00e4umige Stellpl\u00e4tze<\/strong> von 80m\u00b2 bis 230m\u00b2, die alle durch Hecken abgegrenzt sind, um mehr Ruhe und Privatsph\u00e4re zu gew\u00e4hrleisten. Jede von ihnen bietet Platz f\u00fcr <strong>bis zu 6 Personen<\/strong>,darunter muss mindestens 1 vollj\u00e4hrige Person sein. Diese Stellpl\u00e4tze werden mit Stromanschl\u00fcssen von 9 Ampere angeboten (vergessen Sie nicht Ihren Adapter nach europ\u00e4ischem Standard).<\/p>\n\n\n\n<div class=\"is-layout-flex wp-container-12 wp-block-columns\">\n<div class=\"is-layout-flow wp-block-column\">\n<p class=\"h3\">Material f\u00fcr Vermietungen :<\/p>\n\n\n\n<p>Um Ihnen die Fahrt zu erleichtern, bieten wir Ihnen<strong> Material zum Ver<\/strong> leih an:<\/p>\n\n\n\n<ul class=\"liste-texte\">\n<li>K\u00fchlschrank<\/li>\n\n\n\n<li>Und vieles mehr<\/li>\n<\/ul>\n<\/div>\n\n\n\n<div class=\"is-layout-flow wp-block-column\">\n<p class=\"h3\">Kleine Erinnerung:<\/p>\n\n\n\n<p>Elektrische oder gasbetriebene Grills, auch Planchas, sind aus Gr\u00fcnden der Brandsicherheit verboten. Deshalb <strong>stellen wir Ihnen gemeinsame Kohlegrills zur Verf\u00fcgung<\/strong>.<\/p>\n<\/div>\n<\/div>\n\n\n\n<div class=\"is-content-justification-center is-layout-flex wp-container-13 wp-block-buttons\">\n<div class=\"wp-block-button btn_resa\"><a class=\"wp-block-button__link wp-element-button\"><span class=\"fc-icon magnifying-glass-regular\"><\/span> Buchen<\/a><\/div>\n<\/div>\n<\/div>\n\n\n\n<div class=\"is-layout-flex wp-container-20 wp-block-columns L-10\">\n<div class=\"is-layout-flow wp-block-column col-texte\">\n<h2 class=\"has-bleu-color has-text-color\">Aufenthalt auf einem Campingplatz in den Landes<\/h2>\n\n\n\n<p>Neben den Stellpl\u00e4tzen bietet unser 4-Sterne-Campingplatz in Sanguinet in den Landes auch die<a href=\"https:\/\/www.lou-broustaricq.com\/de\/unterkunft\/\" data-type=\"page\" data-id=\"1040\"> Vermietung von klimatisierten Mobilheimen<\/a> mit allem Komfort, von 2 bis 4 Schlafzimmern.<\/p>\n\n\n\n<p>Nutzen Sie auch unseren <a href=\"https:\/\/www.lou-broustaricq.com\/de\/camping-wasserpark-landeskunde\/\" data-type=\"page\" data-id=\"1044\">Wasserbereich <\/a>mit<strong> Hallenbad, beheiztem Au\u00dfenpool<\/strong>, <strong>Rutsche<\/strong> und Planschbecken, um Kindern und Eltern Spa\u00df zu bereiten. Faulenzen auf den Liegest\u00fchlen, Spiele im Wasser, Nervenkitzel mit der Rutsche oder Entdeckung des Wassers f\u00fcr die ganz Kleinen &#8211; jeder findet die passende Aktivit\u00e4t f\u00fcr sich.<\/p>\n\n\n\n<p>Neben dem direkten Zugang zum See von Sanguinet bietet der Campingplatz in den Landes im Juli und August  zahlreiche Aktivit\u00e4ten und Animationen f\u00fcr die ganze Familie :<\/p>\n\n\n\n<ul>\n<li>F\u00fcr Kinder: Kinderclub, Spielplatz, Kindershows etc.<\/li>\n\n\n\n<li>F\u00fcr die Familie: Themenabende, Karaoke, Sportanimationen usw.<\/li>\n<\/ul>\n\n\n\n<div class=\"is-layout-flex wp-block-buttons\">\n<div class=\"wp-block-button\"><a class=\"wp-block-button__link wp-element-button\" href=\"https:\/\/www.lou-broustaricq.com\/de\/camping-wasserpark-landeskunde\/\">Entdecken Sie den Wasserbereich<\/a><\/div>\n<\/div>\n<\/div>\n\n\n\n<div class=\"is-layout-flow wp-block-column\">\n<figure class=\"is-layout-flex wp-block-gallery-17 wp-block-gallery has-nested-images columns-default is-cropped fc-diapo fc-full\">\n<figure class=\"wp-block-image size-full fc-auto\"><img decoding=\"async\" width=\"1920\" height=\"1280\" src=\"https:\/\/www.lou-broustaricq.com\/wp-content\/uploads\/2023\/10\/espace-aquatique-47.jpg\" alt=\"\" class=\"wp-image-3570\" srcset=\"https:\/\/www.lou-broustaricq.com\/wp-content\/uploads\/2023\/10\/espace-aquatique-47.jpg 1920w, https:\/\/www.lou-broustaricq.com\/wp-content\/uploads\/2023\/10\/espace-aquatique-47-300x200.jpg 300w, https:\/\/www.lou-broustaricq.com\/wp-content\/uploads\/2023\/10\/espace-aquatique-47-1024x683.jpg 1024w, https:\/\/www.lou-broustaricq.com\/wp-content\/uploads\/2023\/10\/espace-aquatique-47-768x512.jpg 768w, https:\/\/www.lou-broustaricq.com\/wp-content\/uploads\/2023\/10\/espace-aquatique-47-1536x1024.jpg 1536w\" sizes=\"(max-width: 1920px) 100vw, 1920px\" title=\"\"><\/figure>\n<\/figure>\n<\/div>\n<\/div>\n","protected":false},"excerpt":{"rendered":"<p>Ihr zeltplatz in Sanguinet Der 4-Sterne-Campingplatz Lou Broustaricq ist vom 28\/03\/2026 bis zum 12\/09\/2026 ge\u00f6ffnet und freut sich, Sie auf einem seiner 48 Campingpl\u00e4tze in Sanguinet begr\u00fc\u00dfen zu d\u00fcrfen! Genie\u00dfen Sie Ihren Aufenthalt in den Landes mit der ganzen Familie im Zelt, Wohnwagen oder Wohnmobil. Entdecken Sie unsere Campingpl\u00e4tze in Sanguinet Der Campingplatz Lou Broustaricq [&hellip;]<\/p>\n","protected":false},"author":1,"featured_media":0,"parent":0,"menu_order":0,"comment_status":"closed","ping_status":"closed","template":"","meta":[],"acf":[],"_links":{"self":[{"href":"https:\/\/www.lou-broustaricq.com\/de\/wp-json\/wp\/v2\/pages\/4069"}],"collection":[{"href":"https:\/\/www.lou-broustaricq.com\/de\/wp-json\/wp\/v2\/pages"}],"about":[{"href":"https:\/\/www.lou-broustaricq.com\/de\/wp-json\/wp\/v2\/types\/page"}],"author":[{"embeddable":true,"href":"https:\/\/www.lou-broustaricq.com\/de\/wp-json\/wp\/v2\/users\/1"}],"replies":[{"embeddable":true,"href":"https:\/\/www.lou-broustaricq.com\/de\/wp-json\/wp\/v2\/comments?post=4069"}],"version-history":[{"count":6,"href":"https:\/\/www.lou-broustaricq.com\/de\/wp-json\/wp\/v2\/pages\/4069\/revisions"}],"predecessor-version":[{"id":4974,"href":"https:\/\/www.lou-broustaricq.com\/de\/wp-json\/wp\/v2\/pages\/4069\/revisions\/4974"}],"wp:attachment":[{"href":"https:\/\/www.lou-broustaricq.com\/de\/wp-json\/wp\/v2\/media?parent=4069"}],"curies":[{"name":"wp","href":"https:\/\/api.w.org\/{rel}","templated":true}]}}