{"id":4054,"date":"2023-10-11T14:21:48","date_gmt":"2023-10-11T12:21:48","guid":{"rendered":"https:\/\/www.lou-broustaricq.com\/foire-aux-questions-francais\/"},"modified":"2025-09-25T12:20:08","modified_gmt":"2025-09-25T10:20:08","slug":"foire-aux-questions-francais","status":"publish","type":"page","link":"https:\/\/www.lou-broustaricq.com\/de\/foire-aux-questions-francais\/","title":{"rendered":"FAQ"},"content":{"rendered":"\n<div class=\"is-layout-flow wp-block-group alignfull diaporama-header\">\n<figure class=\"is-layout-flex wp-block-gallery-1 wp-block-gallery has-nested-images columns-default is-cropped fc-auto\">\n<figure class=\"wp-block-image size-full fc-auto\"><img decoding=\"async\" width=\"1920\" height=\"1080\" src=\"https:\/\/www.lou-broustaricq.com\/wp-content\/uploads\/2023\/10\/Vuelac.jpg\" alt=\"\" class=\"wp-image-94\" srcset=\"https:\/\/www.lou-broustaricq.com\/wp-content\/uploads\/2023\/10\/Vuelac.jpg 1920w, https:\/\/www.lou-broustaricq.com\/wp-content\/uploads\/2023\/10\/Vuelac-300x169.jpg 300w, https:\/\/www.lou-broustaricq.com\/wp-content\/uploads\/2023\/10\/Vuelac-1024x576.jpg 1024w, https:\/\/www.lou-broustaricq.com\/wp-content\/uploads\/2023\/10\/Vuelac-768x432.jpg 768w, https:\/\/www.lou-broustaricq.com\/wp-content\/uploads\/2023\/10\/Vuelac-1536x864.jpg 1536w\" sizes=\"(max-width: 1920px) 100vw, 1920px\" title=\"\"><\/figure>\n<\/figure>\n<\/div>\n\n\n\n<div class=\"is-layout-constrained wp-block-group\">\n<h1 class=\"has-text-align-center has-marron-color has-text-color\">H\u00e4ufig gestellte Fragen<\/h1>\n\n\n\n<div class=\"is-layout-constrained wp-block-group\">\n<h2 class=\"has-text-align-center\"><span class=\"fc-icon house-tree-light\"><\/span>  Mobilheim<\/h2>\n\n\n\n<div class=\"wp-block-fc-gut-accordeon fc-desk\"><p class=\"has-text-align-left btn-accordeon\">Darf ich Familie oder Freunde in das Mobilheim einladen? Wenn ja, ist es kostenpflichtig?<\/p>\n<p>Sie k\u00f6nnen Personen ohne Aufpreis in Ihr Mobilheim einladen, diese d\u00fcrfen aber nicht im Mobilheim schlafen oder den Pool benutzen. Denken Sie daran, ihre Anwesenheit an der Rezeption zu melden, sobald sie auf dem Campingplatz angekommen sind.<\/p>\n<\/div>\n\n\n\n<div class=\"wp-block-fc-gut-accordeon fc-desk\"><p class=\"has-text-align-left btn-accordeon\">Kann ich ein Zelt neben dem Mobilheim aufstellen?<\/p>\n<p>Sie k\u00f6nnen kein Zelt neben dem Mobilheim aufstellen, daf\u00fcr gibt es spezielle Pl\u00e4tze, die Sie buchen k\u00f6nnen.<\/p>\n<\/div>\n\n\n\n<div class=\"wp-block-fc-gut-accordeon fc-desk\"><p class=\"has-text-align-left btn-accordeon\">Muss man bei der Einrichtung eine Kaution hinterlegen?<\/p>\n<p>F\u00fcr Ihr Mobilheim und dessen Reinigung wird eine Kaution verlangt, die Sie per Scheck oder direkt per Karte \u00fcber unsere App hinterlegen k\u00f6nnen. Die Kaution wird f\u00fcr die Dauer Ihres Aufenthalts blockiert, aber nicht abgebucht, sofern bei Ihrer Abreise keine Sch\u00e4den festgestellt werden und die Anweisungen zur Reinigung befolgt wurden.<\/p>\n<\/div>\n\n\n\n<div class=\"wp-block-fc-gut-accordeon fc-desk\"><p class=\"has-text-align-left btn-accordeon\">Bieten Sie Haushaltspauschalen an?<\/p>\n<p>Wir bieten Reinigungspakete an, um Ihnen die Abreise zu erleichtern. Der Pauschalpreis wird 68\u20ac f\u00fcr ein Mobilheim mit zwei Schlafzimmern, 78\u20ac f\u00fcr ein Mobilheim mit drei Schlafzimmern und 98\u20ac f\u00fcr ein Mobilheim mit vier Schlafzimmern betragen.<\/p>\n<\/div>\n\n\n\n<div class=\"wp-block-fc-gut-accordeon fc-desk\"><p class=\"has-text-align-left btn-accordeon\">Um wie viel Uhr muss das Mobilheim zur\u00fcckgegeben werden?<\/p>\n<p>Die Abreise muss bis sp\u00e4testens 10:00 uhr erfolgen.<\/p>\n<\/div>\n\n\n\n<div class=\"wp-block-fc-gut-accordeon fc-desk\"><p class=\"has-text-align-left btn-accordeon\">Ist das Mobilheim mit einem Fernseher ausgestattet?<\/p>\n<p>Alle unsere Mobilheime verf\u00fcgen \u00fcber einen Fernseher.<\/p>\n<\/div>\n\n\n\n<div class=\"wp-block-fc-gut-accordeon fc-desk\"><p class=\"has-text-align-left btn-accordeon\">Z\u00e4hlen Babys bei der Aufnahmef\u00e4higkeit von Unterk\u00fcnften mit?<\/p>\n<p>Ja Babys werden bei der Aufnahmekapazit\u00e4t der Unterk\u00fcnfte mitgez\u00e4hlt. Die vom Mietobjekt angegebene Personenzahl darf aus Sicherheits- und Versicherungsgr\u00fcnden nicht \u00fcberschritten werden.<\/p>\n<\/div>\n<\/div>\n\n\n\n<div class=\"is-layout-constrained wp-block-group\">\n<h2 class=\"has-text-align-center\"><span class=\"fc-icon campground-light\"><\/span>  Standort<\/h2>\n\n\n\n<div class=\"wp-block-fc-gut-accordeon fc-desk\"><p class=\"has-text-align-left btn-accordeon\">Um wie viel Uhr muss der Zeltplatz ger\u00e4umt werden?<\/p>\n<p>Die Campingpl\u00e4tze m\u00fcssen bis 12.00 Uhr ger\u00e4umt werden.<\/p>\n<\/div>\n\n\n\n<div class=\"wp-block-fc-gut-accordeon fc-desk\"><p class=\"has-text-align-left btn-accordeon\">Welche Art von Steckdosen gibt es auf den Stellpl\u00e4tzen?\u00a0<\/p>\n<p>Unsere Stellpl\u00e4tze verf\u00fcgen \u00fcber einen Stromanschluss von 9 Ampere. Denken Sie daran, einen europ\u00e4ischen Adapter mitzunehmen, damit Sie Strom beziehen k\u00f6nnen.<\/p>\n<\/div>\n\n\n\n<div class=\"wp-block-fc-gut-accordeon fc-desk\"><p class=\"has-text-align-left btn-accordeon\">Ist es m\u00f6glich, einen K\u00fchlschrank f\u00fcr Camper zu mieten?<\/p>\n<p>Auf unserem Campingplatz gibt es einen Dienstleister, bei dem Sie K\u00fchlschr\u00e4nke mieten k\u00f6nnen. Sie k\u00f6nnen im Voraus reservieren, indem Sie direkt auf die Website gehen: https:\/\/www.locandbike.fr\/<\/p>\n<\/div>\n\n\n\n<div class=\"wp-block-fc-gut-accordeon fc-desk\"><p class=\"has-text-align-left btn-accordeon\">Sind Wasser und Strom im Preis f\u00fcr den Stellplatz inbegriffen?<\/p>\n<p>Absolut, f\u00fcr Wasser und Strom sind keine zus\u00e4tzlichen Kosten zu erwarten.<\/p>\n<\/div>\n\n\n\n<div class=\"wp-block-fc-gut-accordeon fc-desk\"><p class=\"has-text-align-left btn-accordeon\">Gibt es eine M\u00f6glichkeit, die Toilette auf dem Stellplatz zu entleeren?<\/p>\n<p>Sie k\u00f6nnen Ihr Abwasser direkt in den Sanit\u00e4ranlagen in die daf\u00fcr vorgesehenen chemischen Toiletten entleeren.<\/p>\n<\/div>\n<\/div>\n\n\n\n<div class=\"is-layout-constrained wp-block-group\">\n<h2 class=\"has-text-align-center\"><span class=\"fc-icon house-light\"><\/span>  Auf dem Campingplatz<\/h2>\n\n\n\n<div class=\"wp-block-fc-gut-accordeon fc-desk\"><p class=\"has-text-align-left btn-accordeon\">M\u00fcssen wir f\u00fcr die Abreise ein termin vereinbaren?<\/p>\n<p>Nein, das ist nicht verpflichtend. Wenn Sie Ihre Kaution vor Ihrer Abreise zur\u00fcckerhalten m\u00f6chten, k\u00f6nnen Sie dies an der Rezeption beantragen. Andernfalls erstatten wir Ihnen Ihre Kaution am Tag Ihrer Abreise zur\u00fcck. Sie werden per E-Mail benachrichtigt.<\/p>\n<\/div>\n\n\n\n<div class=\"wp-block-fc-gut-accordeon fc-desk\"><p class=\"has-text-align-left btn-accordeon\">Gibt es einen Waschsalon auf dem Campingplatz?<\/p>\n<p>Auf unserem Campingplatz gibt es einen Waschsalon. Rechnen Sie mit 5 \u20ac f\u00fcr eine Waschmaschine und 3 \u20ac f\u00fcr einen Trockner.<\/p>\n<\/div>\n\n\n\n<div class=\"wp-block-fc-gut-accordeon fc-desk\"><p class=\"has-text-align-left btn-accordeon\">Sind Grillen auf dem Campingplatz erlaubt?<\/p>\n<p>Private Planchas und Grills sind auf unserem Campingplatz nicht erlaubt, daf\u00fcr haben wir aber gemeinschaftliche Grillzonen eingerichtet. Sie k\u00f6nnen Ihren eigenen Grillrost mitbringen oder einen Grillrost bei unserem Anbieter Vermietung vor Ort mieten.<\/p>\n<\/div>\n\n\n\n<div class=\"wp-block-fc-gut-accordeon fc-desk\"><p class=\"has-text-align-left btn-accordeon\">Gibt es Wifi auf dem Campingplatz?<\/p>\n<p>Wi-Fi ist \u00fcber den Zugang &#8222;Camping Lou Broustaricq&#8220; verf\u00fcgbar. Wenn Sie darauf klicken, werden Sie automatisch auf die Seite unseres Anbieters weitergeleitet, auf der Sie Ihr Paket ausw\u00e4hlen und online bezahlen k\u00f6nnen.<\/p>\n<\/div>\n\n\n\n<div class=\"wp-block-fc-gut-accordeon fc-desk\"><p class=\"has-text-align-left btn-accordeon\">Ist das Tragen des Armbands obligatorisch?<\/p>\n<p>Das Tragen des Armbands ist Pflicht, es werden regelm\u00e4\u00dfig Kontrollen durchgef\u00fchrt.<\/p>\n<\/div>\n\n\n\n<div class=\"wp-block-fc-gut-accordeon fc-desk\"><p class=\"has-text-align-left btn-accordeon\">Wie sind die Ankunfts- und Abflugzeiten?<\/p>\n<p>Sie k\u00f6nnen Ihren Stellplatz ab 14H und Ihr Mobilheim ab 16H beziehen.<br>Die Abreise erfolgt bis 10 Uhr f\u00fcr Mobilheime und bis 12 Uhr f\u00fcr Stellpl\u00e4tze.<\/p>\n<\/div>\n\n\n\n<div class=\"wp-block-fc-gut-accordeon fc-desk\"><p class=\"has-text-align-left btn-accordeon\">Was ist bei einer sp\u00e4ten Ankunft zu tun?<\/p>\n<p>Eine Ankunft nach den \u00d6ffnungszeiten der Rezeption? Keine Sorge, wir hinterlassen einen Umschlag mit Ihrem Namen, in dem Sie die Schl\u00fcssel und einen Plan finden, um zu Ihrem Mobilheim zu gelangen. Denken Sie daran, am n\u00e4chsten Morgen an der Rezeption vorbeizukommen, um Ihre Ankunft abzuschlie\u00dfen.<\/p>\n<\/div>\n\n\n\n<div class=\"wp-block-fc-gut-accordeon fc-desk\"><p class=\"has-text-align-left btn-accordeon\">Gibt es Gesch\u00e4fte auf dem Campingplatz?<\/p>\n<p>Auf unserem Campingplatz finden Sie ein Restaurant, eine Snackbar, eine Bar, ein Lebensmittelgesch\u00e4ft sowie einen Wellnessbereich. Den Stundenplan k\u00f6nnen Sie an der Rezeption oder direkt bei unseren Anbietern einsehen.<\/p>\n<\/div>\n\n\n\n<div class=\"wp-block-fc-gut-accordeon fc-desk\"><p class=\"has-text-align-left btn-accordeon\">Sind die Animationen inbegriffen?<\/p>\n<p>Ein Team von etwa zehn Animateuren wird Ihnen w\u00e4hrend der Sommersaison ein abwechslungsreiches Programm anbieten. Au\u00dferhalb dieses Zeitraums (wie z. B. w\u00e4hrend der Osterschulferien, am Himmelfahrtswochenende usw.) denken Sie bitte daran, sich bei uns nach eventuell eingerichteten Programmen zu erkundigen!<\/p>\n<\/div>\n\n\n\n<div class=\"wp-block-fc-gut-accordeon fc-desk\"><p class=\"has-text-align-left btn-accordeon\">Was deckt die Annullierungsgarantie ab?<\/p>\n<p>Die Annullierungsgarantie deckt vor allem schwere Krankheiten, Todesf\u00e4lle oder Unf\u00e4lle ab. Weitere Informationen finden Sie in den Modalit\u00e4ten oder wenden Sie sich direkt an die Rezeption.<\/p>\n<\/div>\n\n\n\n<div class=\"wp-block-fc-gut-accordeon fc-desk\"><p class=\"has-text-align-left btn-accordeon\">Ist es m\u00f6glich, ein Babybett oder einen Hochstuhl zu mieten?<\/p>\n<p>Ein Anbieter ist direkt vor Ort auf dem Campingplatz anwesend, damit Sie Babysets mieten k\u00f6nnen (Hochst\u00fchle, Babybetten, Badewannen sind vorhanden). Sie k\u00f6nnen sie im Voraus buchen, indem Sie sich per E-Mail an unseren Anbieter wenden: <a href=\"mailto:locationbrousta@gmail.com\">locationbrousta@gmail.com<\/a><\/p>\n<\/div>\n\n\n\n<div class=\"wp-block-fc-gut-accordeon fc-desk\"><p class=\"has-text-align-left btn-accordeon\">Werden Bettw\u00e4sche und Handt\u00fccher bereitgestellt?<\/p>\n<p>Neuheit 2023 Wir bieten Ihnen die Option Komfortpaket! Im Preis inbegriffen sind: Bettw\u00e4sche, Handt\u00fccher, 30 Minuten Zugang zum Wellnessbereich (nur f\u00fcr Vollj\u00e4hrige) und die M\u00f6glichkeit, bis 12 Uhr abzureisen.<\/p>\n<\/div>\n\n\n\n<div class=\"wp-block-fc-gut-accordeon fc-desk\"><p class=\"has-text-align-left btn-accordeon\">Wie kann ich buchen?<\/p>\n<p>Sie k\u00f6nnen direkt auf unserer Website buchen oder mit uns telefonieren unter <a itemprop=\"telephone\" href=\"tel:+33558827482\">05 58 82 74 82<\/a>.<\/p>\n<\/div>\n\n\n\n<div class=\"wp-block-fc-gut-accordeon fc-desk\"><p class=\"has-text-align-left btn-accordeon\">Sind Sie Vacaf-anerkannt?<\/p>\n<p>Wir sind sehr wohl VACAF-zugelassen. Um Ihre Buchung bestm\u00f6glich durchf\u00fchren zu k\u00f6nnen, indem Sie Ihre Rechte berechnen und anwenden, bitten wir Sie, uns direkt anzurufen unter <a itemprop=\"telephone\" href=\"tel:+33558827482\">05 58 82 74 82<\/a>.<\/p>\n<\/div>\n\n\n\n<div class=\"wp-block-fc-gut-accordeon fc-desk\"><p class=\"has-text-align-left btn-accordeon\">Welche Zahlungsmittel akzeptieren Sie?<\/p>\n<p>Wir akzeptieren Zahlungen per Karte, Scheck, Bargeld und Feriengutschein.<\/p>\n<\/div>\n\n\n\n<div class=\"wp-block-fc-gut-accordeon fc-desk\"><p class=\"has-text-align-left btn-accordeon\">Ist es m\u00f6glich, in Raten zu zahlen?<\/p>\n<p>Es ist durchaus m\u00f6glich, in Raten zu zahlen. Bitte kontaktieren Sie uns daf\u00fcr. Wichtig ist, dass Sie uns den gesamten Restbetrag bis sp\u00e4testens 30 Tage vor Beginn Ihres Aufenthalts zukommen lassen.<\/p>\n<\/div>\n\n\n\n<div class=\"wp-block-fc-gut-accordeon fc-desk\"><p class=\"has-text-align-left btn-accordeon\">Wann muss ich den Restbetrag f\u00fcr meine Buchung bezahlen?<\/p>\n<p>Eine erste Anzahlung muss innerhalb von 8 Tagen nach der Buchungsanfrage geleistet werden. Der Restbetrag muss sp\u00e4testens 30 Tage vor Beginn des Aufenthalts bezahlt werden.<\/p>\n<\/div>\n\n\n\n<div class=\"wp-block-fc-gut-accordeon fc-desk\"><p class=\"has-text-align-left btn-accordeon\">Wie kann ich eine Buchung stornieren?<\/p>\n<p>Wir bitten Sie, die Reiser\u00fccktrittsversicherung direkt unter folgenden Kontaktdaten zu kontaktieren: <a href=\"mailto:contact.gestion@assur-travel.fr\">contact.gestion@assur-travel.fr<\/a> oder <a href=\"tel:+33320307412\">03 20 30 74 12<\/a>.<\/p>\n<\/div>\n\n\n\n<div class=\"wp-block-fc-gut-accordeon fc-desk\"><p class=\"has-text-align-left btn-accordeon\">Ist mein Haustier in der Unterkunft erlaubt? Unter welchen Bedingungen?<\/p>\n<p>Haustiere sind auf dem Campingplatz gegen Aufpreis erlaubt. Denken Sie daran, ihren aktuellen Impfpass mitzubringen, wenn Sie auf dem Campingplatz ankommen! Hunde der Kategorien 1 und 2 sind auf dem Campingplatz nicht gestattet.<br><\/p>\n<\/div>\n<\/div>\n\n\n\n<div class=\"is-layout-constrained wp-block-group\">\n<h2 class=\"has-text-align-center\"><span class=\"fc-icon water-ladder-light\"><\/span>  Wasserraum<\/h2>\n\n\n\n<div class=\"wp-block-fc-gut-accordeon fc-desk\"><p class=\"has-text-align-left btn-accordeon\">Ist der Pool beheizt?<\/p>\n<p>Alle Au\u00dfen- und Innenbecken sind beheizt, und zwar auf etwa 28 C\u00b0.<\/p>\n<\/div>\n\n\n\n<div class=\"wp-block-fc-gut-accordeon fc-desk\"><p class=\"has-text-align-left btn-accordeon\">Sind Badeshorts erlaubt?<\/p>\n<p>Aus hygienischen Gr\u00fcnden sind Badeshorts im gesamten Wasserpark nicht erlaubt.<\/p>\n<\/div>\n\n\n\n<div class=\"wp-block-fc-gut-accordeon fc-desk\"><p class=\"has-text-align-left btn-accordeon\">Haben Besucher Zugang zum Pool des Campingplatzes?<\/p>\n<p>Die Besucher haben keinen Zugang zum Wasserpark, k\u00f6nnen aber das Restaurant und die Bar nutzen.<\/p>\n<\/div>\n\n\n\n<div class=\"is-layout-constrained wp-block-group\">\n<h2 class=\"has-text-align-center\"><span class=\"fc-icon car-light\"><\/span>  Sich bewegen<\/h2>\n\n\n\n<div class=\"wp-block-fc-gut-accordeon fc-desk\"><p class=\"has-text-align-left btn-accordeon\">Bis zu welcher Uhrzeit kann ich mit meinem Auto auf den Campingplatz fahren?<\/p>\n<p>Der Unterkunftsbereich ist von 7:00 bis 23:00 Uhr durch automatische Schranken zug\u00e4nglich. Au\u00dferhalb dieser Zeiten ist es nicht erlaubt, mit dem Auto auf dem Campingplatz zu fahren.<\/p>\n<\/div>\n\n\n\n<div class=\"wp-block-fc-gut-accordeon fc-desk\"><p class=\"has-text-align-left btn-accordeon\">Kann man vor Ort Fahrr\u00e4der mieten?<\/p>\n<p>Auf unserem Campingplatz gibt es einen Anbieter, bei dem Sie Fahrr\u00e4der ausleihen k\u00f6nnen. An der Rezeption finden Sie auch Pl\u00e4ne f\u00fcr Ihre Wanderungen. Oder loggen Sie sich auf der Website des Fremdenverkehrsamtes &#8222;Bisca Grands Lacs&#8220; ein, um Ihre Routen zu berechnen.<\/p>\n<\/div>\n\n\n\n<div class=\"wp-block-fc-gut-accordeon fc-desk\"><p class=\"has-text-align-left btn-accordeon\">Wo befindet sich der n\u00e4chste Strand?<\/p>\n<p>Um einen der beliebtesten Str\u00e4nde von Landaises wiederzufinden, gehen Sie nach Biscarrosse-Plage! Der Ozean ist nur 23 km vom Campingplatz entfernt.<\/p>\n<\/div>\n\n\n\n<div class=\"wp-block-fc-gut-accordeon fc-desk\"><p class=\"has-text-align-left btn-accordeon\">Wie weit ist es von Biscarrosse entfernt?<\/p>\n<p>Biscarrosse-Bourg mit seinen Annehmlichkeiten liegt etwa 16 km entfernt. F\u00fcr Biscarrosse-Plage rechnen Sie mit 23 km.<\/p>\n<\/div>\n\n\n\n<div class=\"wp-block-fc-gut-accordeon fc-desk\"><p class=\"has-text-align-left btn-accordeon\">Wie weit ist es von Arcachon entfernt?<\/p>\n<p>Die Bucht von Arcachon ist ein Muss f\u00fcr Ihren Urlaub. In der Hochsaison kann es allerdings zu Staus kommen, daher ist es besser, am fr\u00fchen Morgen zu gehen.<\/p>\n<\/div>\n\n\n\n<div class=\"wp-block-fc-gut-accordeon fc-desk\"><p class=\"has-text-align-left btn-accordeon\">Wie viele Fahrstunden sind es von Bordeaux?<\/p>\n<p>Die Stadt Bordeaux mit all ihren Annehmlichkeiten ist etwa eine Stunde mit dem Auto entfernt. In der Umgebung der Stadt kommt es h\u00e4ufig zu Staus, sodass sich die Fahrzeit verl\u00e4ngern kann.<\/p>\n<\/div>\n\n\n\n<div class=\"wp-block-fc-gut-accordeon fc-desk\"><p class=\"has-text-align-left btn-accordeon\">Wie weit ist der Campingplatz von den n\u00e4chsten Gesch\u00e4ften entfernt?<\/p>\n<p>Ihren n\u00e4chsten Supermarkt finden Sie in Sanguinet, etwa zehn Minuten mit dem Auto entfernt. Eine gr\u00f6\u00dfere Auswahl bietet der Hypermarkt in Biscarrosse-Bourg, der etwas mehr als 15 km entfernt liegt.<\/p>\n<\/div>\n\n\n\n<div class=\"wp-block-fc-gut-accordeon fc-desk\"><p class=\"has-text-align-left btn-accordeon\">Wie weit ist es zu Fu\u00df vom Lac de Sanguinet entfernt?<\/p>\n<p>Es ist schwierig, n\u00e4her dran zu sein! \u00dcber unseren direkten Zugang finden Sie die Gelassenheit des Sees in nur einer Minute zu Fu\u00df wieder.<\/p>\n<\/div>\n\n\n\n<div class=\"wp-block-fc-gut-accordeon fc-desk\"><p class=\"has-text-align-left btn-accordeon\">Gibt es Fahrradwege in der N\u00e4he des Campingplatzes?<\/p>\n<p>Rund um den Campingplatz gibt es zahlreiche Radwege, auf denen Sie f\u00fcr jedes Niveau etwas finden. Besuchen Sie <a href=\"https:\/\/biscagrandslacs.loopi-velo.fr\/velo\" target=\"_blank\" rel=\"noreferrer noopener\">https:\/\/biscagrandslacs.loopi-velo.fr\/velo<\/a> f\u00fcr weitere Informationen!<\/p>\n<\/div>\n\n\n\n<div class=\"wp-block-fc-gut-accordeon fc-desk\"><p class=\"has-text-align-left btn-accordeon\">Wo befindet sich der n\u00e4chstgelegene Busbahnhof?<\/p>\n<p>Der am schnellsten erreichbare Bahnhof ist der von La Teste-de-Buch, der mit dem Auto in etwa 20 Minuten zu erreichen ist.<\/p>\n<\/div>\n\n\n\n<div class=\"wp-block-fc-gut-accordeon fc-desk\"><p class=\"has-text-align-left btn-accordeon\">Wie weit sind Sie vom n\u00e4chstgelegenen Flughafen entfernt?<\/p>\n<p>Der Flughafen Bordeaux ist der n\u00e4chstgelegene Flughafen zum Campingplatz. Sie m\u00fcssen mit einer Fahrtzeit von etwa einer Stunde rechnen. Wenn du ein Flugzeug erwischen musst, achte trotzdem auf Staus, die im Hochsommer h\u00e4ufig vorkommen, am besten ist es, wenn du fr\u00fcher losf\u00e4hrst!<\/p>\n<\/div>\n\n\n\n<div class=\"wp-block-fc-gut-accordeon fc-desk\"><p class=\"has-text-align-left btn-accordeon\">Wo finde ich einen Geldautomaten?<\/p>\n<p>Einen Geldautomaten finden Sie weniger als 3 km vom Campingplatz entfernt, am Place de la Mairie in Sanguinet.<\/p>\n<\/div>\n<\/div>\n<\/div>\n<\/div>\n","protected":false},"excerpt":{"rendered":"<p>H\u00e4ufig gestellte Fragen Mobilheim Standort Auf dem Campingplatz Wasserraum Sich bewegen<\/p>\n","protected":false},"author":1,"featured_media":0,"parent":0,"menu_order":0,"comment_status":"closed","ping_status":"closed","template":"","meta":[],"acf":[],"_links":{"self":[{"href":"https:\/\/www.lou-broustaricq.com\/de\/wp-json\/wp\/v2\/pages\/4054"}],"collection":[{"href":"https:\/\/www.lou-broustaricq.com\/de\/wp-json\/wp\/v2\/pages"}],"about":[{"href":"https:\/\/www.lou-broustaricq.com\/de\/wp-json\/wp\/v2\/types\/page"}],"author":[{"embeddable":true,"href":"https:\/\/www.lou-broustaricq.com\/de\/wp-json\/wp\/v2\/users\/1"}],"replies":[{"embeddable":true,"href":"https:\/\/www.lou-broustaricq.com\/de\/wp-json\/wp\/v2\/comments?post=4054"}],"version-history":[{"count":6,"href":"https:\/\/www.lou-broustaricq.com\/de\/wp-json\/wp\/v2\/pages\/4054\/revisions"}],"predecessor-version":[{"id":4973,"href":"https:\/\/www.lou-broustaricq.com\/de\/wp-json\/wp\/v2\/pages\/4054\/revisions\/4973"}],"wp:attachment":[{"href":"https:\/\/www.lou-broustaricq.com\/de\/wp-json\/wp\/v2\/media?parent=4054"}],"curies":[{"name":"wp","href":"https:\/\/api.w.org\/{rel}","templated":true}]}}