{"id":4041,"date":"2023-10-11T14:20:11","date_gmt":"2023-10-11T12:20:11","guid":{"rendered":"https:\/\/www.lou-broustaricq.com\/camping-wasserpark-landeskunde\/"},"modified":"2025-09-25T12:27:39","modified_gmt":"2025-09-25T10:27:39","slug":"camping-wasserpark-landeskunde","status":"publish","type":"page","link":"https:\/\/www.lou-broustaricq.com\/de\/camping-wasserpark-landeskunde\/","title":{"rendered":"Wasserraum"},"content":{"rendered":"\n<div class=\"is-layout-flow wp-block-group alignfull diaporama-header L-00\">\n<figure class=\"is-layout-flex wp-block-gallery-1 wp-block-gallery has-nested-images columns-default is-cropped fc-auto\">\n<figure class=\"wp-block-image size-full fc-auto\"><img decoding=\"async\" width=\"1920\" height=\"1280\" src=\"https:\/\/www.lou-broustaricq.com\/wp-content\/uploads\/2023\/10\/espace-aquatique-21.jpg\" alt=\"\" class=\"wp-image-3294\" srcset=\"https:\/\/www.lou-broustaricq.com\/wp-content\/uploads\/2023\/10\/espace-aquatique-21.jpg 1920w, https:\/\/www.lou-broustaricq.com\/wp-content\/uploads\/2023\/10\/espace-aquatique-21-300x200.jpg 300w, https:\/\/www.lou-broustaricq.com\/wp-content\/uploads\/2023\/10\/espace-aquatique-21-1024x683.jpg 1024w, https:\/\/www.lou-broustaricq.com\/wp-content\/uploads\/2023\/10\/espace-aquatique-21-768x512.jpg 768w, https:\/\/www.lou-broustaricq.com\/wp-content\/uploads\/2023\/10\/espace-aquatique-21-1536x1024.jpg 1536w\" sizes=\"(max-width: 1920px) 100vw, 1920px\" title=\"\"><\/figure>\n<\/figure>\n<\/div>\n\n\n\n<div class=\"is-layout-flex wp-container-9 wp-block-columns L-10\">\n<div class=\"is-layout-flow wp-block-column col-texte\">\n<p class=\"h1 has-bleu-color has-text-color\">Campingplatz mit Schwimmbad mit Rutsche und Wellnessbereich<\/p>\n\n\n\n<h1 class=\"h4\">Campingplatz am Lac de Sanguinet mit Schwimmb\u00e4dern<\/h1>\n\n\n\n<ul class=\"pictos\">\n<li><span class=\"fc-icon water-ladder-light\"><\/span>  Bedeckter Swimmingpool  <br>&amp; beheizt<\/li>\n\n\n\n<li><span class=\"fc-icon person-sledding-light\"><\/span>  Wasserpark im Freien mit Rutsche<\/li>\n\n\n\n<li><span class=\"fc-icon water-light\"><\/span>  5 Becken,<br>3 Planschbecken<\/li>\n\n\n\n<li><span class=\"fc-icon spa-light\"><\/span>  Entspannungsbereich<br>&amp; Spa<\/li>\n<\/ul>\n\n\n\n<p>Entdecken Sie unseren <strong>Campingplatz in Sanguinet mit Schwimmbad<\/strong>. Nichts ist in der Sommersaison angenehmer, als die <strong>Sonne des S\u00fcdwestens<\/strong> in unserem Wasserpark in den Landes zu <strong>genie\u00dfen<\/strong>. Dies ist der ideale Ort f\u00fcr alle Urlauber, um sich zu <strong>entspannen<\/strong>!<\/p>\n\n\n\n<div class=\"wp-block-fc-gut-lire-plus fc-desk\"><p class=\"has-text-align-left btn-lire-plus\">Mehr lesen<\/p>\n<h2 class=\"h3\">Genie\u00dfen Sie unseren Campingplatz in Sanguinet mit Schwimmbad<\/h2>\n\n\n\n<p>Nutzen Sie w\u00e4hrend Ihres Aufenthalts unseren <strong>Campingplatz in Sanguinet mit Hallenbad<\/strong> sowie unseren beheizten Wasserpark im Freien. Die Kinder k\u00f6nnen sich auf der <strong>Rutsche<\/strong>, bei Wasserspielen und beim Schwimmen vergn\u00fcgen. Die Kleinsten k\u00f6nnen die Freuden des Wassers mit dem <strong>Planschbecken <\/strong>erlernen, um sanft zu beginnen.<\/p>\n\n\n\n<p>Die Eltern k\u00f6nnen den <strong>Urlaub <\/strong>in den Liegest\u00fchlen genie\u00dfen und sich unter der Sonne von Landes im Schatten der Sonnenschirme oder dank unseres <a href=\"https:\/\/www.lou-broustaricq.com\/de\/espace-bien-etre\/\" data-type=\"page\" data-id=\"1046\">Wellnessbereichs<\/a><strong> Spa in den Landes<\/strong> entspannen.<\/p>\n\n\n\n<p>Von Ihrem <a href=\"https:\/\/www.lou-broustaricq.com\/de\/unterkunft\/\" data-type=\"page\" data-id=\"1040\">\n  <strong>Vermietung von Mobilheimen Landes<\/strong>\n<\/a>oder von Ihrem Stellplatz auf dem Campingplatz zu unserem Wasserpark ist es nur ein kleiner Schritt.<\/p>\n<\/div>\n\n\n\n<div class=\"is-layout-flex wp-block-buttons\">\n<div class=\"wp-block-button btn_resa\"><a class=\"wp-block-button__link wp-element-button\">Einen Aufenthalt finden<\/a><\/div>\n<\/div>\n<\/div>\n\n\n\n<div class=\"is-layout-flow wp-block-column\">\n<figure class=\"is-layout-flex wp-block-gallery-6 wp-block-gallery has-nested-images columns-default is-cropped fc-diapo fc-full\">\n<figure class=\"wp-block-image size-full fc-auto\"><img decoding=\"async\" width=\"1024\" height=\"1280\" src=\"https:\/\/www.lou-broustaricq.com\/wp-content\/uploads\/2023\/10\/espace-aquatique-154.jpg\" alt=\"\" class=\"wp-image-3298\" srcset=\"https:\/\/www.lou-broustaricq.com\/wp-content\/uploads\/2023\/10\/espace-aquatique-154.jpg 1024w, https:\/\/www.lou-broustaricq.com\/wp-content\/uploads\/2023\/10\/espace-aquatique-154-240x300.jpg 240w, https:\/\/www.lou-broustaricq.com\/wp-content\/uploads\/2023\/10\/espace-aquatique-154-819x1024.jpg 819w, https:\/\/www.lou-broustaricq.com\/wp-content\/uploads\/2023\/10\/espace-aquatique-154-768x960.jpg 768w\" sizes=\"(max-width: 1024px) 100vw, 1024px\" title=\"\"><\/figure>\n\n\n\n<figure class=\"wp-block-image size-full fc-auto\"><img decoding=\"async\" width=\"1080\" height=\"1280\" src=\"https:\/\/www.lou-broustaricq.com\/wp-content\/uploads\/2023\/10\/IMG_59151-1.jpg\" alt=\"\" class=\"wp-image-2384\" srcset=\"https:\/\/www.lou-broustaricq.com\/wp-content\/uploads\/2023\/10\/IMG_59151-1.jpg 1080w, https:\/\/www.lou-broustaricq.com\/wp-content\/uploads\/2023\/10\/IMG_59151-1-253x300.jpg 253w, https:\/\/www.lou-broustaricq.com\/wp-content\/uploads\/2023\/10\/IMG_59151-1-864x1024.jpg 864w, https:\/\/www.lou-broustaricq.com\/wp-content\/uploads\/2023\/10\/IMG_59151-1-768x910.jpg 768w\" sizes=\"(max-width: 1080px) 100vw, 1080px\" title=\"\"><\/figure>\n\n\n\n<figure class=\"wp-block-image size-full fc-auto\"><img decoding=\"async\" width=\"1920\" height=\"2400\" src=\"https:\/\/www.lou-broustaricq.com\/wp-content\/uploads\/2023\/10\/espace-aquatique-48.jpg\" alt=\"\" class=\"wp-image-3302\" srcset=\"https:\/\/www.lou-broustaricq.com\/wp-content\/uploads\/2023\/10\/espace-aquatique-48.jpg 1920w, https:\/\/www.lou-broustaricq.com\/wp-content\/uploads\/2023\/10\/espace-aquatique-48-240x300.jpg 240w, https:\/\/www.lou-broustaricq.com\/wp-content\/uploads\/2023\/10\/espace-aquatique-48-819x1024.jpg 819w, https:\/\/www.lou-broustaricq.com\/wp-content\/uploads\/2023\/10\/espace-aquatique-48-768x960.jpg 768w, https:\/\/www.lou-broustaricq.com\/wp-content\/uploads\/2023\/10\/espace-aquatique-48-1229x1536.jpg 1229w, https:\/\/www.lou-broustaricq.com\/wp-content\/uploads\/2023\/10\/espace-aquatique-48-1638x2048.jpg 1638w\" sizes=\"(max-width: 1920px) 100vw, 1920px\" title=\"\"><\/figure>\n<\/figure>\n<\/div>\n<\/div>\n\n\n\n<div class=\"is-layout-flex wp-container-15 wp-block-columns reverse-mob L-10\">\n<div class=\"is-layout-flow wp-block-column\">\n<figure class=\"is-layout-flex wp-block-gallery-10 wp-block-gallery has-nested-images columns-default is-cropped fc-diapo fc-full\">\n<figure class=\"wp-block-image size-full fc-auto\"><img decoding=\"async\" width=\"1024\" height=\"1280\" src=\"https:\/\/www.lou-broustaricq.com\/wp-content\/uploads\/2023\/10\/espace-aquatique-74.jpg\" alt=\"\" class=\"wp-image-3307\" srcset=\"https:\/\/www.lou-broustaricq.com\/wp-content\/uploads\/2023\/10\/espace-aquatique-74.jpg 1024w, https:\/\/www.lou-broustaricq.com\/wp-content\/uploads\/2023\/10\/espace-aquatique-74-240x300.jpg 240w, https:\/\/www.lou-broustaricq.com\/wp-content\/uploads\/2023\/10\/espace-aquatique-74-819x1024.jpg 819w, https:\/\/www.lou-broustaricq.com\/wp-content\/uploads\/2023\/10\/espace-aquatique-74-768x960.jpg 768w\" sizes=\"(max-width: 1024px) 100vw, 1024px\" title=\"\"><\/figure>\n\n\n\n<figure class=\"wp-block-image size-full fc-auto\"><img decoding=\"async\" width=\"1024\" height=\"1280\" src=\"https:\/\/www.lou-broustaricq.com\/wp-content\/uploads\/2023\/10\/espace-aquatique-73.jpg\" alt=\"\" class=\"wp-image-3311\" srcset=\"https:\/\/www.lou-broustaricq.com\/wp-content\/uploads\/2023\/10\/espace-aquatique-73.jpg 1024w, https:\/\/www.lou-broustaricq.com\/wp-content\/uploads\/2023\/10\/espace-aquatique-73-240x300.jpg 240w, https:\/\/www.lou-broustaricq.com\/wp-content\/uploads\/2023\/10\/espace-aquatique-73-819x1024.jpg 819w, https:\/\/www.lou-broustaricq.com\/wp-content\/uploads\/2023\/10\/espace-aquatique-73-768x960.jpg 768w\" sizes=\"(max-width: 1024px) 100vw, 1024px\" title=\"\"><\/figure>\n\n\n\n<figure class=\"wp-block-image size-full fc-auto\"><img decoding=\"async\" width=\"1024\" height=\"1280\" src=\"https:\/\/www.lou-broustaricq.com\/wp-content\/uploads\/2023\/10\/espace-aquatique-71.jpg\" alt=\"\" class=\"wp-image-3315\" srcset=\"https:\/\/www.lou-broustaricq.com\/wp-content\/uploads\/2023\/10\/espace-aquatique-71.jpg 1024w, https:\/\/www.lou-broustaricq.com\/wp-content\/uploads\/2023\/10\/espace-aquatique-71-240x300.jpg 240w, https:\/\/www.lou-broustaricq.com\/wp-content\/uploads\/2023\/10\/espace-aquatique-71-819x1024.jpg 819w, https:\/\/www.lou-broustaricq.com\/wp-content\/uploads\/2023\/10\/espace-aquatique-71-768x960.jpg 768w\" sizes=\"(max-width: 1024px) 100vw, 1024px\" title=\"\"><\/figure>\n<\/figure>\n<\/div>\n\n\n\n<div class=\"is-layout-flow wp-block-column col-texte\">\n<p class=\"h2 has-marron-color has-text-color\">Familienfreundlicher &amp; geselliger Wasserpark<\/p>\n\n\n\n<h2 class=\"h4\">Campingplatz mit Wasserpark in den Landes<\/h2>\n\n\n\n<p>Lust auf eine Erfrischung? Tauchen Sie in unseren Wasserbereich mit beheizten Innen- und Au\u00dfenpools ein! Der Wasserpark ist vom Fr\u00fchling bis zum Herbst t\u00e4glich ge\u00f6ffnet.<\/p>\n\n\n\n<p>Zwischen Wasserspielen, Baden, Rutschen oder Planschbecken gibt es auf unserem Campingplatz am See von Sanguinet mit Schwimmbad etwas f\u00fcr die ganze Familie!<\/p>\n\n\n\n<p>Es stehen <strong>Liegest\u00fchle<\/strong> f\u00fcr einen entspannenden Moment <strong>am Wasser<\/strong> bereit, w\u00e4hrend die Kleinen im <strong>Planschbecken<\/strong> baden und <strong>die Rutschen nutzen<\/strong> k\u00f6nnen. F\u00fcr noch mehr Entspannung wartet unser <strong>Au\u00dfenwhirlpool<\/strong> auf die Urlauber, in dem sie sich ausgiebig erholen k\u00f6nnen.<\/p>\n\n\n\n<div class=\"is-layout-flex wp-block-buttons\">\n<div class=\"wp-block-button fc-style-1\"><a class=\"wp-block-button__link wp-element-button\" href=\"https:\/\/www.lou-broustaricq.com\/de\/fotogalerie\/\">Siehe die Fotogalerie<\/a><\/div>\n<\/div>\n<\/div>\n<\/div>\n\n\n\n<div class=\"is-layout-constrained wp-block-group L-20 has-bleu-fonce-background-color has-background\">\n<p class=\"has-text-align-center h2 has-marron-color has-text-color\">Rhythmisieren Sie Ihre Tage im Wasserpark<\/p>\n\n\n\n<figure class=\"is-layout-flex wp-block-gallery-16 wp-block-gallery has-nested-images columns-4 is-cropped fc-diapo-mob fc-auto\">\n<figure class=\"wp-block-image size-full fc-auto\"><img decoding=\"async\" width=\"696\" height=\"825\" src=\"https:\/\/www.lou-broustaricq.com\/wp-content\/uploads\/2023\/10\/Activites-pour-tous.jpg\" alt=\"\" class=\"wp-image-2388\" srcset=\"https:\/\/www.lou-broustaricq.com\/wp-content\/uploads\/2023\/10\/Activites-pour-tous.jpg 696w, https:\/\/www.lou-broustaricq.com\/wp-content\/uploads\/2023\/10\/Activites-pour-tous-253x300.jpg 253w\" sizes=\"(max-width: 696px) 100vw, 696px\" title=\"\"><figcaption class=\"wp-element-caption\">Spiele &amp;<br>Animationen<\/figcaption><\/figure>\n\n\n\n<figure class=\"wp-block-image size-full fc-auto\"><img decoding=\"async\" width=\"1024\" height=\"682\" src=\"https:\/\/www.lou-broustaricq.com\/wp-content\/uploads\/2023\/10\/espace-aquaituqe-76.jpg\" alt=\"\" class=\"wp-image-3330\" srcset=\"https:\/\/www.lou-broustaricq.com\/wp-content\/uploads\/2023\/10\/espace-aquaituqe-76.jpg 1024w, https:\/\/www.lou-broustaricq.com\/wp-content\/uploads\/2023\/10\/espace-aquaituqe-76-300x200.jpg 300w, https:\/\/www.lou-broustaricq.com\/wp-content\/uploads\/2023\/10\/espace-aquaituqe-76-768x512.jpg 768w\" sizes=\"(max-width: 1024px) 100vw, 1024px\" title=\"\"><figcaption class=\"wp-element-caption\">Aktivit\u00e4ten &amp;<br>Wassergymnastik<\/figcaption><\/figure>\n\n\n\n<figure class=\"wp-block-image size-large fc-auto\"><img decoding=\"async\" width=\"1024\" height=\"683\" src=\"https:\/\/www.lou-broustaricq.com\/wp-content\/uploads\/2023\/10\/espace-aquatique-97-1024x683.jpg\" alt=\"\" class=\"wp-image-3322\" srcset=\"https:\/\/www.lou-broustaricq.com\/wp-content\/uploads\/2023\/10\/espace-aquatique-97-1024x683.jpg 1024w, https:\/\/www.lou-broustaricq.com\/wp-content\/uploads\/2023\/10\/espace-aquatique-97-300x200.jpg 300w, https:\/\/www.lou-broustaricq.com\/wp-content\/uploads\/2023\/10\/espace-aquatique-97-768x512.jpg 768w, https:\/\/www.lou-broustaricq.com\/wp-content\/uploads\/2023\/10\/espace-aquatique-97-1536x1024.jpg 1536w, https:\/\/www.lou-broustaricq.com\/wp-content\/uploads\/2023\/10\/espace-aquatique-97.jpg 1920w\" sizes=\"(max-width: 1024px) 100vw, 1024px\" title=\"\"><figcaption class=\"wp-element-caption\">Abende<br>Nocturnes<\/figcaption><\/figure>\n<\/figure>\n\n\n\n<h2 class=\"has-text-align-center h3 has-blanc-color has-text-color\">Der Zugang zu unserem Wasserpark in den Landes :<\/h2>\n\n\n\n<div class=\"is-layout-flex wp-container-20 wp-block-columns has-blanc-color has-text-color\">\n<div class=\"is-layout-flow wp-block-column\">\n<p class=\"h4 has-marron-color has-text-color\">Bedeckter und beheizter Swimmingpool :<\/p>\n\n\n\n<ul>\n<li>vom 31\/03\/2025 bis zum 12\/09\/2025<\/li>\n\n\n\n<li>Nebensaison: <em>10:00 bis 18<\/em>:00 Uhr<\/li>\n\n\n\n<li>Hochsaison: <em>von 10:00 bis 20:00 Uhr<\/em><\/li>\n<\/ul>\n\n\n\n<p class=\"h4 has-marron-color has-text-color\">Wasserpark im Freien mit Rutsche :<\/p>\n\n\n\n<ul>\n<li>Von Ende Mai bis Ende September<\/li>\n\n\n\n<li>Nebensaison: <em>10:00 bis 18<\/em>:00 Uhr<\/li>\n\n\n\n<li>Hochsaison: <em>von 10:00 bis 20:00 Uhr<\/em><\/li>\n<\/ul>\n<\/div>\n\n\n\n<div class=\"is-layout-flow wp-block-column\">\n<p class=\"h4 has-marron-color has-text-color\">Einige Erinnerungen<\/p>\n\n\n\n<ul>\n<li>Aus R\u00fccksicht auf alle bitten wir Sie, <strong>vor <\/strong>jedem Betreten der Becken zu <strong>duschen <\/strong>.<\/li>\n\n\n\n<li><strong> Badeanz\u00fcge aus Lycra<\/strong> sind nur erlaubt. Badekappen sind nicht vorgeschrieben.<\/li>\n\n\n\n<li>Das Tragen von <em>Badeshorts <\/em>sowie des <em>Burkinis <\/em>ist im Wasserbereich <strong>nicht erlaubt<\/strong>.<\/li>\n\n\n\n<li>Wir m\u00f6chten Sie auch daran erinnern, dass <strong>die Schwimmb\u00e4der nicht beaufsichtigt werden<\/strong>. Kinder unter 12 Jahren d\u00fcrfen nicht alleine eintreten und m\u00fcssen von ihren Eltern oder einer vollj\u00e4hrigen Person begleitet werden.<\/li>\n<\/ul>\n<\/div>\n<\/div>\n<\/div>\n\n\n\n<div class=\"is-layout-flex wp-container-27 wp-block-columns L-10\">\n<div class=\"is-layout-flow wp-block-column col-texte\">\n<p class=\"h2 has-bleu-color has-text-color\">Entspannen Sie sich im Urlaub<\/p>\n\n\n\n<h2 class=\"h4\">Entspannungs- und Spa-Bereich in den Landes<\/h2>\n\n\n\n<p>Nutzen Sie w\u00e4hrend Ihres Aufenthalts auf dem Campingplatz unseren Spa- und Wellnessbereich. In unserem 100m\u00b2 gro\u00dfen Raum bieten wir Entspannungsmassagen, ein Dampfbad und eine Sauna sowie einen Kosmetikbereich an.<\/p>\n\n\n\n<p>Zwischen zwei Schwimmen im Pool oder nach der R\u00fcckkehr von einem Ausflug in die Landes k\u00f6nnen Sie sich hier entspannen und relaxen. Sich um seinen K\u00f6rper zu k\u00fcmmern, geh\u00f6rt auch zum Urlaub. Weit weg vom Stress nehmen Sie sich einen Moment f\u00fcr sich selbst, in einem kokonartigen, ruhigen und regenerierenden Raum. Wir bieten Duo-Kabinen an, in denen Sie eine Massage zu zweit genie\u00dfen k\u00f6nnen.<\/p>\n\n\n\n<div class=\"is-layout-flex wp-block-buttons\">\n<div class=\"wp-block-button\"><a class=\"wp-block-button__link wp-element-button\" href=\"https:\/\/www.lou-broustaricq.com\/de\/espace-bien-etre\/\">Entdecken Sie den Entspannungsbereich<\/a><\/div>\n<\/div>\n<\/div>\n\n\n\n<div class=\"is-layout-flow wp-block-column\">\n<figure class=\"is-layout-flex wp-block-gallery-24 wp-block-gallery has-nested-images columns-default is-cropped fc-diapo fc-full\">\n<figure class=\"wp-block-image size-full fc-auto\"><img decoding=\"async\" width=\"1080\" height=\"1280\" src=\"https:\/\/www.lou-broustaricq.com\/wp-content\/uploads\/2023\/10\/jpeg-optimizer_Coralie-Terree-0945.jpg\" alt=\"\" class=\"wp-image-580\" srcset=\"https:\/\/www.lou-broustaricq.com\/wp-content\/uploads\/2023\/10\/jpeg-optimizer_Coralie-Terree-0945.jpg 1080w, https:\/\/www.lou-broustaricq.com\/wp-content\/uploads\/2023\/10\/jpeg-optimizer_Coralie-Terree-0945-253x300.jpg 253w, https:\/\/www.lou-broustaricq.com\/wp-content\/uploads\/2023\/10\/jpeg-optimizer_Coralie-Terree-0945-864x1024.jpg 864w, https:\/\/www.lou-broustaricq.com\/wp-content\/uploads\/2023\/10\/jpeg-optimizer_Coralie-Terree-0945-768x910.jpg 768w\" sizes=\"(max-width: 1080px) 100vw, 1080px\" title=\"\"><\/figure>\n<\/figure>\n<\/div>\n<\/div>\n\n\n\n<div class=\"is-layout-flex wp-container-33 wp-block-columns reverse-mob L-10\">\n<div class=\"is-layout-flow wp-block-column\">\n<figure class=\"is-layout-flex wp-block-gallery-28 wp-block-gallery has-nested-images columns-default is-cropped fc-diapo fc-full\">\n<figure class=\"wp-block-image size-large fc-auto\"><img decoding=\"async\" width=\"1024\" height=\"683\" src=\"https:\/\/www.lou-broustaricq.com\/wp-content\/uploads\/2023\/10\/activites-160-1024x683.jpg\" alt=\"\" class=\"wp-image-3347\" srcset=\"https:\/\/www.lou-broustaricq.com\/wp-content\/uploads\/2023\/10\/activites-160-1024x683.jpg 1024w, https:\/\/www.lou-broustaricq.com\/wp-content\/uploads\/2023\/10\/activites-160-300x200.jpg 300w, https:\/\/www.lou-broustaricq.com\/wp-content\/uploads\/2023\/10\/activites-160-768x512.jpg 768w, https:\/\/www.lou-broustaricq.com\/wp-content\/uploads\/2023\/10\/activites-160-1536x1024.jpg 1536w, https:\/\/www.lou-broustaricq.com\/wp-content\/uploads\/2023\/10\/activites-160.jpg 1920w\" sizes=\"(max-width: 1024px) 100vw, 1024px\" title=\"\"><\/figure>\n<\/figure>\n<\/div>\n\n\n\n<div class=\"is-layout-flow wp-block-column col-texte\">\n<p class=\"h2 has-marron-color has-text-color\">Garantierte Erinnerungen<\/p>\n\n\n\n<h2 class=\"p\">Aktivit\u00e4ten f\u00fcr die ganze Familie auf dem Campingplatz in den Landes mit Wasserpark!<\/h2>\n\n\n\n<p>Lassen Sie sich w\u00e4hrend Ihres Urlaubs auf dem Campingplatz in Sanguinet verf\u00fchren&#8230; Neben unserem Wasserpark in den Landes bieten wir Ihnen im Juli und August eine Vielzahl von Aktivit\u00e4ten und betreuten Animationen, die Sie mit der Familie oder mit Freunden genie\u00dfen k\u00f6nnen.<\/p>\n\n\n\n<p>\u00dcbernachten Sie auf unserem Campingplatz, der nur wenige Schritte vom Strand des <strong>Lac de Sanguinet<\/strong> entfernt liegt. Er ist ideal f\u00fcr Wassersportaktivit\u00e4ten oder zum Faulenzen am Wasser.<\/p>\n\n\n\n<div class=\"wp-block-fc-gut-lire-plus fc-desk\"><p class=\"has-text-align-left btn-lire-plus\">Mehr lesen<\/p>\n<p>Die Kleinsten k\u00f6nnen sich bei ihrem Besuch <strong>auf dem<\/strong> speziellen <strong>Kinderspielplatz<\/strong> vergn\u00fcgen. Aber auch bei den zahlreichen Aktivit\u00e4ten, die <strong>in den Kinderclubs<\/strong> angeboten werden, neue Bekanntschaften schlie\u00dfen.  <\/p>\n\n\n\n<p>Der Campingplatz in den Landes bietet einen Miniclub, einen Teenagerclub, Kinderspektakel, Schatzsuche und zahlreiche Animationen.<\/p>\n\n\n\n<p>Genie\u00dfen Sie die zahlreichen Aktivit\u00e4ten, die Sie auf unserem Familiencampingplatz unternehmen k\u00f6nnen: Sportanimationen, Fitness, Tanzkurse, Themenabende, Disco&#8230; Auf unserem Campingplatz, der 20 Kilometer von der Bucht von Arcachon, Biscarrosse und der <strong>D\u00fcne von Pilat<\/strong> entfernt ist, ist f\u00fcr jeden Geschmack etwas dabei.<\/p>\n\n\n\n<p>Wasserpark, Aktivit\u00e4ten und <a href=\"https:\/\/www.lou-broustaricq.com\/de\/de-zahlreiche-services-angeboten-camping-lou-broustaricq\/\" data-type=\"page\" data-id=\"810\">4-Sterne-Service<\/a> erwarten Sie auf unserem <strong>Campingplatz in Sanguinet<\/strong>.<\/p>\n<\/div>\n\n\n\n<div class=\"is-layout-flex wp-block-buttons\">\n<div class=\"wp-block-button fc-style-1\"><a class=\"wp-block-button__link wp-element-button\" href=\"https:\/\/www.lou-broustaricq.com\/de\/aktivitaeten\/\">Entdecken Sie die Aktivit\u00e4ten<\/a><\/div>\n<\/div>\n<\/div>\n<\/div>\n\n\n\n<div class=\"is-layout-flex wp-container-39 wp-block-columns L-10\">\n<div class=\"is-layout-flow wp-block-column col-texte has-blanc-background-color has-background\">\n<p class=\"h2 has-bleu-color has-text-color\">Strand, See oder Kiefernwald?<\/p>\n\n\n\n<h2 class=\"h4\">Die Umgebung unseres Campingplatzes im S\u00fcdwesten mit Wasserpark<\/h2>\n\n\n\n<p>Sind Sie eher f\u00fcr einen Pool, Strand oder See? Auf dem <a href=\"https:\/\/www.lou-broustaricq.com\/de\/entre-foret-landes-locean-bassin-darcachon\/\" data-type=\"page\" data-id=\"1038\">Campingplatz in den Landes<\/a> haben Sie die Qual der Wahl zwischen unserem Wasserpark, den Str\u00e4nden der Seen von Sanguinet &#8211; Biscarrosse oder den gro\u00dfen Str\u00e4nden des Atlantiks. Genie\u00dfen Sie die Atmosph\u00e4re und die typischen Landschaften der K\u00fcste der Landes zwischen Sandd\u00fcnen, gro\u00dfen Wellen und Strandkiefern.<\/p>\n\n\n\n<div class=\"wp-block-fc-gut-lire-plus fc-desk\"><p class=\"has-text-align-left btn-lire-plus\"> Mehr lesen<\/p>\n<p>Sind Sie eher ein Naturmensch? Machen Sie einen Spaziergang durch die gro\u00dfen Kiefernw\u00e4lder in der N\u00e4he des Campingplatzes oder entdecken Sie den <strong>Naturpark der landes de Gascogne<\/strong> in unber\u00fchrter Natur.<\/p>\n\n\n\n<p>Bleiben Sie auf unserem <a href=\"https:\/\/www.lou-broustaricq.com\/de\/\" data-type=\"page\" data-id=\"2\">Campingplatz in Sanguinet<\/a> und genie\u00dfen Sie unsere ideale Umgebung inmitten der Natur, inmitten der Landes, der Pinien und D\u00fcnen. Verbringen Sie einen unvergesslichen Urlaub unter dem Gesang der Zikaden am Ufer des Sees von Sanguinet.<\/p>\n\n\n\n<p>Rund um den Campingplatz Lou Broustaricq k\u00f6nnen Sie au\u00dferdem zahlreiche Aktivit\u00e4ten, Entdeckungen und Spazierg\u00e4nge unternehmen. Erobern Sie die <strong>Dune du Pilat<\/strong>, probieren Sie Austern im <strong>Becken von Arcachon<\/strong>, atmen Sie die frische Luft am Atlantik oder in den gro\u00dfen W\u00e4ldern der Landes.<\/p>\n\n\n\n<p>\u00dcben Sie <strong>Wassersportarten<\/strong> am <strong>See von Sanguinet<\/strong> oder an den riesigen Str\u00e4nden der Landes, die f\u00fcr das Surfen bekannt sind, aus.<\/p>\n<\/div>\n\n\n\n<div class=\"is-layout-flex wp-block-buttons\">\n<div class=\"wp-block-button\"><a class=\"wp-block-button__link wp-element-button\" href=\"https:\/\/www.lou-broustaricq.com\/de\/entre-foret-landes-locean-bassin-darcachon\/\"><span class=\"fc-icon house-tree-regular\"><\/span>  Die Umgebung entdecken<\/a><\/div>\n<\/div>\n<\/div>\n\n\n\n<div class=\"is-layout-flow wp-block-column\">\n<figure class=\"is-layout-flex wp-block-gallery-36 wp-block-gallery has-nested-images columns-default is-cropped fc-diapo fc-full\">\n<figure class=\"wp-block-image size-full fc-auto\"><img decoding=\"async\" width=\"960\" height=\"1137\" src=\"https:\/\/www.lou-broustaricq.com\/wp-content\/uploads\/2023\/10\/nature-g137371860_1280.jpg\" alt=\"\" class=\"wp-image-2146\" srcset=\"https:\/\/www.lou-broustaricq.com\/wp-content\/uploads\/2023\/10\/nature-g137371860_1280.jpg 960w, https:\/\/www.lou-broustaricq.com\/wp-content\/uploads\/2023\/10\/nature-g137371860_1280-253x300.jpg 253w, https:\/\/www.lou-broustaricq.com\/wp-content\/uploads\/2023\/10\/nature-g137371860_1280-865x1024.jpg 865w, https:\/\/www.lou-broustaricq.com\/wp-content\/uploads\/2023\/10\/nature-g137371860_1280-768x910.jpg 768w\" sizes=\"(max-width: 960px) 100vw, 960px\" title=\"\"><\/figure>\n<\/figure>\n<\/div>\n<\/div>\n","protected":false},"excerpt":{"rendered":"<p>Campingplatz mit Schwimmbad mit Rutsche und Wellnessbereich Campingplatz am Lac de Sanguinet mit Schwimmb\u00e4dern Entdecken Sie unseren Campingplatz in Sanguinet mit Schwimmbad. Nichts ist in der Sommersaison angenehmer, als die Sonne des S\u00fcdwestens in unserem Wasserpark in den Landes zu genie\u00dfen. Dies ist der ideale Ort f\u00fcr alle Urlauber, um sich zu entspannen! Familienfreundlicher &amp; [&hellip;]<\/p>\n","protected":false},"author":1,"featured_media":0,"parent":0,"menu_order":0,"comment_status":"closed","ping_status":"closed","template":"","meta":[],"acf":[],"_links":{"self":[{"href":"https:\/\/www.lou-broustaricq.com\/de\/wp-json\/wp\/v2\/pages\/4041"}],"collection":[{"href":"https:\/\/www.lou-broustaricq.com\/de\/wp-json\/wp\/v2\/pages"}],"about":[{"href":"https:\/\/www.lou-broustaricq.com\/de\/wp-json\/wp\/v2\/types\/page"}],"author":[{"embeddable":true,"href":"https:\/\/www.lou-broustaricq.com\/de\/wp-json\/wp\/v2\/users\/1"}],"replies":[{"embeddable":true,"href":"https:\/\/www.lou-broustaricq.com\/de\/wp-json\/wp\/v2\/comments?post=4041"}],"version-history":[{"count":6,"href":"https:\/\/www.lou-broustaricq.com\/de\/wp-json\/wp\/v2\/pages\/4041\/revisions"}],"predecessor-version":[{"id":4976,"href":"https:\/\/www.lou-broustaricq.com\/de\/wp-json\/wp\/v2\/pages\/4041\/revisions\/4976"}],"wp:attachment":[{"href":"https:\/\/www.lou-broustaricq.com\/de\/wp-json\/wp\/v2\/media?parent=4041"}],"curies":[{"name":"wp","href":"https:\/\/api.w.org\/{rel}","templated":true}]}}