{"id":4022,"date":"2023-10-19T10:46:35","date_gmt":"2023-10-19T08:46:35","guid":{"rendered":"https:\/\/www.lou-broustaricq.com\/fetes-landes-und-landeskueche\/"},"modified":"2023-11-24T11:33:42","modified_gmt":"2023-11-24T10:33:42","slug":"fetes-landes-und-landeskueche","status":"publish","type":"page","link":"https:\/\/www.lou-broustaricq.com\/de\/fetes-landes-und-landeskueche\/","title":{"rendered":"F\u00eates landaises und typische Gastronomie in den Landes"},"content":{"rendered":"\n<div class=\"is-layout-flow wp-block-group alignfull diaporama-header\">\n<figure class=\"is-layout-flex wp-block-gallery-1 wp-block-gallery has-nested-images columns-default is-cropped fc-auto\">\n<figure class=\"wp-block-image size-full fc-auto\"><img decoding=\"async\" width=\"1920\" height=\"1281\" src=\"https:\/\/www.lou-broustaricq.com\/wp-content\/uploads\/2023\/10\/beach-g428956b1e_1920-1.jpg\" alt=\"\" class=\"wp-image-2680\" srcset=\"https:\/\/www.lou-broustaricq.com\/wp-content\/uploads\/2023\/10\/beach-g428956b1e_1920-1.jpg 1920w, https:\/\/www.lou-broustaricq.com\/wp-content\/uploads\/2023\/10\/beach-g428956b1e_1920-1-300x200.jpg 300w, https:\/\/www.lou-broustaricq.com\/wp-content\/uploads\/2023\/10\/beach-g428956b1e_1920-1-1024x683.jpg 1024w, https:\/\/www.lou-broustaricq.com\/wp-content\/uploads\/2023\/10\/beach-g428956b1e_1920-1-768x512.jpg 768w, https:\/\/www.lou-broustaricq.com\/wp-content\/uploads\/2023\/10\/beach-g428956b1e_1920-1-1536x1025.jpg 1536w\" sizes=\"(max-width: 1920px) 100vw, 1920px\" title=\"\"><\/figure>\n<\/figure>\n<\/div>\n\n\n\n<div class=\"is-layout-flex wp-container-8 wp-block-columns L-10\">\n<div class=\"is-layout-flow wp-block-column col-texte has-blanc-background-color has-background\">\n<h1><strong>F\u00eates landaises und typische Gastronomie in den Landes<\/strong><\/h1>\n\n\n\n<p><strong>Les Landes<\/strong> erinnert an Str\u00e4nde, Kiefernw\u00e4lder und D\u00fcnen, aber auch an ein Departement, in dem die Menschen einen Sinn f\u00fcr das Feiern und den Geschmack f\u00fcr gute Dinge haben.<\/p>\n\n\n\n<p>Ein Aufenthalt auf einem <strong>Campingplatz in Sanguinet<\/strong> erm\u00f6glicht es Ihnen, alle Reicht\u00fcmer dieser sch\u00f6nen Region der Landes zu entdecken.<\/p>\n\n\n\n<h2 class=\"h4\">An den Landes-Festen in der N\u00e4he des Campingplatzes in Sanguinet teilnehmen<\/h2>\n\n\n\n<p>Die <strong>\n  <a href=\"https:\/\/www.tourismelandes.com\/decouvrir-la-destination\/\" target=\"_blank\" rel=\"noreferrer noopener\">f\u00eates landaises<\/a>\n<\/strong>Sie sind ein fester Bestandteil des<strong> S\u00fcdwestens Frankreichs<\/strong> und insbesondere der Landes. Jedes noch so kleine Dorf veranstaltet sein eigenes Fest. W\u00e4hrend Ihres Campingurlaubs in Sanguinet k\u00f6nnen Sie bei den Festen dabei sein und sogar daran teilnehmen, um die <strong>lokalen Traditionen<\/strong> in einer ansteckend guten Stimmung zu entdecken.<\/p>\n\n\n\n<div class=\"wp-block-fc-gut-lire-plus fc-desk\"><p class=\"has-text-align-left btn-lire-plus\">Mehr lesen<\/p>\n<p>Verpassen Sie unter anderem Mitte Juni nicht <strong>das Fest des Heiligen Erl\u00f6sers in Sanguinet<\/strong>. Das Fest wird von Bandas gerhythmisiert und bietet Kirmesattraktionen und Stierrennen. Bei dieser Gelegenheit k\u00f6nnen Sie sich auch mit den beeindruckenden <strong>Stelzen der Landaises<\/strong> vertraut machen! In den Bod\u00e9gas k\u00f6nnen Sie in einer fr\u00f6hlichen und geselligen Atmosph\u00e4re essen und tanzen.<\/p>\n\n\n\n<p>In der N\u00e4he des Campingplatzes finden Anfang August auch die <strong>Feste von Parentis en Born<\/strong> statt. Schlie\u00dfen Sie sich den Festayres und den verschiedenen Bandas an, die durch die Stra\u00dfen der Stadt ziehen und f\u00fcr die richtige Landaise-Stimmung sorgen. <strong>Ychoux<\/strong> Mitte August und Biscarrosse Anfang September veranstalten ebenfalls ihre F\u00eates landaises, die weniger als 15 Kilometer vom <strong>Campingplatz Lou Broustaricq<\/strong> entfernt sind.<\/p>\n<\/div>\n<\/div>\n\n\n\n<div class=\"is-layout-flow wp-block-column\">\n<figure class=\"is-layout-flex wp-block-gallery-5 wp-block-gallery has-nested-images columns-default is-cropped fc-diapo fc-full\">\n<figure class=\"wp-block-image size-large fc-auto\"><img decoding=\"async\" width=\"1024\" height=\"575\" src=\"https:\/\/www.lou-broustaricq.com\/wp-content\/uploads\/2023\/10\/Bandana_des_fetes_de_la_Madeleine-1024x575.jpg\" alt=\"\" class=\"wp-image-3185\" srcset=\"https:\/\/www.lou-broustaricq.com\/wp-content\/uploads\/2023\/10\/Bandana_des_fetes_de_la_Madeleine-1024x575.jpg 1024w, https:\/\/www.lou-broustaricq.com\/wp-content\/uploads\/2023\/10\/Bandana_des_fetes_de_la_Madeleine-300x169.jpg 300w, https:\/\/www.lou-broustaricq.com\/wp-content\/uploads\/2023\/10\/Bandana_des_fetes_de_la_Madeleine-768x432.jpg 768w, https:\/\/www.lou-broustaricq.com\/wp-content\/uploads\/2023\/10\/Bandana_des_fetes_de_la_Madeleine-1536x863.jpg 1536w, https:\/\/www.lou-broustaricq.com\/wp-content\/uploads\/2023\/10\/Bandana_des_fetes_de_la_Madeleine.jpg 1920w\" sizes=\"(max-width: 1024px) 100vw, 1024px\" title=\"\"><\/figure>\n<\/figure>\n<\/div>\n<\/div>\n\n\n\n<div class=\"is-layout-flex wp-container-13 wp-block-columns reverse-mob L-10\">\n<div class=\"is-layout-flow wp-block-column\">\n<figure class=\"is-layout-flex wp-block-gallery-9 wp-block-gallery has-nested-images columns-default is-cropped fc-diapo fc-full\">\n<figure class=\"wp-block-image size-large fc-auto\"><img decoding=\"async\" width=\"1024\" height=\"769\" src=\"https:\/\/www.lou-broustaricq.com\/wp-content\/uploads\/2023\/10\/beef-g66051fbe6_1280-1024x769.jpg\" alt=\"\" class=\"wp-image-3194\" srcset=\"https:\/\/www.lou-broustaricq.com\/wp-content\/uploads\/2023\/10\/beef-g66051fbe6_1280-1024x769.jpg 1024w, https:\/\/www.lou-broustaricq.com\/wp-content\/uploads\/2023\/10\/beef-g66051fbe6_1280-300x225.jpg 300w, https:\/\/www.lou-broustaricq.com\/wp-content\/uploads\/2023\/10\/beef-g66051fbe6_1280-768x577.jpg 768w, https:\/\/www.lou-broustaricq.com\/wp-content\/uploads\/2023\/10\/beef-g66051fbe6_1280.jpg 1280w\" sizes=\"(max-width: 1024px) 100vw, 1024px\" title=\"\"><\/figure>\n\n\n\n<figure class=\"wp-block-image size-large fc-auto\"><img decoding=\"async\" width=\"1024\" height=\"682\" src=\"https:\/\/www.lou-broustaricq.com\/wp-content\/uploads\/2023\/10\/brioche-gbc9ea6ed9_1280-1024x682.jpg\" alt=\"\" class=\"wp-image-3190\" srcset=\"https:\/\/www.lou-broustaricq.com\/wp-content\/uploads\/2023\/10\/brioche-gbc9ea6ed9_1280-1024x682.jpg 1024w, https:\/\/www.lou-broustaricq.com\/wp-content\/uploads\/2023\/10\/brioche-gbc9ea6ed9_1280-300x200.jpg 300w, https:\/\/www.lou-broustaricq.com\/wp-content\/uploads\/2023\/10\/brioche-gbc9ea6ed9_1280-768x512.jpg 768w, https:\/\/www.lou-broustaricq.com\/wp-content\/uploads\/2023\/10\/brioche-gbc9ea6ed9_1280.jpg 1280w\" sizes=\"(max-width: 1024px) 100vw, 1024px\" title=\"\"><\/figure>\n\n\n\n<figure class=\"wp-block-image size-large fc-auto\"><img decoding=\"async\" width=\"691\" height=\"819\" src=\"https:\/\/www.lou-broustaricq.com\/wp-content\/uploads\/2023\/10\/fatty-liver-g75d6d8753_1280.jpg\" alt=\"\" class=\"wp-image-620\" srcset=\"https:\/\/www.lou-broustaricq.com\/wp-content\/uploads\/2023\/10\/fatty-liver-g75d6d8753_1280.jpg 691w, https:\/\/www.lou-broustaricq.com\/wp-content\/uploads\/2023\/10\/fatty-liver-g75d6d8753_1280-253x300.jpg 253w\" sizes=\"(max-width: 691px) 100vw, 691px\" title=\"\"><\/figure>\n<\/figure>\n<\/div>\n\n\n\n<div class=\"is-layout-flow wp-block-column col-texte has-marron-clair-background-color has-background\">\n<h2><strong>Die Gastronomie der Landes bringt Feinschmecker und Gourmets zusammen<\/strong><\/h2>\n\n\n\n<p>Das D\u00e9partement <strong>Landes <\/strong>ist ein Feinschmeckerziel par excellence und hat viele lokale Besonderheiten zu bieten. Entdecken Sie die K\u00fcche der Landes! Zwischen den <strong>Spezialit\u00e4ten aus dem S\u00fcdwesten<\/strong> und den <strong>typischen Gerichten aus Landes<\/strong> bleiben die Teller nie lange leer.<\/p>\n\n\n\n<p>Entdecken Sie die ber\u00fchmte <strong>garbure landaise<\/strong>, einen Eintopf, der mit Enten- und Schweinefleischst\u00fccken und Gem\u00fcse zubereitet wird. Es ist ein vollwertiges, traditionelles und althergebrachtes Gericht aus der Region. Das <strong>Poulet fermier des Landes<\/strong> ist seinerseits eines der feinsten Gefl\u00fcgelarten der Landes. Er wird in Freiheit aufgezogen und verf\u00fcgt \u00fcber mehrere G\u00fctesiegel (Label Rouge, IGP.).<\/p>\n\n\n\n<p>Auch <strong>das Rindfleisch aus Chalosse<\/strong> mit seinem roten, schmackhaften Fleisch ist durch diese G\u00fctesiegel gesch\u00fctzt. Sie wird ausschlie\u00dflich im <strong>S\u00fcden des Departements Landes <\/strong>und im Norden des Departements Pyr\u00e9n\u00e9es-Atlantiques gez\u00fcchtet.<br>Foie gras, Entenbrust und Entenconfit sind ebenfalls <strong>unverzichtbare Spezialit\u00e4ten der K\u00fcche der Landes<\/strong>, ebenso wie die Adour-Kiwis oder der schmackhafte Spargel der Landes.<\/p>\n\n\n\n<p>Und schlie\u00dflich sollten Sie die Landes nicht verlassen, ohne den ber\u00fchmten <strong>Pastis landais<\/strong> probiert zu haben, den Sie bestimmt in Ihrem Koffer mit nach Hause nehmen werden! Das Wort Pastis bedeutet in der Gascogne &#8222;Kuchen&#8220;. Dieses Brioche aus den Landes wird mit Rum und Vanille aromatisiert. Die Bioche ist ein echter Leckerbissen.<\/p>\n<\/div>\n<\/div>\n\n\n\n<div class=\"is-layout-flow wp-block-group alignfull diaporama-header L-00\">\n<figure class=\"is-layout-flex wp-block-gallery-14 wp-block-gallery has-nested-images columns-default is-cropped fc-auto\">\n<figure class=\"wp-block-image size-full fc-auto\"><img decoding=\"async\" width=\"1920\" height=\"1080\" src=\"https:\/\/www.lou-broustaricq.com\/wp-content\/uploads\/2023\/10\/La-Teste-de-Buch4-1.jpg\" alt=\"\" class=\"wp-image-2231\" srcset=\"https:\/\/www.lou-broustaricq.com\/wp-content\/uploads\/2023\/10\/La-Teste-de-Buch4-1.jpg 1920w, https:\/\/www.lou-broustaricq.com\/wp-content\/uploads\/2023\/10\/La-Teste-de-Buch4-1-300x169.jpg 300w, https:\/\/www.lou-broustaricq.com\/wp-content\/uploads\/2023\/10\/La-Teste-de-Buch4-1-1024x576.jpg 1024w, https:\/\/www.lou-broustaricq.com\/wp-content\/uploads\/2023\/10\/La-Teste-de-Buch4-1-768x432.jpg 768w, https:\/\/www.lou-broustaricq.com\/wp-content\/uploads\/2023\/10\/La-Teste-de-Buch4-1-1536x864.jpg 1536w\" sizes=\"(max-width: 1920px) 100vw, 1920px\" title=\"\"><\/figure>\n<\/figure>\n\n\n\n<div class=\"is-layout-flex wp-container-18 wp-block-columns\">\n<div class=\"is-layout-flow wp-block-column has-blanc-background-color has-background\">\n<h2 class=\"has-bleu-color has-text-color\">Aufenthalt auf einem Campingplatz in den Landes<\/h2>\n\n\n\n<p>Wenn Sie einen familienfreundlichen und geselligen Urlaub in den Landes verbringen m\u00f6chten, hat der <strong>Campingplatz Lou Broustaricq in Sanguinet<\/strong> alles, was Sie daf\u00fcr brauchen.<\/p>\n\n\n\n<h3 class=\"h4\">Ideal gelegener Campingplatz in Sanguinet<\/h3>\n\n\n\n<p>Tats\u00e4chlich ist dieser <strong>4-Sterne-Campingplatz<\/strong> <strong>Landes<\/strong> ideal in der N\u00e4he des<a href=\"https:\/\/www.lou-broustaricq.com\/de\/camping-lac-de-sanguinet\/\" data-type=\"page\" data-id=\"3167\"> Sees von Sanguinet<\/a> gelegen. Hier k\u00f6nnen Sie zahlreiche Wassersportarten aus\u00fcben und sich an den Str\u00e4nden am Ufer eines friedlichen Wassers entspannen.<br>Von diesem <strong>Campingplatz in den Landes<\/strong> aus k\u00f6nnen Sie Ausfl\u00fcge nach Biscarrosse oder zum Bassin d&#8217;Arcachon unternehmen oder die Dune du Pilat besteigen. Diese ber\u00fchmten Sehensw\u00fcrdigkeiten sind weniger als 30 Minuten vom Campingplatz entfernt.<\/p>\n\n\n\n<p>Wenn Sie vor Ort bleiben m\u00f6chten, erf\u00fcllt der Campingplatz Lou Broustaricq alle Ihre Erwartungen.<\/p>\n\n\n\n<div class=\"wp-block-fc-gut-lire-plus fc-desk\"><p class=\"has-text-align-left btn-lire-plus\">Mehr lesen<\/p>\n<h3 class=\"h4\">F\u00fcr einen Familienurlaub<\/h3>\n\n\n\n<p>F\u00fcr einen aktiven Urlaub besuchen Sie den <strong>Wasserpark mit seinen Rutschen<\/strong> und Spielpl\u00e4tzen. Es werden auch Aktivit\u00e4ten und Animationen angeboten, um die ganze <strong>Familie <\/strong>w\u00e4hrend der Saison tags\u00fcber und abends zu unterhalten.<\/p>\n\n\n\n<p>F\u00fcr einen Wellnessurlaub hat auch hier der Campingplatz alles vorbereitet. Das beheizte Hallenbad, die Liegest\u00fchle und der <strong>Whirlpool<\/strong> laden zum Entspannen ein.<br>Als Sahneh\u00e4ubchen sind Sie in<strong>komfortablen Ferienunterk\u00fcnften<\/strong> untergebracht, die sich in einem 16 Hektar gro\u00dfen, bewaldeten Park verteilen. Je nach Ihren W\u00fcnschen und Bed\u00fcrfnissen w\u00e4hlen Sie die f\u00fcr Sie passende<strong> Mobilheimreihe <\/strong>.<\/p>\n\n\n\n<p>Ein Urlaub auf dem 4-Sterne-Campingplatz Lou Broustaricq ist die Garantie f\u00fcr einen Aufenthalt im Zeichen der Geselligkeit und der guten Laune. Es ist an alles gedacht, damit Ihr <strong>Urlaub in den Landes<\/strong> unvergesslich wird!<\/p>\n<\/div>\n<\/div>\n\n\n\n<div class=\"is-layout-flow wp-block-column\"><\/div>\n<\/div>\n<\/div>\n","protected":false},"excerpt":{"rendered":"<p>F\u00eates landaises und typische Gastronomie in den Landes Les Landes erinnert an Str\u00e4nde, Kiefernw\u00e4lder und D\u00fcnen, aber auch an ein Departement, in dem die Menschen einen Sinn f\u00fcr das Feiern und den Geschmack f\u00fcr gute Dinge haben. Ein Aufenthalt auf einem Campingplatz in Sanguinet erm\u00f6glicht es Ihnen, alle Reicht\u00fcmer dieser sch\u00f6nen Region der Landes zu [&hellip;]<\/p>\n","protected":false},"author":1,"featured_media":0,"parent":0,"menu_order":0,"comment_status":"closed","ping_status":"closed","template":"","meta":[],"acf":[],"_links":{"self":[{"href":"https:\/\/www.lou-broustaricq.com\/de\/wp-json\/wp\/v2\/pages\/4022"}],"collection":[{"href":"https:\/\/www.lou-broustaricq.com\/de\/wp-json\/wp\/v2\/pages"}],"about":[{"href":"https:\/\/www.lou-broustaricq.com\/de\/wp-json\/wp\/v2\/types\/page"}],"author":[{"embeddable":true,"href":"https:\/\/www.lou-broustaricq.com\/de\/wp-json\/wp\/v2\/users\/1"}],"replies":[{"embeddable":true,"href":"https:\/\/www.lou-broustaricq.com\/de\/wp-json\/wp\/v2\/comments?post=4022"}],"version-history":[{"count":2,"href":"https:\/\/www.lou-broustaricq.com\/de\/wp-json\/wp\/v2\/pages\/4022\/revisions"}],"predecessor-version":[{"id":4359,"href":"https:\/\/www.lou-broustaricq.com\/de\/wp-json\/wp\/v2\/pages\/4022\/revisions\/4359"}],"wp:attachment":[{"href":"https:\/\/www.lou-broustaricq.com\/de\/wp-json\/wp\/v2\/media?parent=4022"}],"curies":[{"name":"wp","href":"https:\/\/api.w.org\/{rel}","templated":true}]}}