{"id":4021,"date":"2023-10-11T14:43:52","date_gmt":"2023-10-11T12:43:52","guid":{"rendered":"https:\/\/www.lou-broustaricq.com\/aktivitaeten\/"},"modified":"2025-01-14T13:23:27","modified_gmt":"2025-01-14T12:23:27","slug":"aktivitaeten","status":"publish","type":"page","link":"https:\/\/www.lou-broustaricq.com\/de\/aktivitaeten\/","title":{"rendered":"Aktivit\u00e4ten"},"content":{"rendered":"\n<div class=\"is-layout-flow wp-block-group alignfull diaporama-header L-00\">\n<figure class=\"is-layout-flex wp-block-gallery-1 wp-block-gallery has-nested-images columns-default is-cropped fc-auto\">\n<figure class=\"wp-block-image size-full fc-auto\"><img decoding=\"async\" width=\"1920\" height=\"1280\" src=\"https:\/\/www.lou-broustaricq.com\/wp-content\/uploads\/2023\/10\/activites-26.jpg\" alt=\"\" class=\"wp-image-3503\" srcset=\"https:\/\/www.lou-broustaricq.com\/wp-content\/uploads\/2023\/10\/activites-26.jpg 1920w, https:\/\/www.lou-broustaricq.com\/wp-content\/uploads\/2023\/10\/activites-26-300x200.jpg 300w, https:\/\/www.lou-broustaricq.com\/wp-content\/uploads\/2023\/10\/activites-26-1024x683.jpg 1024w, https:\/\/www.lou-broustaricq.com\/wp-content\/uploads\/2023\/10\/activites-26-768x512.jpg 768w, https:\/\/www.lou-broustaricq.com\/wp-content\/uploads\/2023\/10\/activites-26-1536x1024.jpg 1536w\" sizes=\"(max-width: 1920px) 100vw, 1920px\" title=\"\"><\/figure>\n<\/figure>\n<\/div>\n\n\n\n<div class=\"is-layout-flex wp-container-9 wp-block-columns reverse-mob L-10\">\n<div class=\"is-layout-flow wp-block-column\">\n<figure class=\"is-layout-flex wp-block-gallery-4 wp-block-gallery has-nested-images columns-default is-cropped fc-diapo fc-full\">\n<figure class=\"wp-block-image size-full fc-auto\"><img decoding=\"async\" width=\"1280\" height=\"853\" src=\"https:\/\/www.lou-broustaricq.com\/wp-content\/uploads\/2023\/10\/animations-80.jpg\" alt=\"\" class=\"wp-image-3507\" srcset=\"https:\/\/www.lou-broustaricq.com\/wp-content\/uploads\/2023\/10\/animations-80.jpg 1280w, https:\/\/www.lou-broustaricq.com\/wp-content\/uploads\/2023\/10\/animations-80-300x200.jpg 300w, https:\/\/www.lou-broustaricq.com\/wp-content\/uploads\/2023\/10\/animations-80-1024x682.jpg 1024w, https:\/\/www.lou-broustaricq.com\/wp-content\/uploads\/2023\/10\/animations-80-768x512.jpg 768w\" sizes=\"(max-width: 1280px) 100vw, 1280px\" title=\"\"><\/figure>\n<\/figure>\n<\/div>\n\n\n\n<div class=\"is-layout-flow wp-block-column col-texte has-blanc-background-color has-background\">\n<p class=\"has-text-align-left h1 has-bleu-color has-text-color\">Freizeit &amp; Aktivit\u00e4ten auf unserem Campingplatz<\/p>\n\n\n\n<h1 class=\"has-text-align-left h4\">Die Aktivit\u00e4ten auf unserem 4-Sterne-Campingplatz in den Landes<\/h1>\n\n\n\n<p class=\"has-text-align-left\">Der direkte Zugang zum See in den umliegenden W\u00e4ldern und dem Gr\u00fcn sind f\u00f6rderlich f\u00fcr Gef\u00fchle der Entspannung und Flucht aus dem Alltag. Egal wie alt Sie sind, es gibt eine gro\u00dfe Auswahl an Aktivit\u00e4ten f\u00fcr Kinder und Erwachsene. Besichtigungen, Sport, Theater &amp; <strong>Themenabende<\/strong> stehen t\u00e4glich auf dem Programm! Sie finden bestimmt die<strong>Aktivit\u00e4t<\/strong>, die am besten zu <strong>Ihnen passt<\/strong>!<\/p>\n\n\n\n<p class=\"has-text-align-left\">Der <strong>4-Sterne-Campingplatz in den Landes Lou Broustaricq<\/strong> bietet viele Aktivit\u00e4ten w\u00e4hrend Ihres Sommerurlaubs!<\/p>\n\n\n\n<div class=\"is-layout-flex wp-block-buttons\">\n<div class=\"wp-block-button btn_resa\"><a class=\"wp-block-button__link wp-element-button\">Einen Aufenthalt finden<\/a><\/div>\n<\/div>\n<\/div>\n<\/div>\n\n\n\n<div class=\"is-layout-constrained wp-block-group L-20 has-marron-clair-background-color has-background\">\n<h2 class=\"has-text-align-center h4\">Entdecken Sie die Aktivit\u00e4ten auf dem Campingplatz in Sanguinet<\/h2>\n\n\n\n<h3 class=\"has-text-align-center h2 has-marron-color has-text-color\">Aktivit\u00e4ten f\u00fcr Kinder<\/h3>\n\n\n\n<figure class=\"is-layout-flex wp-block-gallery-10 wp-block-gallery has-nested-images columns-4 is-cropped fc-diapo-mob fc-auto\">\n<figure class=\"wp-block-image size-large fc-auto\"><img decoding=\"async\" width=\"1024\" height=\"683\" src=\"https:\/\/www.lou-broustaricq.com\/wp-content\/uploads\/2023\/10\/animation-113-1024x683.jpg\" alt=\"\" class=\"wp-image-3438\" srcset=\"https:\/\/www.lou-broustaricq.com\/wp-content\/uploads\/2023\/10\/animation-113-1024x683.jpg 1024w, https:\/\/www.lou-broustaricq.com\/wp-content\/uploads\/2023\/10\/animation-113-300x200.jpg 300w, https:\/\/www.lou-broustaricq.com\/wp-content\/uploads\/2023\/10\/animation-113-768x512.jpg 768w, https:\/\/www.lou-broustaricq.com\/wp-content\/uploads\/2023\/10\/animation-113.jpg 1200w\" sizes=\"(max-width: 1024px) 100vw, 1024px\" title=\"\"><figcaption class=\"wp-element-caption\">Mini-Club<\/figcaption><\/figure>\n\n\n\n<figure class=\"wp-block-image size-full fc-auto\"><img decoding=\"async\" width=\"800\" height=\"1000\" src=\"https:\/\/www.lou-broustaricq.com\/wp-content\/uploads\/2023\/10\/animation-132.jpg\" alt=\"\" class=\"wp-image-3434\" srcset=\"https:\/\/www.lou-broustaricq.com\/wp-content\/uploads\/2023\/10\/animation-132.jpg 800w, https:\/\/www.lou-broustaricq.com\/wp-content\/uploads\/2023\/10\/animation-132-240x300.jpg 240w, https:\/\/www.lou-broustaricq.com\/wp-content\/uploads\/2023\/10\/animation-132-768x960.jpg 768w\" sizes=\"(max-width: 800px) 100vw, 800px\" title=\"\"><figcaption class=\"wp-element-caption\">Teenager-Club<\/figcaption><\/figure>\n\n\n\n<figure class=\"wp-block-image size-full fc-auto\"><img decoding=\"async\" width=\"800\" height=\"533\" src=\"https:\/\/www.lou-broustaricq.com\/wp-content\/uploads\/2023\/10\/animation-116.jpg\" alt=\"\" class=\"wp-image-3430\" srcset=\"https:\/\/www.lou-broustaricq.com\/wp-content\/uploads\/2023\/10\/animation-116.jpg 800w, https:\/\/www.lou-broustaricq.com\/wp-content\/uploads\/2023\/10\/animation-116-300x200.jpg 300w, https:\/\/www.lou-broustaricq.com\/wp-content\/uploads\/2023\/10\/animation-116-768x512.jpg 768w\" sizes=\"(max-width: 800px) 100vw, 800px\" title=\"\"><figcaption class=\"wp-element-caption\">Mini-Disco<\/figcaption><\/figure>\n\n\n\n<figure class=\"wp-block-image size-large fc-auto\"><img decoding=\"async\" width=\"864\" height=\"1024\" src=\"https:\/\/www.lou-broustaricq.com\/wp-content\/uploads\/2023\/10\/IMG_1674-864x1024.jpg\" alt=\"\" class=\"wp-image-2338\" srcset=\"https:\/\/www.lou-broustaricq.com\/wp-content\/uploads\/2023\/10\/IMG_1674-864x1024.jpg 864w, https:\/\/www.lou-broustaricq.com\/wp-content\/uploads\/2023\/10\/IMG_1674-253x300.jpg 253w, https:\/\/www.lou-broustaricq.com\/wp-content\/uploads\/2023\/10\/IMG_1674-768x910.jpg 768w, https:\/\/www.lou-broustaricq.com\/wp-content\/uploads\/2023\/10\/IMG_1674.jpg 1080w\" sizes=\"(max-width: 864px) 100vw, 864px\" title=\"\"><figcaption class=\"wp-element-caption\">Auff\u00fchrungen Kinder<\/figcaption><\/figure>\n<\/figure>\n\n\n\n<div class=\"is-content-justification-center is-layout-flex wp-container-12 wp-block-buttons\">\n<div class=\"wp-block-button fc-style-1\"><a class=\"wp-block-button__link wp-element-button\" href=\"https:\/\/www.lou-broustaricq.com\/de\/fotogalerie\/\"><span class=\"fc-icon images-regular\"><\/span>  Siehe die Fotogalerie<\/a><\/div>\n<\/div>\n\n\n\n<div class=\"is-layout-flex wp-container-15 wp-block-columns\">\n<div class=\"is-layout-flow wp-block-column\">\n<p>Unser <strong>Campingplatz in Sanguinet<\/strong> stellt den J\u00fcngsten verschiedene kostenlose <strong>Kinderclubs<\/strong> zur Verf\u00fcgung. Ihre Kinder werden von <strong>diplomierten Animateuren<\/strong> betreut.<\/p>\n\n\n\n<p><strong>Sie betreuen Ihre Kinder von 10:00 bis 12:00 Uhr und von 15:00 bis 17:00 Uhr.<\/strong><\/p>\n\n\n\n<p>Die Kinderclubs arbeiten nach einem <strong>Wochenplan<\/strong>. Wir bitten die Kinder, sich f\u00fcr eine Woche anzumelden, aber Ihre Kinder k\u00f6nnen frei entscheiden, an welchem Tag oder an welchen Tagen sie teilnehmen m\u00f6chten.<\/p>\n\n\n\n<p>F\u00fcr Outdoor-Aktivit\u00e4ten k\u00f6nnen Ausfl\u00fcge auf den See oder Fahrradtouren organisiert werden. Unser <strong>4-Sterne-Campingplatz Landes<\/strong> bietet eine Vielfalt an <a href=\"https:\/\/www.lou-broustaricq.com\/de\/de-zahlreiche-services-angeboten-camping-lou-broustaricq\/\" data-type=\"page\" data-id=\"810\">Mietdienstleistungen<\/a> f\u00fcr einen gelungenen Urlaub!<\/p>\n<\/div>\n\n\n\n<div class=\"is-layout-flow wp-block-column is-vertically-aligned-bottom\">\n<div class=\"wp-block-fc-gut-lire-plus fc-mob\"><p class=\"has-text-align-left btn-lire-plus\">Mehr lesen<\/p>\n<h3 class=\"h4\">Der Mini-Club | 5-12 Jahre<\/h3>\n\n\n\n<p>Der Miniclub ist in zwei Gruppen aufgeteilt, damit wir die Aktivit\u00e4ten anbieten k\u00f6nnen, die am besten zu Ihren Sch\u00fctzlingen passen. Finden Sie zwei verschiedene Gruppen :<\/p>\n\n\n\n<ul>\n<li>5\/8 Jahre<\/li>\n\n\n\n<li>9\/12 Jahre<\/li>\n<\/ul>\n\n\n\n<h3 class=\"h4\">Der Teenager-Club | 13-17 Jahre<\/h3>\n\n\n\n<p>Auch Ihre Teenager werden ihre Momente haben. Unsere Animateure werden ihnen ein Programm zusammenstellen k\u00f6nnen, damit ihre Ferien zu sch\u00f6nen Begegnungen und unvergesslichen Momenten werden.<\/p>\n\n\n\n<h3 class=\"h4\">Was ist mit den Kleinsten?<\/h3>\n\n\n\n<p>Unter der Woche, von 17:00 bis 17:30 Uhr, gibt es eine <strong>Minidisco<\/strong> und einen <strong>Schminkworkshop<\/strong> f\u00fcr Kinder unter 5 Jahren.<\/p>\n<\/div>\n<\/div>\n<\/div>\n<\/div>\n\n\n\n<div class=\"is-layout-constrained wp-block-group L-20 has-blanc-background-color has-background\">\n<h3 class=\"has-text-align-center h2 has-bleu-color has-text-color\">Aktivit\u00e4ten mit der Familie<\/h3>\n\n\n\n<figure class=\"is-layout-flex wp-block-gallery-17 wp-block-gallery has-nested-images columns-4 is-cropped fc-diapo-mob fc-auto\">\n<figure class=\"wp-block-image size-full fc-auto\"><img decoding=\"async\" width=\"800\" height=\"1000\" src=\"https:\/\/www.lou-broustaricq.com\/wp-content\/uploads\/2023\/10\/animation-153.jpg\" alt=\"\" class=\"wp-image-3468\" srcset=\"https:\/\/www.lou-broustaricq.com\/wp-content\/uploads\/2023\/10\/animation-153.jpg 800w, https:\/\/www.lou-broustaricq.com\/wp-content\/uploads\/2023\/10\/animation-153-240x300.jpg 240w, https:\/\/www.lou-broustaricq.com\/wp-content\/uploads\/2023\/10\/animation-153-768x960.jpg 768w\" sizes=\"(max-width: 800px) 100vw, 800px\" title=\"\"><figcaption class=\"wp-element-caption\">Boulespiel, Minigolf, &#8230;<\/figcaption><\/figure>\n\n\n\n<figure class=\"wp-block-image size-full fc-auto\"><img decoding=\"async\" width=\"800\" height=\"533\" src=\"https:\/\/www.lou-broustaricq.com\/wp-content\/uploads\/2023\/10\/animations-54.jpg\" alt=\"\" class=\"wp-image-3484\" srcset=\"https:\/\/www.lou-broustaricq.com\/wp-content\/uploads\/2023\/10\/animations-54.jpg 800w, https:\/\/www.lou-broustaricq.com\/wp-content\/uploads\/2023\/10\/animations-54-300x200.jpg 300w, https:\/\/www.lou-broustaricq.com\/wp-content\/uploads\/2023\/10\/animations-54-768x512.jpg 768w\" sizes=\"(max-width: 800px) 100vw, 800px\" title=\"\"><figcaption class=\"wp-element-caption\">Crossfit,<span class=\"fc-span\"> <\/span><span class=\"fc-span\">Fitness, Tanzkurse&#8230;<\/span><\/figcaption><\/figure>\n\n\n\n<figure class=\"wp-block-image size-full fc-auto\"><img decoding=\"async\" width=\"640\" height=\"800\" src=\"https:\/\/www.lou-broustaricq.com\/wp-content\/uploads\/2023\/10\/animations-55.jpg\" alt=\"\" class=\"wp-image-3492\" srcset=\"https:\/\/www.lou-broustaricq.com\/wp-content\/uploads\/2023\/10\/animations-55.jpg 640w, https:\/\/www.lou-broustaricq.com\/wp-content\/uploads\/2023\/10\/animations-55-240x300.jpg 240w\" sizes=\"(max-width: 640px) 100vw, 640px\" title=\"\"><figcaption class=\"wp-element-caption\">Spazierg\u00e4nge, Wanderungen, &#8230;<\/figcaption><\/figure>\n\n\n\n<figure class=\"wp-block-image size-full fc-auto\"><img decoding=\"async\" width=\"800\" height=\"1000\" src=\"https:\/\/www.lou-broustaricq.com\/wp-content\/uploads\/2023\/10\/animation-56.jpg\" alt=\"\" class=\"wp-image-3460\" srcset=\"https:\/\/www.lou-broustaricq.com\/wp-content\/uploads\/2023\/10\/animation-56.jpg 800w, https:\/\/www.lou-broustaricq.com\/wp-content\/uploads\/2023\/10\/animation-56-240x300.jpg 240w, https:\/\/www.lou-broustaricq.com\/wp-content\/uploads\/2023\/10\/animation-56-768x960.jpg 768w\" sizes=\"(max-width: 800px) 100vw, 800px\" title=\"\"><figcaption class=\"wp-element-caption\"><strong>Volleyball<\/strong><\/figcaption><\/figure>\n\n\n\n<figure class=\"wp-block-image size-full fc-auto\"><img decoding=\"async\" width=\"800\" height=\"1000\" src=\"https:\/\/www.lou-broustaricq.com\/wp-content\/uploads\/2023\/10\/animations-118.jpg\" alt=\"\" class=\"wp-image-3480\" srcset=\"https:\/\/www.lou-broustaricq.com\/wp-content\/uploads\/2023\/10\/animations-118.jpg 800w, https:\/\/www.lou-broustaricq.com\/wp-content\/uploads\/2023\/10\/animations-118-240x300.jpg 240w, https:\/\/www.lou-broustaricq.com\/wp-content\/uploads\/2023\/10\/animations-118-768x960.jpg 768w\" sizes=\"(max-width: 800px) 100vw, 800px\" title=\"\"><figcaption class=\"wp-element-caption\">Tretboot, Schwimmreifen, &#8230;<\/figcaption><\/figure>\n\n\n\n<figure class=\"wp-block-image size-full fc-auto\"><img decoding=\"async\" width=\"800\" height=\"533\" src=\"https:\/\/www.lou-broustaricq.com\/wp-content\/uploads\/2023\/10\/animations-98.jpg\" alt=\"\" class=\"wp-image-3488\" srcset=\"https:\/\/www.lou-broustaricq.com\/wp-content\/uploads\/2023\/10\/animations-98.jpg 800w, https:\/\/www.lou-broustaricq.com\/wp-content\/uploads\/2023\/10\/animations-98-300x200.jpg 300w, https:\/\/www.lou-broustaricq.com\/wp-content\/uploads\/2023\/10\/animations-98-768x512.jpg 768w\" sizes=\"(max-width: 800px) 100vw, 800px\" title=\"\"><figcaption class=\"wp-element-caption\">Paddeln, Surfen, Kajakfahren,&#8230;<\/figcaption><\/figure>\n\n\n\n<figure class=\"wp-block-image size-full fc-auto\"><img decoding=\"async\" width=\"800\" height=\"1000\" src=\"https:\/\/www.lou-broustaricq.com\/wp-content\/uploads\/2023\/10\/animation-138.jpg\" alt=\"\" class=\"wp-image-3464\" srcset=\"https:\/\/www.lou-broustaricq.com\/wp-content\/uploads\/2023\/10\/animation-138.jpg 800w, https:\/\/www.lou-broustaricq.com\/wp-content\/uploads\/2023\/10\/animation-138-240x300.jpg 240w, https:\/\/www.lou-broustaricq.com\/wp-content\/uploads\/2023\/10\/animation-138-768x960.jpg 768w\" sizes=\"(max-width: 800px) 100vw, 800px\" title=\"\"><figcaption class=\"wp-element-caption\"><strong>Tennis<\/strong><\/figcaption><\/figure>\n\n\n\n<figure class=\"wp-block-image size-full fc-auto\"><img decoding=\"async\" width=\"800\" height=\"1000\" src=\"https:\/\/www.lou-broustaricq.com\/wp-content\/uploads\/2023\/10\/animation-136.jpg\" alt=\"\" class=\"wp-image-3476\" srcset=\"https:\/\/www.lou-broustaricq.com\/wp-content\/uploads\/2023\/10\/animation-136.jpg 800w, https:\/\/www.lou-broustaricq.com\/wp-content\/uploads\/2023\/10\/animation-136-240x300.jpg 240w, https:\/\/www.lou-broustaricq.com\/wp-content\/uploads\/2023\/10\/animation-136-768x960.jpg 768w\" sizes=\"(max-width: 800px) 100vw, 800px\" title=\"\"><figcaption class=\"wp-element-caption\">Fu\u00dfball, Basketball, &#8230;<\/figcaption><\/figure>\n<\/figure>\n\n\n\n<p class=\"has-text-align-left\">Wir haben Spa\u00df auf dem Campingplatz Lou Broustaricq! Rhythmisieren Sie Ihre Tage zwischen Baden in unserem<strong> <a href=\"https:\/\/www.lou-broustaricq.com\/de\/camping-wasserpark-landeskunde\/\" data-type=\"page\" data-id=\"1044\">Wasserpark in den Landes<\/a><\/strong> Sie k\u00f6nnen sich mit Wassergymnastik und Animationen besch\u00e4ftigen, die von unseren professionellen Teams betreut werden.<\/p>\n\n\n\n<p>Und auch <strong>Sportveranstaltungen<\/strong> unter freiem Himmel: Paddel- und Yogastunden, Tennisturniere und gro\u00df angelegte Wettk\u00e4mpfe erwarten Sie auf unserem <strong>4-Sterne-Campingplatz in den Landes<\/strong>! Eine gute Gelegenheit, neue Leute kennenzulernen und wunderbare Erinnerungen zu schaffen. Die J\u00fcngsten werden sich im Club vergn\u00fcgen<br>Kinder und Teenager und die \u00c4lteren werden immer ihren gerechten Anteil an Spa\u00df mit den animierten Abendveranstaltungen haben.<\/p>\n\n\n\n<p>Im Herzen der Stadt Sanguinet finden Sie viele typische Aktivit\u00e4ten: von lokaler Kunst und Gastronomie bis hin zu festlichen Musikgruppen.<\/p>\n<\/div>\n\n\n\n<div class=\"is-layout-constrained wp-block-group L-20 has-bleu-fonce-background-color has-background\">\n<h3 class=\"has-text-align-center h2 has-blanc-color has-text-color\">Animationen und Abendveranstaltungen f\u00fcr die Familie  <\/h3>\n\n\n\n<figure class=\"is-layout-flex wp-block-gallery-20 wp-block-gallery has-nested-images columns-4 is-cropped fc-diapo-mob fc-auto\">\n<figure class=\"wp-block-image size-large fc-auto\"><img decoding=\"async\" width=\"864\" height=\"1024\" src=\"https:\/\/www.lou-broustaricq.com\/wp-content\/uploads\/2023\/10\/IMG_1677-1-864x1024.jpg\" alt=\"\" class=\"wp-image-2342\" srcset=\"https:\/\/www.lou-broustaricq.com\/wp-content\/uploads\/2023\/10\/IMG_1677-1-864x1024.jpg 864w, https:\/\/www.lou-broustaricq.com\/wp-content\/uploads\/2023\/10\/IMG_1677-1-253x300.jpg 253w, https:\/\/www.lou-broustaricq.com\/wp-content\/uploads\/2023\/10\/IMG_1677-1-768x910.jpg 768w, https:\/\/www.lou-broustaricq.com\/wp-content\/uploads\/2023\/10\/IMG_1677-1.jpg 1080w\" sizes=\"(max-width: 864px) 100vw, 864px\" title=\"\"><figcaption class=\"wp-element-caption\"><strong>Karaoke<\/strong><\/figcaption><\/figure>\n\n\n\n<figure class=\"wp-block-image size-large fc-auto\"><img decoding=\"async\" width=\"820\" height=\"1024\" src=\"https:\/\/www.lou-broustaricq.com\/wp-content\/uploads\/2023\/10\/42-820x1024.jpg\" alt=\"\" class=\"wp-image-3454\" srcset=\"https:\/\/www.lou-broustaricq.com\/wp-content\/uploads\/2023\/10\/42-820x1024.jpg 820w, https:\/\/www.lou-broustaricq.com\/wp-content\/uploads\/2023\/10\/42-240x300.jpg 240w, https:\/\/www.lou-broustaricq.com\/wp-content\/uploads\/2023\/10\/42-768x960.jpg 768w, https:\/\/www.lou-broustaricq.com\/wp-content\/uploads\/2023\/10\/42-1229x1536.jpg 1229w, https:\/\/www.lou-broustaricq.com\/wp-content\/uploads\/2023\/10\/42-1639x2048.jpg 1639w, https:\/\/www.lou-broustaricq.com\/wp-content\/uploads\/2023\/10\/42.jpg 1920w\" sizes=\"(max-width: 820px) 100vw, 820px\" title=\"\"><figcaption class=\"wp-element-caption\"><strong><strong>Discoabende<\/strong><\/strong><\/figcaption><\/figure>\n\n\n\n<figure class=\"wp-block-image size-full fc-auto\"><img decoding=\"async\" width=\"800\" height=\"533\" src=\"https:\/\/www.lou-broustaricq.com\/wp-content\/uploads\/2023\/10\/animation-26.jpg\" alt=\"\" class=\"wp-image-3446\" srcset=\"https:\/\/www.lou-broustaricq.com\/wp-content\/uploads\/2023\/10\/animation-26.jpg 800w, https:\/\/www.lou-broustaricq.com\/wp-content\/uploads\/2023\/10\/animation-26-300x200.jpg 300w, https:\/\/www.lou-broustaricq.com\/wp-content\/uploads\/2023\/10\/animation-26-768x512.jpg 768w\" sizes=\"(max-width: 800px) 100vw, 800px\" title=\"\"><figcaption class=\"wp-element-caption\"><strong>Themenabende und -mahlzeiten<\/strong><\/figcaption><\/figure>\n\n\n\n<figure class=\"wp-block-image size-large fc-auto\"><img decoding=\"async\" width=\"864\" height=\"1024\" src=\"https:\/\/www.lou-broustaricq.com\/wp-content\/uploads\/2023\/10\/P1010005-1-864x1024.jpg\" alt=\"\" class=\"wp-image-2404\" srcset=\"https:\/\/www.lou-broustaricq.com\/wp-content\/uploads\/2023\/10\/P1010005-1-864x1024.jpg 864w, https:\/\/www.lou-broustaricq.com\/wp-content\/uploads\/2023\/10\/P1010005-1-253x300.jpg 253w, https:\/\/www.lou-broustaricq.com\/wp-content\/uploads\/2023\/10\/P1010005-1-768x910.jpg 768w, https:\/\/www.lou-broustaricq.com\/wp-content\/uploads\/2023\/10\/P1010005-1.jpg 949w\" sizes=\"(max-width: 864px) 100vw, 864px\" title=\"\"><figcaption class=\"wp-element-caption\"><strong>Wasserbereich bei Nacht<\/strong><\/figcaption><\/figure>\n<\/figure>\n<\/div>\n\n\n\n<div class=\"is-layout-flex wp-container-28 wp-block-columns reverse-mob L-10\">\n<div class=\"is-layout-flow wp-block-column col-texte has-blanc-background-color has-background\">\n<h2 class=\"has-marron-color has-text-color\">Aktivit\u00e4ten am See von Sanguinet<\/h2>\n\n\n\n<p>Neben den vielen Aktivit\u00e4ten und Animationen auf dem Campingplatz bietet auch der See von Sanguinet etwas f\u00fcr die ganze Familie:<\/p>\n\n\n\n<div class=\"wp-block-fc-gut-lire-plus fc-mob\"><p class=\"has-text-align-left btn-lire-plus\">Alle Aktivit\u00e4ten entdecken<\/p>\n<ul>\n<li><strong>Wassersport<\/strong>: Der See von Sanguinet ist ein idealer Ort zum Segeln, Windsurfen, Kanu- und Paddlefahren. Vor Ort gibt es Segelschulen und Ausr\u00fcstungsverleih.<\/li>\n\n\n\n<li><strong>Angeln <\/strong>: Der See von Sanguinet ist f\u00fcr seinen gro\u00dfen Fischreichtum bekannt, insbesondere f\u00fcr Karpfen, Barsch und Hecht. Angler k\u00f6nnen Boote mieten oder vom Ufer aus angeln.<\/li>\n\n\n\n<li><strong>Wandern <\/strong>: Die Umgebung des Sees von Sanguinet bietet zahlreiche Wanderwege durch W\u00e4lder und D\u00fcnen. Wanderer k\u00f6nnen auch Fahrr\u00e4der mieten, um die Umgebung zu erkunden.<\/li>\n\n\n\n<li><strong>Golfplatz <\/strong>: Es gibt einen 18-Loch-Golfplatz in der N\u00e4he des Sees von Sanguinet.<\/li>\n\n\n\n<li><strong>Besuchen Sie das Naturschutzgebiet <\/strong>des Sees von Sanguinet : Ein erstklassiger Ort, um V\u00f6gel und die lokale Tierwelt zu beobachten.<\/li>\n<\/ul>\n<\/div>\n\n\n\n<div class=\"is-layout-flex wp-block-buttons\">\n<div class=\"wp-block-button fc-style-1\"><a class=\"wp-block-button__link wp-element-button\" href=\"https:\/\/www.lou-broustaricq.com\/de\/entre-foret-landes-locean-bassin-darcachon\/\">Die Umgebung entdecken<\/a><\/div>\n<\/div>\n<\/div>\n\n\n\n<div class=\"is-layout-flow wp-block-column\">\n<figure class=\"is-layout-flex wp-block-gallery-25 wp-block-gallery has-nested-images columns-default is-cropped fc-diapo fc-full\">\n<figure class=\"wp-block-image size-large fc-auto\"><img decoding=\"async\" width=\"819\" height=\"1024\" src=\"https:\/\/www.lou-broustaricq.com\/wp-content\/uploads\/2023\/10\/landes-147-819x1024.jpg\" alt=\"\" class=\"wp-image-3497\" srcset=\"https:\/\/www.lou-broustaricq.com\/wp-content\/uploads\/2023\/10\/landes-147-819x1024.jpg 819w, https:\/\/www.lou-broustaricq.com\/wp-content\/uploads\/2023\/10\/landes-147-240x300.jpg 240w, https:\/\/www.lou-broustaricq.com\/wp-content\/uploads\/2023\/10\/landes-147-768x960.jpg 768w, https:\/\/www.lou-broustaricq.com\/wp-content\/uploads\/2023\/10\/landes-147.jpg 1024w\" sizes=\"(max-width: 819px) 100vw, 819px\" title=\"\"><\/figure>\n<\/figure>\n<\/div>\n<\/div>\n","protected":false},"excerpt":{"rendered":"<p>Freizeit &amp; Aktivit\u00e4ten auf unserem Campingplatz Die Aktivit\u00e4ten auf unserem 4-Sterne-Campingplatz in den Landes Der direkte Zugang zum See in den umliegenden W\u00e4ldern und dem Gr\u00fcn sind f\u00f6rderlich f\u00fcr Gef\u00fchle der Entspannung und Flucht aus dem Alltag. Egal wie alt Sie sind, es gibt eine gro\u00dfe Auswahl an Aktivit\u00e4ten f\u00fcr Kinder und Erwachsene. Besichtigungen, Sport, [&hellip;]<\/p>\n","protected":false},"author":1,"featured_media":0,"parent":0,"menu_order":0,"comment_status":"closed","ping_status":"closed","template":"","meta":[],"acf":[],"_links":{"self":[{"href":"https:\/\/www.lou-broustaricq.com\/de\/wp-json\/wp\/v2\/pages\/4021"}],"collection":[{"href":"https:\/\/www.lou-broustaricq.com\/de\/wp-json\/wp\/v2\/pages"}],"about":[{"href":"https:\/\/www.lou-broustaricq.com\/de\/wp-json\/wp\/v2\/types\/page"}],"author":[{"embeddable":true,"href":"https:\/\/www.lou-broustaricq.com\/de\/wp-json\/wp\/v2\/users\/1"}],"replies":[{"embeddable":true,"href":"https:\/\/www.lou-broustaricq.com\/de\/wp-json\/wp\/v2\/comments?post=4021"}],"version-history":[{"count":4,"href":"https:\/\/www.lou-broustaricq.com\/de\/wp-json\/wp\/v2\/pages\/4021\/revisions"}],"predecessor-version":[{"id":4739,"href":"https:\/\/www.lou-broustaricq.com\/de\/wp-json\/wp\/v2\/pages\/4021\/revisions\/4739"}],"wp:attachment":[{"href":"https:\/\/www.lou-broustaricq.com\/de\/wp-json\/wp\/v2\/media?parent=4021"}],"curies":[{"name":"wp","href":"https:\/\/api.w.org\/{rel}","templated":true}]}}