{"id":4008,"date":"2023-10-19T10:01:05","date_gmt":"2023-10-19T08:01:05","guid":{"rendered":"https:\/\/www.lou-broustaricq.com\/camping-landes-4-etoiles\/"},"modified":"2023-11-24T11:23:46","modified_gmt":"2023-11-24T10:23:46","slug":"camping-landes-4-etoiles","status":"publish","type":"page","link":"https:\/\/www.lou-broustaricq.com\/de\/camping-landes-4-etoiles\/","title":{"rendered":"Campingplatz Landes 4 Sterne"},"content":{"rendered":"\n<div class=\"is-layout-flow wp-block-group alignfull diaporama-header L-00\">\n<figure class=\"is-layout-flex wp-block-gallery-1 wp-block-gallery has-nested-images columns-default is-cropped fc-auto\">\n<figure class=\"wp-block-image size-full fc-auto\"><img decoding=\"async\" width=\"1920\" height=\"1080\" src=\"https:\/\/www.lou-broustaricq.com\/wp-content\/uploads\/2023\/10\/5.jpg\" alt=\"\" class=\"wp-image-2242\" srcset=\"https:\/\/www.lou-broustaricq.com\/wp-content\/uploads\/2023\/10\/5.jpg 1920w, https:\/\/www.lou-broustaricq.com\/wp-content\/uploads\/2023\/10\/5-300x169.jpg 300w, https:\/\/www.lou-broustaricq.com\/wp-content\/uploads\/2023\/10\/5-1024x576.jpg 1024w, https:\/\/www.lou-broustaricq.com\/wp-content\/uploads\/2023\/10\/5-768x432.jpg 768w, https:\/\/www.lou-broustaricq.com\/wp-content\/uploads\/2023\/10\/5-1536x864.jpg 1536w\" sizes=\"(max-width: 1920px) 100vw, 1920px\" title=\"\"><\/figure>\n<\/figure>\n<\/div>\n\n\n\n<div class=\"is-layout-flex wp-container-9 wp-block-columns L-10\">\n<div class=\"is-layout-flow wp-block-column col-texte has-blanc-background-color has-background\">\n<p class=\"h3\">Campingplatz Lou Broustaricq in Sanguinet<\/p>\n\n\n\n<h1 class=\"h1 has-bleu-color has-text-color\">Campingplatz Landes 4 Sterne<\/h1>\n\n\n\n<h2 class=\"h4\">Das ideale Reiseziel f\u00fcr einen Campingurlaub mit der Familie<\/h2>\n\n\n\n<p>Lieben Sie die Natur, Wasseraktivit\u00e4ten, Gastronomie oder Kultur? Les Landes empf\u00e4ngt Sie majest\u00e4tisch in einer <strong>nat\u00fcrlichen Umgebung und einem gro\u00dfen gesch\u00fctzten Raum<\/strong>. Hier finden Sie atemberaubende Unterk\u00fcnfte und Fl\u00e4chen, wie zum Beispiel unseren Campingplatz Lou Broustaricq in Sanguinet.<\/p>\n\n\n\n<h3 class=\"h4\">Unser Campingplatz in der N\u00e4he sch\u00f6ner Reiseziele<\/h3>\n\n\n\n<p>Der Campingplatz Lou Broustaricq ist ein guter Ausgangspunkt, um <strong>viele Sehensw\u00fcrdigkeiten in der N\u00e4he<\/strong> zu besuchen. Finden Sie weniger als 20 Minuten vom Campingplatz Lou Broustaricq entfernt in den Landes :<\/p>\n\n\n\n<ul>\n<li>Becken von Arcachon,<\/li>\n\n\n\n<li>Die D\u00fcne von Pilat,<\/li>\n\n\n\n<li>Biscarrosse, See oder Atlantik,<\/li>\n\n\n\n<li>Mimizan<\/li>\n\n\n\n<li>Die K\u00fcste der Landes und die weiten Sandstr\u00e4nde<\/li>\n\n\n\n<li>Die Seen von Biscarrosse und der See von Sanguinet<\/li>\n<\/ul>\n\n\n\n<p>Vom Campingplatz Lou Broustaricq aus brauchen Sie nur wenige Minuten bis zum Strand des Lac de Sanguinet. Als Transportmittel k\u00f6nnen Sie ein Fahrrad oder ein Auto benutzen oder zu Fu\u00df wandern.<\/p>\n\n\n\n<div class=\"is-layout-flex wp-block-buttons\">\n<div class=\"wp-block-button\"><a class=\"wp-block-button__link wp-element-button\" href=\"https:\/\/www.lou-broustaricq.com\/de\/entre-foret-landes-locean-bassin-darcachon\/\"><span class=\"fc-icon trees-regular\"><\/span>  Entdecke die Heide<\/a><\/div>\n<\/div>\n<\/div>\n\n\n\n<div class=\"is-layout-flow wp-block-column\">\n<figure class=\"is-layout-flex wp-block-gallery-6 wp-block-gallery has-nested-images columns-default is-cropped fc-diapo fc-full\">\n<figure class=\"wp-block-image size-large fc-auto\"><img decoding=\"async\" width=\"864\" height=\"1024\" src=\"https:\/\/www.lou-broustaricq.com\/wp-content\/uploads\/2023\/10\/lopez-robin-nBPp7pzPSH8-unsplash-864x1024.jpg\" alt=\"\" class=\"wp-image-2130\" srcset=\"https:\/\/www.lou-broustaricq.com\/wp-content\/uploads\/2023\/10\/lopez-robin-nBPp7pzPSH8-unsplash-864x1024.jpg 864w, https:\/\/www.lou-broustaricq.com\/wp-content\/uploads\/2023\/10\/lopez-robin-nBPp7pzPSH8-unsplash-253x300.jpg 253w, https:\/\/www.lou-broustaricq.com\/wp-content\/uploads\/2023\/10\/lopez-robin-nBPp7pzPSH8-unsplash-768x910.jpg 768w, https:\/\/www.lou-broustaricq.com\/wp-content\/uploads\/2023\/10\/lopez-robin-nBPp7pzPSH8-unsplash.jpg 1080w\" sizes=\"(max-width: 864px) 100vw, 864px\" title=\"\"><\/figure>\n\n\n\n<figure class=\"wp-block-image size-large fc-auto\"><img decoding=\"async\" width=\"864\" height=\"1024\" src=\"https:\/\/www.lou-broustaricq.com\/wp-content\/uploads\/2023\/10\/La-Teste-de-Buch4-864x1024.jpg\" alt=\"\" class=\"wp-image-2110\" srcset=\"https:\/\/www.lou-broustaricq.com\/wp-content\/uploads\/2023\/10\/La-Teste-de-Buch4-864x1024.jpg 864w, https:\/\/www.lou-broustaricq.com\/wp-content\/uploads\/2023\/10\/La-Teste-de-Buch4-253x300.jpg 253w, https:\/\/www.lou-broustaricq.com\/wp-content\/uploads\/2023\/10\/La-Teste-de-Buch4-768x910.jpg 768w, https:\/\/www.lou-broustaricq.com\/wp-content\/uploads\/2023\/10\/La-Teste-de-Buch4.jpg 1080w\" sizes=\"(max-width: 864px) 100vw, 864px\" title=\"\"><\/figure>\n\n\n\n<figure class=\"wp-block-image size-large fc-auto\"><img decoding=\"async\" width=\"864\" height=\"1024\" src=\"https:\/\/www.lou-broustaricq.com\/wp-content\/uploads\/2023\/10\/La-Teste-de-Buch3-864x1024.jpg\" alt=\"\" class=\"wp-image-2106\" srcset=\"https:\/\/www.lou-broustaricq.com\/wp-content\/uploads\/2023\/10\/La-Teste-de-Buch3-864x1024.jpg 864w, https:\/\/www.lou-broustaricq.com\/wp-content\/uploads\/2023\/10\/La-Teste-de-Buch3-253x300.jpg 253w, https:\/\/www.lou-broustaricq.com\/wp-content\/uploads\/2023\/10\/La-Teste-de-Buch3-768x910.jpg 768w, https:\/\/www.lou-broustaricq.com\/wp-content\/uploads\/2023\/10\/La-Teste-de-Buch3.jpg 1080w\" sizes=\"(max-width: 864px) 100vw, 864px\" title=\"\"><\/figure>\n\n\n\n<figure class=\"wp-block-image size-large fc-auto\"><img decoding=\"async\" width=\"719\" height=\"853\" src=\"https:\/\/www.lou-broustaricq.com\/wp-content\/uploads\/2023\/10\/grass-g85fea1d0a_1280.jpg\" alt=\"\" class=\"wp-image-2030\" srcset=\"https:\/\/www.lou-broustaricq.com\/wp-content\/uploads\/2023\/10\/grass-g85fea1d0a_1280.jpg 719w, https:\/\/www.lou-broustaricq.com\/wp-content\/uploads\/2023\/10\/grass-g85fea1d0a_1280-253x300.jpg 253w\" sizes=\"(max-width: 719px) 100vw, 719px\" title=\"\"><\/figure>\n\n\n\n<figure class=\"wp-block-image size-large fc-auto\"><img decoding=\"async\" width=\"864\" height=\"1024\" src=\"https:\/\/www.lou-broustaricq.com\/wp-content\/uploads\/2023\/10\/les-argonautes-lpT286mU0c4-unsplash-864x1024.jpg\" alt=\"\" class=\"wp-image-2126\" srcset=\"https:\/\/www.lou-broustaricq.com\/wp-content\/uploads\/2023\/10\/les-argonautes-lpT286mU0c4-unsplash-864x1024.jpg 864w, https:\/\/www.lou-broustaricq.com\/wp-content\/uploads\/2023\/10\/les-argonautes-lpT286mU0c4-unsplash-253x300.jpg 253w, https:\/\/www.lou-broustaricq.com\/wp-content\/uploads\/2023\/10\/les-argonautes-lpT286mU0c4-unsplash-768x910.jpg 768w, https:\/\/www.lou-broustaricq.com\/wp-content\/uploads\/2023\/10\/les-argonautes-lpT286mU0c4-unsplash.jpg 1080w\" sizes=\"(max-width: 864px) 100vw, 864px\" title=\"\"><\/figure>\n<\/figure>\n<\/div>\n<\/div>\n\n\n\n<div class=\"is-layout-flex wp-container-15 wp-block-columns reverse-mob L-10\">\n<div class=\"is-layout-flow wp-block-column\">\n<figure class=\"is-layout-flex wp-block-gallery-10 wp-block-gallery has-nested-images columns-default is-cropped fc-diapo fc-full\">\n<figure class=\"wp-block-image size-large fc-auto\"><img decoding=\"async\" width=\"863\" height=\"1024\" src=\"https:\/\/www.lou-broustaricq.com\/wp-content\/uploads\/2023\/10\/ext-seychelles-863x1024.jpg\" alt=\"\" class=\"wp-image-2793\" srcset=\"https:\/\/www.lou-broustaricq.com\/wp-content\/uploads\/2023\/10\/ext-seychelles-863x1024.jpg 863w, https:\/\/www.lou-broustaricq.com\/wp-content\/uploads\/2023\/10\/ext-seychelles-253x300.jpg 253w, https:\/\/www.lou-broustaricq.com\/wp-content\/uploads\/2023\/10\/ext-seychelles-768x911.jpg 768w, https:\/\/www.lou-broustaricq.com\/wp-content\/uploads\/2023\/10\/ext-seychelles.jpg 1037w\" sizes=\"(max-width: 863px) 100vw, 863px\" title=\"\"><\/figure>\n<\/figure>\n<\/div>\n\n\n\n<div class=\"is-layout-flow wp-block-column col-texte has-marron-clair-background-color has-background\">\n<p class=\"h2 has-marron-color has-text-color\">Familienurlaub in den Landes<\/p>\n\n\n\n<h2 class=\"h4\">Vermietung von Mobilheimen auf unserem 4-Sterne-Campingplatz Landes f\u00fcr optimalen Komfort<\/h2>\n\n\n\n<h3>Vermietung Mobilheim Landes<\/h3>\n\n\n\n<p>In den Landes haben Sie Zugang zu einer <strong>gro\u00dfen Auswahl an<\/strong> modernen <strong>Mobilheimen<\/strong>. Dort genie\u00dfen Sie auf unserem Campingplatz tadellosen Komfort und laue N\u00e4chte. Es gibt Modelle, die speziell f\u00fcr junge Paare ohne Kinder reserviert sind. Diese verf\u00fcgen \u00fcber ein gut eingerichtetes Schlafzimmer, eine K\u00fcchenzeile und eine wundersch\u00f6ne Terrasse.<\/p>\n\n\n\n<p>Wenn Sie mit der Familie oder mit Freunden unterwegs sind, finden Sie auch das perfekte Mobilheim f\u00fcr Ihren Campingurlaub. Wir empfehlen Ihnen Modelle mit voll ausgestatteter K\u00fcche und einem gro\u00dfen Schlafzimmer, dessen gesamter Raum in ein Bett umgewandelt werden kann. Die besten <strong>Mobilheime der Landes <\/strong>erwarten Sie auf dem Campingplatz Lou Broustaricq. Sie sind in einer nat\u00fcrlichen Umgebung angeordnet und es dauert nur 15 Minuten zu Fu\u00df, um von Ihrer Unterkunft zum Strand zu gelangen.<\/p>\n\n\n\n<div class=\"is-layout-flex wp-block-buttons\">\n<div class=\"wp-block-button fc-style-1\"><a class=\"wp-block-button__link wp-element-button\" href=\"https:\/\/www.lou-broustaricq.com\/de\/unterkunft\/\"><span class=\"fc-icon house-tree-regular\"><\/span>  Vermietung von Mobilheimen in den Landes<\/a><\/div>\n<\/div>\n<\/div>\n<\/div>\n\n\n\n<div class=\"is-layout-flex wp-container-21 wp-block-columns L-10\">\n<div class=\"is-layout-flow wp-block-column col-texte\">\n<h2 class=\"has-bleu-color has-text-color\"><strong>4-Sterne-Campingplatz mit Schwimmb\u00e4dern in den Landes, um die Wasseraktivit\u00e4ten zu genie\u00dfen<\/strong><\/h2>\n\n\n\n<p>In Les Landes gibt es viele 4-Sterne-Campinganlagen mit Wasserpark und beheizten Schwimmb\u00e4dern. Entscheiden Sie sich f\u00fcr diese erstklassigen Dienstleistungen und verbringen Sie einen angenehmen Urlaub mit den F\u00fc\u00dfen im Wasser.<\/p>\n\n\n\n<p>Wenn Sie einen Campingplatz mit Swimmingpools ben\u00f6tigen, ist eine Ihrer besten Alternativen der Campingplatz Lou Broustaricq. Unser Campingplatz mit Wasserpark ist der ideale Ort, um die besten Wassersportaktivit\u00e4ten zu genie\u00dfen. Planschbecken, <strong>Rutsche <\/strong>und Wasserspiele &#8211; hier gibt es alles, was das Herz begehrt, um Kinder und Eltern zu erfreuen. Die Schwimmb\u00e4der sind \u00fcberdacht und oft beheizt, ideal f\u00fcr Urlauber.<\/p>\n\n\n\n<p>Nutzen Sie auch die <a href=\"https:\/\/www.lou-broustaricq.com\/de\/aktivitaeten\/\" data-type=\"page\" data-id=\"1075\">Aktivit\u00e4ten<\/a> und Animationen des Campingplatzes mit Kinderclub, Shows, Themenabenden, Wassersportaktivit\u00e4ten etc.<\/p>\n\n\n\n<div class=\"is-layout-flex wp-block-buttons\">\n<div class=\"wp-block-button\"><a class=\"wp-block-button__link wp-element-button\" href=\"https:\/\/www.lou-broustaricq.com\/de\/camping-wasserpark-landeskunde\/\"><span class=\"fc-icon water-regular\"><\/span>  Unser Wasserpark in den Landes<\/a><\/div>\n<\/div>\n<\/div>\n\n\n\n<div class=\"is-layout-flow wp-block-column\">\n<figure class=\"is-layout-flex wp-block-gallery-18 wp-block-gallery has-nested-images columns-default is-cropped fc-diapo fc-full\">\n<figure class=\"wp-block-image size-large fc-auto\"><img decoding=\"async\" width=\"864\" height=\"1024\" src=\"https:\/\/www.lou-broustaricq.com\/wp-content\/uploads\/2023\/10\/3-1-1-864x1024.jpg\" alt=\"\" class=\"wp-image-2380\" srcset=\"https:\/\/www.lou-broustaricq.com\/wp-content\/uploads\/2023\/10\/3-1-1-864x1024.jpg 864w, https:\/\/www.lou-broustaricq.com\/wp-content\/uploads\/2023\/10\/3-1-1-253x300.jpg 253w, https:\/\/www.lou-broustaricq.com\/wp-content\/uploads\/2023\/10\/3-1-1-768x910.jpg 768w, https:\/\/www.lou-broustaricq.com\/wp-content\/uploads\/2023\/10\/3-1-1.jpg 1080w\" sizes=\"(max-width: 864px) 100vw, 864px\" title=\"\"><\/figure>\n<\/figure>\n<\/div>\n<\/div>\n\n\n\n<div class=\"is-layout-flow wp-block-group alignfull diaporama-header L-00\">\n<figure class=\"is-layout-flex wp-block-gallery-22 wp-block-gallery has-nested-images columns-default is-cropped fc-auto\">\n<figure class=\"wp-block-image size-full fc-auto\"><img decoding=\"async\" width=\"1920\" height=\"1281\" src=\"https:\/\/www.lou-broustaricq.com\/wp-content\/uploads\/2023\/10\/beach-g428956b1e_1920-1.jpg\" alt=\"\" class=\"wp-image-2680\" srcset=\"https:\/\/www.lou-broustaricq.com\/wp-content\/uploads\/2023\/10\/beach-g428956b1e_1920-1.jpg 1920w, https:\/\/www.lou-broustaricq.com\/wp-content\/uploads\/2023\/10\/beach-g428956b1e_1920-1-300x200.jpg 300w, https:\/\/www.lou-broustaricq.com\/wp-content\/uploads\/2023\/10\/beach-g428956b1e_1920-1-1024x683.jpg 1024w, https:\/\/www.lou-broustaricq.com\/wp-content\/uploads\/2023\/10\/beach-g428956b1e_1920-1-768x512.jpg 768w, https:\/\/www.lou-broustaricq.com\/wp-content\/uploads\/2023\/10\/beach-g428956b1e_1920-1-1536x1025.jpg 1536w\" sizes=\"(max-width: 1920px) 100vw, 1920px\" title=\"\"><\/figure>\n<\/figure>\n\n\n\n<div class=\"is-layout-flex wp-container-26 wp-block-columns\">\n<div class=\"is-layout-flow wp-block-column has-blanc-background-color has-background\">\n<h2 class=\"h4\">4-Sterne-Campingplatz Landes f\u00fcr einen unvergesslichen Urlaub<\/h2>\n\n\n\n<h3 class=\"h2 has-bleu-color has-text-color\">Urlaub in den Landes, am Meer<\/h3>\n\n\n\n<p>In Les Landes in der Region Nouvelle Aquitaine gibt es nicht nur sch\u00f6ne Seen, sondern auch Seekiefernw\u00e4lder, den Atlantischen Ozean und die herzliche Atmosph\u00e4re des S\u00fcdwestens. Wenn Sie m\u00f6chten, k\u00f6nnen Sie an jedem Tag Ihres Campingurlaubs baden. Alles, was Sie tun m\u00fcssen, ist, eine 4-Sterne-Unterkunft am Meer zu finden. Nat\u00fcrlich gibt es in Les Landes viele solcher Unterk\u00fcnfte.<\/p>\n\n\n\n<p>Sie k\u00f6nnen sich noch f\u00fcr die Mobilheime auf dem Campingplatz Lou Broustaricq entscheiden. Obwohl er einen <strong>direkten Zugang zum Sanguinet-See<\/strong> und nicht zum Meer bietet, ist er dennoch ein Muss. Sie fahren nur wenige Minuten mit dem Auto oder dem Fahrrad zum Strand Ihrer Wahl. Haben Sie den Mut, das Fahrrad auszuprobieren! Ein angenehmes Gef\u00fchl wird Sie \u00fcberkommen, wenn Sie nach einer sch\u00f6nen Wanderung baden gehen.<\/p>\n\n\n\n<p><strong>Die 4-Sterne-Campingpl\u00e4tze Landes<\/strong> sind wunderbare Orte, um sich zu entspannen, Spa\u00df zu haben und sich zu erholen. Von einem einzigen Ort aus haben Sie Zugang zu mehreren anderen Top-Zielen. Wenn Sie unabh\u00e4ngig von Ihrem Budget einen au\u00dfergew\u00f6hnlichen Urlaub verbringen m\u00f6chten, sollten Sie unbedingt einen Abstecher zum <a href=\"https:\/\/www.lou-broustaricq.com\/de\/\" data-type=\"page\" data-id=\"2\">Campingplatz Lou Broustaricq in Sanguinet<\/a> machen.<\/p>\n<\/div>\n\n\n\n<div class=\"is-layout-flow wp-block-column\">\n<h2 class=\"h3\">Genie\u00dfen Sie die Sehensw\u00fcrdigkeiten mit dem Campingplatz Lou Broustaricq in den Landes<\/h2>\n\n\n\n<p>Der Campingplatz Lou Broustaricq befindet sich <strong>im Herzen der Landes<\/strong>. Es ist umgeben vom Wald der Landes und sch\u00f6nen Zielen, die weniger als 30 Minuten entfernt sind, wie das Becken von Arcachon, die Dune du Pilat, Biscarrosse, die Sandstr\u00e4nde von Mimizan, Surfspots etc.<\/p>\n\n\n\n<div class=\"wp-block-fc-gut-lire-plus fc-desk\"><p class=\"has-text-align-left btn-lire-plus\">Mehr lesen<\/p>\n<h3 class=\"h4\">Das Becken von Arcachon<\/h3>\n\n\n\n<p>Arcachon ist ein Becken, das aus sch\u00f6nen Naturschaupl\u00e4tzen besteht. Wenn Sie in der Saison richtig baden wollen, fahren Sie nach Andernos-les-Bains. Wenn Sie die Meeresstr\u00f6mungen und die Vogelbeobachtung m\u00f6gen, gehen Sie einfach zur Banc d&#8217;Arguin.<\/p>\n\n\n\n<h3 class=\"h4\">Biscarrosse<\/h3>\n\n\n\n<p>Biscarrosse ist eine wundersch\u00f6ne Stadt, die \u00fcber mehrere Str\u00e4nde am Meer und am See verf\u00fcgt. Die sch\u00f6nsten Str\u00e4nde in dieser Region sind der Strand von Sainte-Eulalie-en-Born, der Strand von Navarrosse und der Strand von Sanguinet. Sie werden eine sch\u00f6ne Zeit auf diesen weiten Fl\u00e4chen feinen Sandes verbringen, w\u00e4hrend Sie einen ausgezeichneten Aperitif und zahlreiche Unterhaltungsangebote genie\u00dfen.<\/p>\n<\/div>\n<\/div>\n<\/div>\n<\/div>\n","protected":false},"excerpt":{"rendered":"<p>Campingplatz Lou Broustaricq in Sanguinet Campingplatz Landes 4 Sterne Das ideale Reiseziel f\u00fcr einen Campingurlaub mit der Familie Lieben Sie die Natur, Wasseraktivit\u00e4ten, Gastronomie oder Kultur? Les Landes empf\u00e4ngt Sie majest\u00e4tisch in einer nat\u00fcrlichen Umgebung und einem gro\u00dfen gesch\u00fctzten Raum. Hier finden Sie atemberaubende Unterk\u00fcnfte und Fl\u00e4chen, wie zum Beispiel unseren Campingplatz Lou Broustaricq in [&hellip;]<\/p>\n","protected":false},"author":1,"featured_media":0,"parent":0,"menu_order":0,"comment_status":"closed","ping_status":"closed","template":"","meta":[],"acf":[],"_links":{"self":[{"href":"https:\/\/www.lou-broustaricq.com\/de\/wp-json\/wp\/v2\/pages\/4008"}],"collection":[{"href":"https:\/\/www.lou-broustaricq.com\/de\/wp-json\/wp\/v2\/pages"}],"about":[{"href":"https:\/\/www.lou-broustaricq.com\/de\/wp-json\/wp\/v2\/types\/page"}],"author":[{"embeddable":true,"href":"https:\/\/www.lou-broustaricq.com\/de\/wp-json\/wp\/v2\/users\/1"}],"replies":[{"embeddable":true,"href":"https:\/\/www.lou-broustaricq.com\/de\/wp-json\/wp\/v2\/comments?post=4008"}],"version-history":[{"count":2,"href":"https:\/\/www.lou-broustaricq.com\/de\/wp-json\/wp\/v2\/pages\/4008\/revisions"}],"predecessor-version":[{"id":4347,"href":"https:\/\/www.lou-broustaricq.com\/de\/wp-json\/wp\/v2\/pages\/4008\/revisions\/4347"}],"wp:attachment":[{"href":"https:\/\/www.lou-broustaricq.com\/de\/wp-json\/wp\/v2\/media?parent=4008"}],"curies":[{"name":"wp","href":"https:\/\/api.w.org\/{rel}","templated":true}]}}