{"id":3977,"date":"2023-10-19T10:33:09","date_gmt":"2023-10-19T08:33:09","guid":{"rendered":"https:\/\/www.lou-broustaricq.com\/camping-lac-de-sanguinet\/"},"modified":"2023-11-24T11:31:31","modified_gmt":"2023-11-24T10:31:31","slug":"camping-lac-de-sanguinet","status":"publish","type":"page","link":"https:\/\/www.lou-broustaricq.com\/de\/camping-lac-de-sanguinet\/","title":{"rendered":"Entdecken Sie den See von Sanguinet in den Landes"},"content":{"rendered":"\n<div class=\"is-layout-flow wp-block-group alignfull diaporama-header\">\n<figure class=\"is-layout-flex wp-block-gallery-1 wp-block-gallery has-nested-images columns-default is-cropped fc-auto\">\n<figure class=\"wp-block-image size-full fc-auto\"><img decoding=\"async\" width=\"1920\" height=\"1080\" src=\"https:\/\/www.lou-broustaricq.com\/wp-content\/uploads\/2023\/10\/Vuelac.jpg\" alt=\"\" class=\"wp-image-94\" srcset=\"https:\/\/www.lou-broustaricq.com\/wp-content\/uploads\/2023\/10\/Vuelac.jpg 1920w, https:\/\/www.lou-broustaricq.com\/wp-content\/uploads\/2023\/10\/Vuelac-300x169.jpg 300w, https:\/\/www.lou-broustaricq.com\/wp-content\/uploads\/2023\/10\/Vuelac-1024x576.jpg 1024w, https:\/\/www.lou-broustaricq.com\/wp-content\/uploads\/2023\/10\/Vuelac-768x432.jpg 768w, https:\/\/www.lou-broustaricq.com\/wp-content\/uploads\/2023\/10\/Vuelac-1536x864.jpg 1536w\" sizes=\"(max-width: 1920px) 100vw, 1920px\" title=\"\"><\/figure>\n<\/figure>\n<\/div>\n\n\n\n<div class=\"is-layout-flex wp-container-8 wp-block-columns reverse-mob L-10\">\n<div class=\"is-layout-flow wp-block-column\">\n<figure class=\"is-layout-flex wp-block-gallery-4 wp-block-gallery has-nested-images columns-default is-cropped fc-diapo fc-full\">\n<figure class=\"wp-block-image size-full fc-auto\"><img decoding=\"async\" width=\"1000\" height=\"683\" src=\"https:\/\/www.lou-broustaricq.com\/wp-content\/uploads\/2023\/10\/vue-aerienne-lac1.jpg\" alt=\"\" class=\"wp-image-3168\" srcset=\"https:\/\/www.lou-broustaricq.com\/wp-content\/uploads\/2023\/10\/vue-aerienne-lac1.jpg 1000w, https:\/\/www.lou-broustaricq.com\/wp-content\/uploads\/2023\/10\/vue-aerienne-lac1-300x205.jpg 300w, https:\/\/www.lou-broustaricq.com\/wp-content\/uploads\/2023\/10\/vue-aerienne-lac1-768x525.jpg 768w\" sizes=\"(max-width: 1000px) 100vw, 1000px\" title=\"\"><\/figure>\n<\/figure>\n<\/div>\n\n\n\n<div class=\"is-layout-flow wp-block-column col-texte\">\n<h1 class=\"h3\">Entdecken Sie den See von Sanguinet in den Landes<\/h1>\n\n\n\n<p class=\"h1 has-bleu-color has-text-color\">Camping am See von Sanguinet<\/p>\n\n\n\n<p>Entdecken Sie den Lac du Sanguinet, einen der gr\u00f6\u00dften Seen Frankreichs, ein unber\u00fchrtes Gebiet, das von den f\u00fcr die Region typischen Kiefernw\u00e4ldern umgeben ist.<\/p>\n\n\n\n<h2 class=\"h4\">Rund um den See von Sanguinet<\/h2>\n\n\n\n<p>Entlang des Sees gibt es zahlreiche Wanderwege, auf denen du spazieren gehen kannst, und Fahrradwege f\u00fchren um den See herum. Ob gem\u00fctliche Spazierg\u00e4nge mit der Familie oder sportliche Ausfl\u00fcge mit dem Mountainbike, es gibt f\u00fcr jede Praxis und jeden Geschmack etwas.<\/p>\n\n\n\n<p>Sie haben kein Fahrrad dabei?<br>Keine Sorge, in der N\u00e4he des Sees finden Sie Verleihstellen.<br>F\u00fcr Pferdeliebhaber gibt es auch ein Reitzentrum, das Ihnen einen Ausritt auf dem Pferder\u00fccken um den See anbietet.<\/p>\n<\/div>\n<\/div>\n\n\n\n<div class=\"is-layout-flex wp-container-13 wp-block-columns L-10\">\n<div class=\"is-layout-flow wp-block-column col-texte\">\n<h2 class=\"has-marron-color has-text-color\">Lac de Sanguinet: <span class=\"fc-span\">Strand und Farniente<\/span><\/h2>\n\n\n\n<p>Am See von Sanguinet gibt es zwei Str\u00e4nde: den Strand Pavillon und den Strand Caton. Damit Sie in aller Ruhe baden k\u00f6nnen, werden beide Str\u00e4nde im Sommer \u00fcberwacht.<br>Die Str\u00e4nde sind von vielen B\u00e4umen ges\u00e4umt, die Sie vor der Sonne sch\u00fctzen. Denken Sie trotzdem daran, Ihre Tube Sonnencreme mitzunehmen, da die Sonne im Sommer stark brennt.<\/p>\n\n\n\n<h3 class=\"h4\">Welches ist der sch\u00f6nste Strand am See von Sanguinet?<\/h3>\n\n\n\n<p>Der Strand von Caton ist ein sch\u00f6ner Sandstrand in einem gesch\u00fctzten Naturgebiet, der von Pinien gesch\u00fctzt wird.<\/p>\n\n\n\n<p>Er wird im Juli und August bewacht, ist behindertengerecht und verf\u00fcgt \u00fcber eine Erste-Hilfe-Station, ein Bar-Snack-Restaurant und einen Picknickplatz &#8211; alles, was man braucht, um sich den ganzen Tag lang entspannen zu k\u00f6nnen.<\/p>\n\n\n\n<h3 class=\"h4\">Baden im See von Sanguinet<\/h3>\n\n\n\n<p>Der See von Sanguinet ist ideal zum Baden mit der ganzen Familie. Das Wasser des Sees ist sanft abfallend, flach und ruhig, ideal f\u00fcr ein sicheres Schwimmen mit kleinen Kindern!<\/p>\n\n\n\n<p>Die Wassertemperatur erreicht im Sommer oft 28 \u00b0C, sodass man leicht ins Wasser gehen und eine sch\u00f6ne Zeit verbringen kann. Stellen Sie sich einen Traumtag zwischen Schwimmen im angenehmen Wasser, einem kleinen Picknick unter Pinien und einem kleinen Eis zur Erfrischung vor.<\/p>\n<\/div>\n\n\n\n<div class=\"is-layout-flow wp-block-column\">\n<figure class=\"is-layout-flex wp-block-gallery-10 wp-block-gallery has-nested-images columns-default is-cropped fc-diapo fc-full\">\n<figure class=\"wp-block-image size-large fc-auto\"><img decoding=\"async\" width=\"1024\" height=\"683\" src=\"https:\/\/www.lou-broustaricq.com\/wp-content\/uploads\/2023\/10\/beach-ga1e66406d_1920-1-1024x683.jpg\" alt=\"\" class=\"wp-image-3172\" srcset=\"https:\/\/www.lou-broustaricq.com\/wp-content\/uploads\/2023\/10\/beach-ga1e66406d_1920-1-1024x683.jpg 1024w, https:\/\/www.lou-broustaricq.com\/wp-content\/uploads\/2023\/10\/beach-ga1e66406d_1920-1-300x200.jpg 300w, https:\/\/www.lou-broustaricq.com\/wp-content\/uploads\/2023\/10\/beach-ga1e66406d_1920-1-768x512.jpg 768w, https:\/\/www.lou-broustaricq.com\/wp-content\/uploads\/2023\/10\/beach-ga1e66406d_1920-1-1536x1024.jpg 1536w, https:\/\/www.lou-broustaricq.com\/wp-content\/uploads\/2023\/10\/beach-ga1e66406d_1920-1.jpg 1920w\" sizes=\"(max-width: 1024px) 100vw, 1024px\" title=\"\"><\/figure>\n<\/figure>\n<\/div>\n<\/div>\n\n\n\n<div class=\"is-layout-constrained wp-block-group L-20 has-bleu-fonce-background-color has-background\">\n<h2 class=\"has-text-align-center h4\">Was kann man am Lac de Sanguinet unternehmen?<\/h2>\n\n\n\n<p class=\"has-text-align-center h2 has-marron-color has-text-color\">Aktivit\u00e4ten am See<\/p>\n\n\n\n<p class=\"has-text-align-center\">Neben dem Faulenzen am Strand und dem Schwimmen bietet der See zahlreiche Wassersportaktivit\u00e4ten. Hier gibt es einen Wassersportclub, in dem Sie mit der ganzen Familie Stand-up-Paddling, Einbaumfahren, Kanu- und Kajakfahren, Wave-Rafting, Tauchen oder Tretbootfahren betreiben k\u00f6nnen. Sie k\u00f6nnen auch einen Windsurfkurs belegen oder im Segelclub von Sanguinet verschiedene Arten von Booten mieten.<\/p>\n\n\n\n<p class=\"has-text-align-center\">Auch das Kulturerbe kommt am Lac de Sanguinet nicht zu kurz. Versunkene D\u00f6rfer und arch\u00e4ologische Funde, die \u00fcber 3000 Jahre alt sind, wurden hier entdeckt! Das Seemuseum, das als Museum Frankreichs ausgezeichnet ist, zeigt Ihnen 50 Jahre arch\u00e4ologische Ausgrabungen und hilft Ihnen, das Leben der Menschen zu verstehen, die sich 2000 Jahre lang am See angesiedelt haben.<\/p>\n\n\n\n<div class=\"wp-block-fc-gut-lire-plus fc-desk\"><p class=\"has-text-align-center btn-lire-plus\">Mehr lesen<\/p>\n<h3 class=\"has-text-align-center\">Angeln am See von Sanguinet<\/h3>\n\n\n\n<p class=\"has-text-align-center\">Mit einer Fl\u00e4che von 5500 Hektar bietet der See jedem die M\u00f6glichkeit, einen Spot zu finden, an dem er in Ruhe angeln kann.<\/p>\n\n\n\n<p class=\"has-text-align-center\">Hier kommen zahlreiche Arten vor: Hechte, Karpfen, Zander, Forellen, Schleien, Schwarzbarsche und andere. Um am See angeln zu k\u00f6nnen, ben\u00f6tigen Sie eine Angelkarte, die Sie im Angelladen kaufen k\u00f6nnen.<\/p>\n<\/div>\n\n\n\n<figure class=\"is-layout-flex wp-block-gallery-14 wp-block-gallery has-nested-images columns-4 is-cropped fc-auto\">\n<figure class=\"wp-block-image size-large fc-auto\"><img decoding=\"async\" width=\"864\" height=\"1024\" src=\"https:\/\/www.lou-broustaricq.com\/wp-content\/uploads\/2023\/10\/IMG_12072-864x1024.jpg\" alt=\"\" class=\"wp-image-729\" srcset=\"https:\/\/www.lou-broustaricq.com\/wp-content\/uploads\/2023\/10\/IMG_12072-864x1024.jpg 864w, https:\/\/www.lou-broustaricq.com\/wp-content\/uploads\/2023\/10\/IMG_12072-253x300.jpg 253w, https:\/\/www.lou-broustaricq.com\/wp-content\/uploads\/2023\/10\/IMG_12072-768x910.jpg 768w, https:\/\/www.lou-broustaricq.com\/wp-content\/uploads\/2023\/10\/IMG_12072.jpg 1080w\" sizes=\"(max-width: 864px) 100vw, 864px\" title=\"\"><\/figure>\n\n\n\n<figure class=\"wp-block-image size-full fc-auto\"><img decoding=\"async\" width=\"718\" height=\"852\" src=\"https:\/\/www.lou-broustaricq.com\/wp-content\/uploads\/2023\/10\/windsurfing-g9a5862534_1280.jpg\" alt=\"\" class=\"wp-image-2214\" srcset=\"https:\/\/www.lou-broustaricq.com\/wp-content\/uploads\/2023\/10\/windsurfing-g9a5862534_1280.jpg 718w, https:\/\/www.lou-broustaricq.com\/wp-content\/uploads\/2023\/10\/windsurfing-g9a5862534_1280-253x300.jpg 253w\" sizes=\"(max-width: 718px) 100vw, 718px\" title=\"\"><\/figure>\n\n\n\n<figure class=\"wp-block-image size-full fc-auto\"><img decoding=\"async\" width=\"516\" height=\"612\" src=\"https:\/\/www.lou-broustaricq.com\/wp-content\/uploads\/2023\/10\/lac-loubroustaricq.jpg\" alt=\"\" class=\"wp-image-2070\" srcset=\"https:\/\/www.lou-broustaricq.com\/wp-content\/uploads\/2023\/10\/lac-loubroustaricq.jpg 516w, https:\/\/www.lou-broustaricq.com\/wp-content\/uploads\/2023\/10\/lac-loubroustaricq-253x300.jpg 253w\" sizes=\"(max-width: 516px) 100vw, 516px\" title=\"\"><\/figure>\n\n\n\n<figure class=\"wp-block-image size-full fc-auto\"><img decoding=\"async\" width=\"800\" height=\"500\" src=\"https:\/\/www.lou-broustaricq.com\/wp-content\/uploads\/2023\/10\/jeux-lutte.jpg\" alt=\"\" class=\"wp-image-2527\" srcset=\"https:\/\/www.lou-broustaricq.com\/wp-content\/uploads\/2023\/10\/jeux-lutte.jpg 800w, https:\/\/www.lou-broustaricq.com\/wp-content\/uploads\/2023\/10\/jeux-lutte-300x188.jpg 300w, https:\/\/www.lou-broustaricq.com\/wp-content\/uploads\/2023\/10\/jeux-lutte-768x480.jpg 768w\" sizes=\"(max-width: 800px) 100vw, 800px\" title=\"\"><\/figure>\n<\/figure>\n\n\n\n<div class=\"is-content-justification-center is-layout-flex wp-container-16 wp-block-buttons\">\n<div class=\"wp-block-button fc-style-1\"><a class=\"wp-block-button__link wp-element-button\" href=\"https:\/\/www.lou-broustaricq.com\/de\/aktivitaeten\/\"><span class=\"fc-icon volleyball-regular\"><\/span>  Entdecken Sie die Aktivit\u00e4ten<\/a><\/div>\n<\/div>\n<\/div>\n\n\n\n<div class=\"is-layout-flex wp-container-22 wp-block-columns reverse-mob L-10\">\n<div class=\"is-layout-flow wp-block-column\">\n<figure class=\"is-layout-flex wp-block-gallery-18 wp-block-gallery has-nested-images columns-default is-cropped fc-diapo fc-full\">\n<figure class=\"wp-block-image size-large fc-auto\"><img decoding=\"async\" width=\"683\" height=\"1024\" src=\"https:\/\/www.lou-broustaricq.com\/wp-content\/uploads\/2023\/10\/La-Teste-de-Buch-scaled-1-683x1024.jpg\" alt=\"\" class=\"wp-image-3090\" srcset=\"https:\/\/www.lou-broustaricq.com\/wp-content\/uploads\/2023\/10\/La-Teste-de-Buch-scaled-1-683x1024.jpg 683w, https:\/\/www.lou-broustaricq.com\/wp-content\/uploads\/2023\/10\/La-Teste-de-Buch-scaled-1-200x300.jpg 200w, https:\/\/www.lou-broustaricq.com\/wp-content\/uploads\/2023\/10\/La-Teste-de-Buch-scaled-1-768x1151.jpg 768w, https:\/\/www.lou-broustaricq.com\/wp-content\/uploads\/2023\/10\/La-Teste-de-Buch-scaled-1-1025x1536.jpg 1025w, https:\/\/www.lou-broustaricq.com\/wp-content\/uploads\/2023\/10\/La-Teste-de-Buch-scaled-1.jpg 1366w\" sizes=\"(max-width: 683px) 100vw, 683px\" title=\"\"><\/figure>\n<\/figure>\n<\/div>\n\n\n\n<div class=\"is-layout-flow wp-block-column col-texte has-marron-clair-background-color has-background\">\n<h2 class=\"has-marron-color has-text-color\">Aufenthalt am See von Sanguinet auf einem Campingplatz<\/h2>\n\n\n\n<p>Viele Campingpl\u00e4tze haben sich daf\u00fcr entschieden, ihre T\u00fcren in Sanguinet zu \u00f6ffnen, und wenn man sie besucht, versteht man schnell, warum.<\/p>\n\n\n\n<p>F\u00fcr einen gelungenen Familienurlaub sollten Sie einen Campingplatz am See von Sanguinet w\u00e4hlen, der 3 bis 5 Sterne hat. Alle diese Campingpl\u00e4tze verf\u00fcgen \u00fcber zahlreiche Dienstleistungen und Aktivit\u00e4ten: Animationen, <a href=\"https:\/\/www.lou-broustaricq.com\/de\/camping-wasserpark-landeskunde\/\" data-type=\"page\" data-id=\"1044\">Schwimmb\u00e4der<\/a>, ja sogar Wasserparks! Sie k\u00f6nnen sogar einen Campingplatz mit direktem Zugang zum See von Sanguinet w\u00e4hlen, um in den Genuss einer idyllischen Umgebung zu kommen.<\/p>\n\n\n\n<p>\u00dcbernachten Sie in einem<a href=\"https:\/\/www.lou-broustaricq.com\/de\/unterkunft\/\" data-type=\"page\" data-id=\"1040\"> Mobilheim<\/a> oder auf einem Stellplatz auf dem Campingplatz Lou Broustaricq. Jetzt, da Sie mehr \u00fcber die Vorz\u00fcge und Aktivit\u00e4ten des Sees wissen, m\u00fcssen Sie nur noch Ihre Campingausr\u00fcstung f\u00fcr einen geselligen Campingaufenthalt am See von Sanguinet zusammenstellen!<\/p>\n\n\n\n<p>Auf ins Vergn\u00fcgen mit Wasser und gr\u00fcner Natur!<\/p>\n<\/div>\n<\/div>\n","protected":false},"excerpt":{"rendered":"<p>Entdecken Sie den See von Sanguinet in den Landes Camping am See von Sanguinet Entdecken Sie den Lac du Sanguinet, einen der gr\u00f6\u00dften Seen Frankreichs, ein unber\u00fchrtes Gebiet, das von den f\u00fcr die Region typischen Kiefernw\u00e4ldern umgeben ist. Rund um den See von Sanguinet Entlang des Sees gibt es zahlreiche Wanderwege, auf denen du spazieren [&hellip;]<\/p>\n","protected":false},"author":1,"featured_media":0,"parent":0,"menu_order":0,"comment_status":"closed","ping_status":"closed","template":"","meta":[],"acf":[],"_links":{"self":[{"href":"https:\/\/www.lou-broustaricq.com\/de\/wp-json\/wp\/v2\/pages\/3977"}],"collection":[{"href":"https:\/\/www.lou-broustaricq.com\/de\/wp-json\/wp\/v2\/pages"}],"about":[{"href":"https:\/\/www.lou-broustaricq.com\/de\/wp-json\/wp\/v2\/types\/page"}],"author":[{"embeddable":true,"href":"https:\/\/www.lou-broustaricq.com\/de\/wp-json\/wp\/v2\/users\/1"}],"replies":[{"embeddable":true,"href":"https:\/\/www.lou-broustaricq.com\/de\/wp-json\/wp\/v2\/comments?post=3977"}],"version-history":[{"count":2,"href":"https:\/\/www.lou-broustaricq.com\/de\/wp-json\/wp\/v2\/pages\/3977\/revisions"}],"predecessor-version":[{"id":4356,"href":"https:\/\/www.lou-broustaricq.com\/de\/wp-json\/wp\/v2\/pages\/3977\/revisions\/4356"}],"wp:attachment":[{"href":"https:\/\/www.lou-broustaricq.com\/de\/wp-json\/wp\/v2\/media?parent=3977"}],"curies":[{"name":"wp","href":"https:\/\/api.w.org\/{rel}","templated":true}]}}